{"id":100,"date":"2016-09-16T22:42:14","date_gmt":"2016-09-16T20:42:14","guid":{"rendered":"http:\/\/www.gopsolesno.pl\/?page_id=100"},"modified":"2024-02-02T13:51:47","modified_gmt":"2024-02-02T12:51:47","slug":"przeciwdzialanie-przemocy-w-rodzinie","status":"publish","type":"page","link":"http:\/\/www.gopsolesno.pl\/?page_id=100","title":{"rendered":"PRZECIWDZIA\u0141ANIE PRZEMOCY DOMOWEJ"},"content":{"rendered":"<p><a href=\"https:\/\/powiatdabrowski.pl\/files\/content\/Informator\/Informator_teleadresowy_2022.pdf\">INFORMATOR lipiec 2022 -BAZA TELEADRESOWA PODMIOT\u00d3W ORAZ ORGANIZACJI POZARZ\u0104DOWYCH REALIZUJ\u0104CYCH ODDZIA\u0141YWANIA WOBEC OS\u00d3B STOSUJ\u0104CYCH PRZEMOC W RODZINIE<\/a><\/p>\n\n\n<p><a href=\"http:\/\/www.gopsolesno.pl\/wpgops\/wp-content\/uploads\/2016\/09\/przemoc.pdf\">Og\u0142oszenie w zwi\u0105zku z organizowanym &#8222;Tygodniem Pomocy Osobom Pokrzywdzonym Przest\u0119pstwem&#8221;<\/a><\/p>\n\n\n\n<div class=\"wp-block-group is-vertical is-layout-flex wp-container-core-group-is-layout-8cf370e7 wp-block-group-is-layout-flex\">\n<div data-wp-interactive=\"core\/file\" class=\"wp-block-file\"><object data-wp-bind--hidden=\"!state.hasPdfPreview\" hidden class=\"wp-block-file__embed\" data=\"http:\/\/www.gopsolesno.pl\/wp-content\/uploads\/2024\/02\/STOP-PRZEMOCY.pdf\" type=\"application\/pdf\" style=\"width:100%;height:600px\" aria-label=\"Osadzone z STOP-PRZEMOCY.\"><\/object><a id=\"wp-block-file--media-10c53997-6f90-4f7c-9dc9-23bcbeb9dc07\" href=\"http:\/\/www.gopsolesno.pl\/wp-content\/uploads\/2024\/02\/STOP-PRZEMOCY.pdf\">STOP-PRZEMOCY<\/a><a href=\"http:\/\/www.gopsolesno.pl\/wp-content\/uploads\/2024\/02\/STOP-PRZEMOCY.pdf\" class=\"wp-block-file__button wp-element-button\" download aria-describedby=\"wp-block-file--media-10c53997-6f90-4f7c-9dc9-23bcbeb9dc07\">Pobierz<\/a><\/div>\n<\/div>\n\n\n\n<figure class=\"wp-block-image\"><img loading=\"lazy\" decoding=\"async\" width=\"1531\" height=\"1682\" src=\"http:\/\/www.gopsolesno.pl\/wpgops\/wp-content\/uploads\/2016\/09\/skanowanie0004-1.jpg\" alt=\"Plakat - MITY NA TEMAT PRZEMOCY, CO MO\u017bESZ ZROBI\u0106, KIEDY DO\u015aWIADCZASZ PRZEMOCY?\" class=\"wp-image-187\" srcset=\"http:\/\/www.gopsolesno.pl\/wp-content\/uploads\/2016\/09\/skanowanie0004-1.jpg 1531w, http:\/\/www.gopsolesno.pl\/wp-content\/uploads\/2016\/09\/skanowanie0004-1-273x300.jpg 273w, http:\/\/www.gopsolesno.pl\/wp-content\/uploads\/2016\/09\/skanowanie0004-1-768x844.jpg 768w, http:\/\/www.gopsolesno.pl\/wp-content\/uploads\/2016\/09\/skanowanie0004-1-932x1024.jpg 932w, http:\/\/www.gopsolesno.pl\/wp-content\/uploads\/2016\/09\/skanowanie0004-1-624x686.jpg 624w\" sizes=\"auto, (max-width: 1531px) 100vw, 1531px\" \/><\/figure>\n\n\n\n<p><\/p>\n\n\n\n<p><strong>Przemoc w rodzinie to sprawa prywatna i nie nale\u017cy si\u0119 do niej wtr\u0105ca\u0107<br> NIEPRAWDA<\/strong><\/p>\n\n\n\n<p>Przemoc, wykorzystywanie, bicie, krzywdzenie os\u00f3b bliskich jest przest\u0119pstwem, tak samo gro\u017anym i podlegaj\u0105cym karze jak przemoc wobec obcych. Wsp\u00f3lne zamieszkiwanie nie daje ni\u00adkomu prawa do stosowania przemocy, nie zwalnia z odpowiedzialno\u015bci prawnej.<\/p>\n\n\n\n<p><strong>Przemoc jest wtedy gdy s\u0105 widoczne \u015blady<br> NIEPRAWDA<\/strong><\/p>\n\n\n\n<p>Nie trzeba mie\u0107 siniak\u00f3w i z\u0142amanych ko\u015bci, aby by\u0107 ofiara przemocy domowej. Ponizanie, obelgi czy zaniedbanie bol\u0105 tak samo jak bicie.<\/p>\n\n\n\n<p><strong>Przemoc dotyczy tylko marginesu spo\u0142ecznego<br> NIEPRAWDA<\/strong><\/p>\n\n\n\n<p>Przemoc wyst\u0119puje we wszystkich grupach spo\u0142ecznych, niezale\u017cnie od wykszta\u0142cenia czy sytuacji materialnej.<\/p>\n\n\n\n<p><strong>Osoby do\u015bwiadczaj\u0105ce przemocy akceptuj\u0105 j\u0105<br> NIEPRAWDA<\/strong><\/p>\n\n\n\n<p>Ofiary przemocy w rodzinie nie chc\u0105 by\u0107 \u017ale traktowane przez swoich bliskich.  Ofiary zawsze pr\u00f3buj\u0105 si\u0119 broni\u0107, ich dzia\u0142ania s\u0105 jednak ma\u0142o skuteczne. Nieracjonalne strategie obronne, w konsekwencji powoduj\u0105 nasilenie przemocy.<\/p>\n\n\n\n<p><strong>Przemoc, jako jednorazowy incydent nigdy si\u0119 nie powt\u00f3rzy<br> NIEPRAWDA<\/strong><\/p>\n\n\n\n<p>Przemoc niemal nigdy nie jest pojedynczym wydarzeniem. Przemoc ma tendencj\u0119 do powtarzania i nasila si\u0119 z czasem. Nie wolno biernie czeka\u0107 i \u0142udzi\u0107 si\u0119 \u017ce przemoc sama si\u0119 sko\u0144czy.<\/p>\n\n\n\n<p><strong>Przyczyna przemocy jest alkohol<br> NIEPRAWDA<\/strong><\/p>\n\n\n\n<p>Uzale\u017cnienie od alkoholu nie zwalnia od odpowiedzialno\u015bci za dzia\u0142ania dokonane pod jego wp\u0142ywem. Cz\u0119sto sprawcy przemocy usprawiedliwiaj\u0105 swoje zachowanie  problemem alkoholowym by unikn\u0105\u0107 odpowiedzialno\u015bci.<\/p>\n\n\n\n<p><strong>Nie mo\u017cna zmieni\u0107 swojego losu<br> NIEPRAWDA<\/strong><\/p>\n\n\n\n<p>Nawet po wielu latach mo\u017cna przerwa\u0107 przemoc. Nigdy nie jest za p\u00f3\u017ano, aby powiedzie\u0107 NIE.<\/p>\n\n\n\n<hr class=\"wp-block-separator has-css-opacity\"\/>\n\n\n\n<p>Co mo\u017cesz zrobi\u0107, kiedy do\u015bwiadczasz przemocy?<\/p>\n\n\n\n<ul class=\"wp-block-list\">\n<li>Porozmawiaj z kim\u015b, komu ufasz &#8211; prze\u0142am milczenie. Zwr\u00f3\u0107 si\u0119 o pomoc do przyjaci\u00f3\u0142, rodziny, s\u0105siad\u00f3w. Nie wstyd\u017a si\u0119. Za przemoc odpowiedzialny jest ten, kto Ci\u0119 krzywdzi, a nie Ty.<\/li>\n\n\n\n<li>Nie usprawiedliwiaj przemocy &#8211; Nikt nie ma prawa Ci\u0119 krzywdzi\u0107. Przemoc jest przest\u0119pstwem na kt\u00f3re nale\u017cy reagowa\u0107.<\/li>\n\n\n\n<li>Szukaj pomocy u specjalist\u00f3w &#8211; Zwr\u00f3\u0107 si\u0119 o pomoc do specjalist\u00f3w zatrudnionych w o\u015brodkach pomocy spo\u0142ecznej, powiatowego centrum pomocy rodzinie, punktu interwencji kryzysowej, punkt\u00f3w konsultacyjnych (baza adresowa znajduje si\u0119 na ostatniej stronie ulotki).<\/li>\n\n\n\n<li>Wzywaj policj\u0119 (997 lub 112) &#8211; w ka\u017cdej sytuacji zagro\u017cenia &#8211; za ka\u017cdym razem domagaj si\u0119 wype\u0142nienia Niebieskiej Karty. Masz prawo do zapewnienia bezpiecze\u0144stwa.<\/li>\n\n\n\n<li>Uwierz, \u017ce masz si\u0142y aby zmieni\u0107 swoje \u017cycie. Przy wsparciu specjalist\u00f3w pokonasz przemoc i zapewnisz bezpiecze\u0144stwo i spok\u00f3j dla siebie i swoich najbli\u017cszych.<\/li>\n<\/ul>\n\n\n\n<figure class=\"wp-block-image\"><a href=\"http:\/\/www.gopsolesno.pl\/wpgops\/wp-content\/uploads\/2016\/09\/Scan-1.jpg\"><img loading=\"lazy\" decoding=\"async\" width=\"304\" height=\"597\" src=\"http:\/\/www.gopsolesno.pl\/wpgops\/wp-content\/uploads\/2016\/09\/Scan-1.jpg\" alt=\"Ulotka - O\u015brodek pomocy dla os\u00f3b pokrzywdzonych przest\u0119pstwem\" class=\"wp-image-607\" srcset=\"http:\/\/www.gopsolesno.pl\/wp-content\/uploads\/2016\/09\/Scan-1.jpg 304w, http:\/\/www.gopsolesno.pl\/wp-content\/uploads\/2016\/09\/Scan-1-153x300.jpg 153w\" sizes=\"auto, (max-width: 304px) 100vw, 304px\" \/><\/a><\/figure>\n\n\n\n<p>O\u015brodek pomocy dla os\u00f3b pokrzywdzonych przest\u0119pstwem<\/p>\n\n\n\n<p>ul. Szpitalna 1, 33-200 D\u0105browa Tarnowska (by\u0142y hotel piel\u0119gniarek)<\/p>\n\n\n\n<p>14 641 02 05 lub 14 642 44 15<\/p>\n\n\n\n<p>504 704 933 lub 12 421 22 88<\/p>\n\n\n\n<p>W o\u015brodku mo\u017cna otrzyma\u0107 bezp\u0142atn\u0105 pomoc:<\/p>\n\n\n\n<p>Pracownik Pierwszego Kontaktu:<\/p>\n\n\n\n<p>poniedzia\u0142ek, wtorek, czwartek, pi\u0105tek: 8.00-15.00<\/p>\n\n\n\n<p>\u015broda: 13.00-20.00<\/p>\n\n\n\n<p>sobota: 8.00-12.00<\/p>\n\n\n\n<p>Psycholog i Prawnik &#8211; po wcze\u015bniejszym ustaleniu godziny z pracownikiem pierwszego kontaktu.<\/p>\n\n\n\n<figure class=\"wp-block-image\"><img loading=\"lazy\" decoding=\"async\" width=\"774\" height=\"1592\" src=\"http:\/\/www.gopsolesno.pl\/wpgops\/wp-content\/uploads\/2016\/09\/skanowanie0015.jpg\" alt=\"cz\u0119\u015b\u0107 dalsza ulotki - Oferta O\u015brodka\" class=\"wp-image-186\" srcset=\"http:\/\/www.gopsolesno.pl\/wp-content\/uploads\/2016\/09\/skanowanie0015.jpg 774w, http:\/\/www.gopsolesno.pl\/wp-content\/uploads\/2016\/09\/skanowanie0015-146x300.jpg 146w, http:\/\/www.gopsolesno.pl\/wp-content\/uploads\/2016\/09\/skanowanie0015-768x1580.jpg 768w, http:\/\/www.gopsolesno.pl\/wp-content\/uploads\/2016\/09\/skanowanie0015-498x1024.jpg 498w, http:\/\/www.gopsolesno.pl\/wp-content\/uploads\/2016\/09\/skanowanie0015-624x1283.jpg 624w\" sizes=\"auto, (max-width: 774px) 100vw, 774px\" \/><\/figure>\n\n\n\n<p>Oferta o\u015brodka:<\/p>\n\n\n\n<ul class=\"wp-block-list\">\n<li>Specjalistyczna pomoc prawna<\/li>\n\n\n\n<li>Specjalistyczna pomoc psychologiczna (w tym psychoterapia oraz dost\u0119p do osoby pierwszego kontaktu)<\/li>\n\n\n\n<li>Pokrywanie koszt\u00f3w zwi\u0105zanych z edukacj\u0105 og\u00f3lnokszta\u0142c\u0105c\u0105 i zawodow\u0105, tak\u017ce na zasadach indywidualnego kszta\u0142cenia<\/li>\n\n\n\n<li>Pokrywanie koszt\u00f3w \u015bwiadcze\u0144 zdrowotnych, wyrob\u00f3w medycznych, w tym przedmiot\u00f3w ortopedycznych oraz \u015brodk\u00f3w pomocniczych<\/li>\n\n\n\n<li>Pokrywanie koszt\u00f3w czasowego zakwaterowania<\/li>\n\n\n\n<li>Finansowanie okresowych dop\u0142at do bie\u017c\u0105cych zobowi\u0105za\u0144 czynszowych za lokal mieszkalny, do kt\u00f3rego osoba uprawniona posiada tytu\u0142 prawny, a lokal mieszkalny nie jest u\u017cytkowany przez inne osoby<\/li>\n\n\n\n<li>Dostosowanie lokalu mieszkalnego lub budynku mieszkalnego do potrzeb osoby pokrzywdzonej przest\u0119pstwem w przypadku, gdy utrata sprawno\u015bci fizycznej nast\u0105pi\u0142a w wyniku przest\u0119pstwa<\/li>\n\n\n\n<li>Finansowanie przejazd\u00f3w \u015brodkami komunikacji publicznej lub pokrywanie koszt\u00f3w transportu zwi\u0105zanych z uzyskiwaniem \u015bwiadcze\u0144 i regulowaniem ww. spraw<\/li>\n\n\n\n<li>Pokrywanie koszt\u00f3w zakupu odzie\u017cy, bielizny, obuwia, \u015brodk\u00f3w czysto\u015bci i higieny osobistej<\/li>\n<\/ul>\n\n\n\n<figure class=\"wp-block-image\"><a href=\"http:\/\/www.gopsolesno.pl\/wpgops\/wp-content\/uploads\/2016\/09\/1.jpg\"><img loading=\"lazy\" decoding=\"async\" width=\"876\" height=\"637\" src=\"http:\/\/www.gopsolesno.pl\/wpgops\/wp-content\/uploads\/2016\/09\/1.jpg\" alt=\"Ulotka - Przemoc wobec rodziny jest powa\u017cnym przest\u0119pstwem\" class=\"wp-image-554\" srcset=\"http:\/\/www.gopsolesno.pl\/wp-content\/uploads\/2016\/09\/1.jpg 876w, http:\/\/www.gopsolesno.pl\/wp-content\/uploads\/2016\/09\/1-300x218.jpg 300w, http:\/\/www.gopsolesno.pl\/wp-content\/uploads\/2016\/09\/1-768x558.jpg 768w, http:\/\/www.gopsolesno.pl\/wp-content\/uploads\/2016\/09\/1-624x454.jpg 624w\" sizes=\"auto, (max-width: 876px) 100vw, 876px\" \/><\/a><\/figure>\n\n\n\n<p>Przemoc wobec rodziny jest powa\u017cnym przest\u0119pstwem. Je\u015bli krzywdzisz najbli\u017cszych, spotyka Ci\u0119 kara!<\/p>\n\n\n\n<p>NIKT NIE MA PRAWA BI\u0106 ANI PONI\u017bA\u0106 rodziny. Je\u015bli to robisz &#8211; nara\u017casz si\u0119 na surow\u0105 kar\u0119. Nowe przepisy nakazuj\u0105 policji, prokuraturze i innym s\u0142u\u017cbom z pe\u0142n\u0105 determinacj\u0105 \u015bciga\u0107 sprawc\u00f3w przemocy domowej.<\/p>\n\n\n\n<p>ZREZYGNUJ ze stosowania przemocy &#8211; zanim b\u0119dzie za p\u00f3\u017ano. Zanim \u017cona odejdzie, a dzieciom stanie si\u0119 krzywda.<\/p>\n\n\n\n<p>ZREZYGNUJ bo czeka Ci\u0119 kara za niegodne czyny. Mo\u017ce trafi\u0107 do wi\u0119zienia.<\/p>\n\n\n\n<p>PO ZMIANACH PRAWA \u015aCIGANIE SPRAWC\u00d3W PRZEMOCY w rodzinie jest du\u017co \u0142atwiejsze. Jeszcze nie jest za p\u00f3\u017ano, by zaprzesta\u0107 przemocy i odbudowa\u0107 wi\u0119zy rodzinne.<\/p>\n\n\n\n<p>JE\u015aLI PODEJMIESZ TAK\u0104 DECYZJ\u0118, MO\u017bESZ LICZY\u0106 NA POMOC SPECJALIST\u00d3W I WSPARCIE DLA ZMIAN W TWOJEJ RODZINIE. TO LEPSZY POMYS\u0141 NI\u017b K\u0141OPOTY Z POLICJ\u0104, PROKURATUR\u0104 I S\u0104DEM.<\/p>\n\n\n\n<figure class=\"wp-block-image\"><a href=\"http:\/\/www.gopsolesno.pl\/wpgops\/wp-content\/uploads\/2016\/09\/2.jpg\"><img loading=\"lazy\" decoding=\"async\" width=\"858\" height=\"637\" src=\"http:\/\/www.gopsolesno.pl\/wpgops\/wp-content\/uploads\/2016\/09\/2.jpg\" alt=\"Plakat - ten zesp\u00f3\u0142 powsta\u0142 po to, by pom\u00f3c Twojej rodzinie!\" class=\"wp-image-555\" srcset=\"http:\/\/www.gopsolesno.pl\/wp-content\/uploads\/2016\/09\/2.jpg 858w, http:\/\/www.gopsolesno.pl\/wp-content\/uploads\/2016\/09\/2-300x223.jpg 300w, http:\/\/www.gopsolesno.pl\/wp-content\/uploads\/2016\/09\/2-768x570.jpg 768w, http:\/\/www.gopsolesno.pl\/wp-content\/uploads\/2016\/09\/2-624x463.jpg 624w\" sizes=\"auto, (max-width: 858px) 100vw, 858px\" \/><\/a><\/figure>\n\n\n\n<p>Ten zesp\u00f3\u0142 powsta\u0142 po to, by pom\u00f3c Twojej rodzinie! Przeczytaj, zanim zostaniesz ukarany!<\/p>\n\n\n\n<p>W KA\u017bDEJ GMINIE POWSTA\u0141 ZESP\u00d3\u0141 INTERDYSCYPLINARNY. To grupa profesjonalist\u00f3w &#8211; policjant\u00f3w, psycholog\u00f3w, pracownik\u00f3w pomocy spo\u0142ecznej i s\u0142u\u017cby zdrowia. \u0141\u0105czy ich wsp\u00f3lny cel &#8211; rozwi\u0105zywanie problemu przemocy w konkretnych rodzinach. Dzi\u0119ki zmianom prawa osoby krzywdzone mog\u0105 liczy\u0107 na skuteczn\u0105 pomoc i wsparcie.<\/p>\n\n\n\n<figure class=\"wp-block-image\"><a href=\"http:\/\/www.gopsolesno.pl\/wpgops\/wp-content\/uploads\/2016\/09\/Scan1.jpg\"><img loading=\"lazy\" decoding=\"async\" width=\"168\" height=\"556\" src=\"http:\/\/www.gopsolesno.pl\/wpgops\/wp-content\/uploads\/2016\/09\/Scan1.jpg\" alt=\"Grupa wsparcia dla kobiet do\u015bwiadczaj\u0105cych przemocy domowej - 14 642 44 15\" class=\"wp-image-608\" srcset=\"http:\/\/www.gopsolesno.pl\/wp-content\/uploads\/2016\/09\/Scan1.jpg 168w, http:\/\/www.gopsolesno.pl\/wp-content\/uploads\/2016\/09\/Scan1-91x300.jpg 91w\" sizes=\"auto, (max-width: 168px) 100vw, 168px\" \/><\/a><\/figure>\n\n\n\n<p>GRUPA WSPARCIA DLA KOBIET DO\u015aWIADCZAJ\u0104CYCH PRZEMOCY DOMOWEJ<\/p>\n\n\n\n<p>Zapraszamy na spotkania grupy wsparcia dla kobiet do\u015bwiadczaj\u0105cych przemocy domowej.<\/p>\n\n\n\n<p>W ka\u017cdy trzeci czwartek miesi\u0105ca, godz. 16.15<\/p>\n\n\n\n<p>Miejsce spotkania: Centrum Osiedlowe ul. Spadowa 8, 33-200 D\u0105browa Tarnowska (przy os. Westerplatte na drodze osiedlowej pomi\u0119dzy C.H. D\u0105browiak a Starostwem Powiatowym)<\/p>\n\n\n\n<p>Je\u017celi:<\/p>\n\n\n\n<ul class=\"wp-block-list\">\n<li>odczuwasz bezradno\u015b\u0107, l\u0119k<\/li>\n\n\n\n<li>tracisz ufno\u015b\u0107 i nadziej\u0119<\/li>\n\n\n\n<li>obawiasz si\u0119 osoby najbli\u017cszej<\/li>\n\n\n\n<li>kto\u015b bliski Ci\u0119 poni\u017ca, rani, grozi<\/li>\n<\/ul>\n\n\n\n<p>Udzia\u0142 w grupie jest bezp\u0142atny. Serdecznie zapraszamy!!!<\/p>\n\n\n\n<p>Dodatkowe informacje: Powiatowe Centrum Pomocy Rodzinie w D\u0105browie Tarnowskiej, ul. B. Joselewicza 5, 33-200 D\u0105browa Tarnowska, Tel. 14 642 44 15.<\/p>\n","protected":false},"excerpt":{"rendered":"<p>INFORMATOR lipiec 2022 -BAZA TELEADRESOWA PODMIOT\u00d3W ORAZ ORGANIZACJI POZARZ\u0104DOWYCH REALIZUJ\u0104CYCH ODDZIA\u0141YWANIA WOBEC OS\u00d3B STOSUJ\u0104CYCH PRZEMOC W RODZINIE Og\u0142oszenie w zwi\u0105zku z organizowanym &#8222;Tygodniem Pomocy Osobom Pokrzywdzonym Przest\u0119pstwem&#8221; Przemoc w rodzinie to sprawa prywatna i nie nale\u017cy si\u0119 do niej wtr\u0105ca\u0107 NIEPRAWDA Przemoc, wykorzystywanie, bicie, krzywdzenie os\u00f3b bliskich jest przest\u0119pstwem, tak samo gro\u017anym i podlegaj\u0105cym karze [&hellip;]<\/p>\n","protected":false},"author":1,"featured_media":0,"parent":0,"menu_order":0,"comment_status":"closed","ping_status":"closed","template":"","meta":{"footnotes":""},"class_list":["post-100","page","type-page","status-publish","hentry"],"_links":{"self":[{"href":"http:\/\/www.gopsolesno.pl\/index.php?rest_route=\/wp\/v2\/pages\/100","targetHints":{"allow":["GET"]}}],"collection":[{"href":"http:\/\/www.gopsolesno.pl\/index.php?rest_route=\/wp\/v2\/pages"}],"about":[{"href":"http:\/\/www.gopsolesno.pl\/index.php?rest_route=\/wp\/v2\/types\/page"}],"author":[{"embeddable":true,"href":"http:\/\/www.gopsolesno.pl\/index.php?rest_route=\/wp\/v2\/users\/1"}],"replies":[{"embeddable":true,"href":"http:\/\/www.gopsolesno.pl\/index.php?rest_route=%2Fwp%2Fv2%2Fcomments&post=100"}],"version-history":[{"count":12,"href":"http:\/\/www.gopsolesno.pl\/index.php?rest_route=\/wp\/v2\/pages\/100\/revisions"}],"predecessor-version":[{"id":1674,"href":"http:\/\/www.gopsolesno.pl\/index.php?rest_route=\/wp\/v2\/pages\/100\/revisions\/1674"}],"wp:attachment":[{"href":"http:\/\/www.gopsolesno.pl\/index.php?rest_route=%2Fwp%2Fv2%2Fmedia&parent=100"}],"curies":[{"name":"wp","href":"https:\/\/api.w.org\/{rel}","templated":true}]}}