{"id":105,"date":"2016-09-16T22:42:57","date_gmt":"2016-09-16T20:42:57","guid":{"rendered":"http:\/\/www.gopsolesno.pl\/?page_id=105"},"modified":"2023-02-02T13:24:35","modified_gmt":"2023-02-02T12:24:35","slug":"rzadowy-program-dla-rodzin-wielodzietnych-karta-duzej-rodziny","status":"publish","type":"page","link":"http:\/\/www.gopsolesno.pl\/?page_id=105","title":{"rendered":"RZ\u0104DOWY PROGRAM DLA RODZIN WIELODZIETNYCH &#8211; KARTA DU\u017bEJ RODZINY"},"content":{"rendered":"\n<figure class=\"wp-block-image\"><img loading=\"lazy\" decoding=\"async\" width=\"211\" height=\"211\" src=\"http:\/\/www.gopsolesno.pl\/wpgops\/wp-content\/uploads\/2016\/09\/ikony-glowne_duza-rodzina_1.png\" alt=\"grafika przedstawiaj\u0105ca rodzin\u0119 z dzie\u0107mi\" class=\"wp-image-374\" srcset=\"http:\/\/www.gopsolesno.pl\/wp-content\/uploads\/2016\/09\/ikony-glowne_duza-rodzina_1.png 211w, http:\/\/www.gopsolesno.pl\/wp-content\/uploads\/2016\/09\/ikony-glowne_duza-rodzina_1-150x150.png 150w\" sizes=\"auto, (max-width: 211px) 100vw, 211px\" \/><\/figure>\n\n\n\n<p><span style=\"color: #555555;\"><span style=\"font-family: 'Merriweather Sans', 'Helvetica Neue', Helvetica, Arial, sans-serif;\"><span style=\"font-size: small;\">Og\u00f3lnopolska Karta Du\u017cej Rodziny to funkcjonuj\u0105cy od 16 czerwca 2014 r. system zni\u017cek dla rodzin wielodzietnych.<\/span><\/span><\/span><\/p>\n\n\n\n<p><span style=\"color: #555555;\"><span style=\"font-family: 'Merriweather Sans', 'Helvetica Neue', Helvetica, Arial, sans-serif;\"><span style=\"font-size: small;\">O przyznanie Kart mog\u0105 ubiega\u0107 si\u0119 rodziny, kt\u00f3re utrzymuj\u0105 co najmniej tr\u00f3jk\u0119 dzieci (dotyczy to r\u00f3wnie\u017c rodzin zast\u0119pczych oraz rodzinnych dom\u00f3w dziecka) \u2013 niezale\u017cnie od dochodu, a od 1 stycznia 2019 r. tak\u017ce wszyscy rodzice, kt\u00f3rzy kiedykolwiek na swoim utrzymaniu posiadali co najmniej troje dzieci.<\/span><\/span><\/span><\/p>\n\n\n\n<p><span style=\"color: #555555;\"><span style=\"font-family: 'Merriweather Sans', 'Helvetica Neue', Helvetica, Arial, sans-serif;\"><span style=\"font-size: small;\"><br>\n<\/span><\/span><\/span><span style=\"color: #555555;\"><span style=\"font-family: 'Merriweather Sans', 'Helvetica Neue', Helvetica, Arial, sans-serif;\"><span style=\"font-size: small;\"><strong>Do otrzymania Karty Du\u017cej Rodziny uprawnieni s\u0105 cz\u0142onkowie rodziny wielodzietnej:<\/strong><\/span><\/span><\/span><\/p>\n\n\n\n<p><span style=\"color: #555555;\"><span style=\"font-family: 'Merriweather Sans', 'Helvetica Neue', Helvetica, Arial, sans-serif;\"><span style=\"font-size: small;\">&#8211; rodzice maj\u0105cy na utrzymaniu co najmniej troje w\u0142asnych dzieci,<\/span><\/span><\/span><\/p>\n\n\n\n<p><span style=\"color: #555555;\"><span style=\"font-family: 'Merriweather Sans', 'Helvetica Neue', Helvetica, Arial, sans-serif;\"><span style=\"font-size: small;\">&#8211; rodzice, kt\u00f3rzy kiedykolwiek na swoim utrzymaniu posiadali co najmniej troje dzieci,<\/span><\/span><\/span><\/p>\n\n\n\n<p><span style=\"color: #555555;\"><span style=\"font-family: 'Merriweather Sans', 'Helvetica Neue', Helvetica, Arial, sans-serif;\"><span style=\"font-size: small;\">&#8211; ma\u0142\u017conkowie, maj\u0105cy na utrzymaniu co najmniej troje dzieci,<\/span><\/span><\/span><\/p>\n\n\n\n<p><span style=\"color: #555555;\"><span style=\"font-family: 'Merriweather Sans', 'Helvetica Neue', Helvetica, Arial, sans-serif;\"><span style=\"font-size: small;\">&#8211; dzieci pozostaj\u0105cy na utrzymaniu rodzic\u00f3w \u2013 do uko\u0144czenia 18. roku \u017cycia lub do uko\u0144czenia 25. roku \u017cycia, je\u017celi pobieraj\u0105 nauk\u0119 w szkole lub szkole wy\u017cszej,<\/span><\/span><\/span><\/p>\n\n\n\n<p><span style=\"color: #555555;\"><span style=\"font-family: 'Merriweather Sans', 'Helvetica Neue', Helvetica, Arial, sans-serif;\"><span style=\"font-size: small;\">&#8211; dzieci pozostaj\u0105cy na utrzymaniu rodzic\u00f3w \u2013 bez wzgl\u0119du na wiek, je\u017celi legitymuj\u0105 si\u0119 orzeczeniem o umiarkowanym lub znacznym stopniu niepe\u0142nosprawno\u015bci.<\/span><\/span><\/span><\/p>\n\n\n\n<p>Pliki do pobrania:<\/p>\n\n\n\n<div class=\"wp-block-file\"><a href=\"http:\/\/www.gopsolesno.pl\/wpgops\/wp-content\/uploads\/2021\/11\/Wniosek_o_przyznanie_Karty_Du\u017cej_Rodziny_lub_wydanie_duplikatu.pdf\">1. Wniosek_o_przyznanie_Karty_Du\u017cej_Rodziny_lub_wydanie_duplikatu<\/a><\/div>\n\n\n\n<p>2.&nbsp;<a href=\"http:\/\/www.gopsolesno.pl\/wpgops\/wp-content\/uploads\/2016\/09\/DSR_Informacja_o_osobach_mog\u0105cych_wy\u015bwietla\u0107_Kart\u0119_w_formie_elektronicznej_-_ZKDR-04.pdf\">DSR_Informacja_o_osobach_mog\u0105cych_wy\u015bwietla\u0107_Kart\u0119_w_formie_elektronicznej_-_ZKDR-04<\/a><\/p>\n\n\n\n<p>3.&nbsp;<a href=\"http:\/\/www.gopsolesno.pl\/wpgops\/wp-content\/uploads\/2016\/09\/DSR_O\u015bwiadczenie_dotycz\u0105ce_w\u0142adzy_rodzicielskiej_-_ZKDR-03.pdf\">DSR_O\u015bwiadczenie_dotycz\u0105ce_w\u0142adzy_rodzicielskiej_-_ZKDR-03<\/a><\/p>\n\n\n\n<p>4.&nbsp;<a href=\"http:\/\/www.gopsolesno.pl\/wpgops\/wp-content\/uploads\/2016\/09\/O\u015bwiadczenie_o_planowanym_terminie_uko\u0144czenia_nauki_w_szkole_lub_szkole_wy\u017cszej_-_ZKDR-01.pdf\">O\u015bwiadczenie_o_planowanym_terminie_uko\u0144czenia_nauki_w_szkole_lub_szkole_wy\u017cszej_-_ZKDR-01<\/a><\/p>\n\n\n\n<p>5.&nbsp;<a href=\"http:\/\/www.gopsolesno.pl\/wpgops\/wp-content\/uploads\/2016\/09\/DSR_O\u015bwiadczenie_o_pozostawaniu_w_dotychczasowej_rodzinie_zast\u0119pczej_lub_rodzinnym_domu_dziecka_-_ZKDR-02.pdf\">DSR_O\u015bwiadczenie_o_pozostawaniu_w_dotychczasowej_rodzinie_zast\u0119pczej_lub_rodzinnym_domu_dziecka_-_ZKDR-02<\/a><\/p>\n\n\n\n<figure class=\"wp-block-image\"><img loading=\"lazy\" decoding=\"async\" width=\"381\" height=\"301\" src=\"http:\/\/www.gopsolesno.pl\/wpgops\/wp-content\/uploads\/2016\/09\/ikony-glowne_main_1.png\" alt=\"grafika przedstawiaj\u0105ca rodzin\u0119 z dzie\u0107mi\" class=\"wp-image-375\" srcset=\"http:\/\/www.gopsolesno.pl\/wp-content\/uploads\/2016\/09\/ikony-glowne_main_1.png 381w, http:\/\/www.gopsolesno.pl\/wp-content\/uploads\/2016\/09\/ikony-glowne_main_1-300x237.png 300w\" sizes=\"auto, (max-width: 381px) 100vw, 381px\" \/><\/figure>\n\n\n\n<p>Komplet informacji na stronie internetowej \u2013 <a href=\"https:\/\/rodzina.gov.pl\/\"><span style=\"text-decoration: underline; color: #000080;\"><strong><span style=\"color: #000080; text-decoration: underline;\">rodzina.gov.pl<\/span> <\/strong><\/span><\/a><\/p>\n\n\n\n<div class=\"wp-block-image\"><figure class=\"aligncenter\"><a href=\"http:\/\/www.gopsolesno.pl\/wpgops\/wp-content\/uploads\/2016\/09\/karta-dr.png\"><img loading=\"lazy\" decoding=\"async\" width=\"474\" height=\"256\" src=\"http:\/\/www.gopsolesno.pl\/wpgops\/wp-content\/uploads\/2016\/09\/karta-dr.png\" alt=\"Karta du\u017cej rodziny - Wa\u017cna informacja\" class=\"wp-image-871\" srcset=\"http:\/\/www.gopsolesno.pl\/wp-content\/uploads\/2016\/09\/karta-dr.png 474w, http:\/\/www.gopsolesno.pl\/wp-content\/uploads\/2016\/09\/karta-dr-300x162.png 300w\" sizes=\"auto, (max-width: 474px) 100vw, 474px\" \/><\/a><\/figure><\/div>\n\n\n\n<p><span style=\"color: #000000;\"><span style=\"font-family: 'Times New Roman', serif;\"><span style=\"font-size: medium;\">W zwi\u0105zku z nowelizacj\u0105 ustawy z dnia 5 grudnia 2014r. o Karcie Du\u017cej Rodziny, informujemy, i\u017c od dnia <\/span><\/span><\/span><span style=\"color: #000000;\"><span style=\"font-family: 'Times New Roman', serif;\"><span style=\"font-size: medium;\"><b>9 czerwca 2021r.<\/b><\/span><\/span><\/span> <span style=\"color: #000000;\"><span style=\"font-family: 'Times New Roman', serif;\"><span style=\"font-size: medium;\"><b>wszystkie aktywne Og\u00f3lnopolskie Karty Du\u017cej Rodziny uzyskaj\u0105 form\u0119 elektroniczn\u0105. <\/b><\/span><\/span><\/span><span style=\"color: #000000;\"><span style=\"font-family: 'Times New Roman', serif;\"><span style=\"font-size: medium;\">Ka\u017cdy posiadacz aktywnej Karty (niezale\u017cnie, czy posiada\u0142 Kart\u0119 w formie tradycyjnej, elektronicznej, czy obu) b\u0119dzie m\u00f3g\u0142 wy\u015bwietli\u0107 j\u0105 w aplikacji <\/span><\/span><\/span><span style=\"color: #000000;\"><span style=\"font-family: 'Times New Roman', serif;\"><span style=\"font-size: medium;\"><u><b>mObywatel<\/b><\/u><\/span><\/span><\/span><span style=\"color: #000000;\"><span style=\"font-family: 'Times New Roman', serif;\"><span style=\"font-size: medium;\"><b>. Jednocze\u015bnie informujemy, i\u017c aplikacja mKDR zostanie zamkni\u0119ta z ko\u0144cem czerwca 2021r. Elektroniczna KDR zostanie przeniesiona do publicznej aplikacji mobilnej mObywatel<\/b><\/span><\/span><\/span><span style=\"color: #000000;\"><span style=\"font-family: 'Times New Roman', serif;\"><span style=\"font-size: medium;\">. Do aktywowania aplikacji mObywatel wymagane jest posiadanie Profilu Zaufanego. Osoby, kt\u00f3re nie maj\u0105 dost\u0119pu do aplikacji mObywatel (np. cudzoziemcy), b\u0119d\u0105 musia\u0142y pozosta\u0107 przy Kartach tradycyjnych.<\/span><\/span><\/span><span style=\"font-family: 'Times New Roman', serif;\"><span style=\"font-size: medium;\"><br> <\/span><\/span><span style=\"color: #000000;\"><span style=\"font-family: 'Times New Roman', serif;\"><span style=\"font-size: medium;\">Ponadto od 9 czerwca 2021r. op\u0142ata za duplikat i za dom\u00f3wienie tradycyjnej formy karty b\u0119dzie wynosi\u0142a <\/span><\/span><\/span><span style=\"color: #000000;\"><span style=\"font-family: 'Times New Roman', serif;\"><span style=\"font-size: medium;\"><b>10 z\u0142.<\/b><\/span><\/span><\/span><\/p>\n\n\n\n<p>\n<a href=\"https:\/\/www.opsjablonka.pl\/aktualnosci\/371-informacja-dot-posiadania-karty-duzej-rodziny\"><strong>Szczeg\u00f3lne\nrozwi\u0105zania s\u0142u\u017c\u0105ce ochronie dla cz\u0142onk\u00f3w rodzin wielodzietnych\nposiadaj\u0105cych Kart\u0119 Du\u017cej Rodziny, kt\u00f3rzy s\u0105 odbiorcami energii\nelektrycznej w 2023 r. <\/strong><\/a>\n<\/p>\n\n\n\n<p>\nSzczeg\u00f3lne\nrozwi\u0105zania s\u0142u\u017c\u0105ce ochronie odbiorc\u00f3w energii elektrycznej w\n2023 r. dotycz\u0105 m. in. ochrony rodzin wielodzietnych, w kt\u00f3rych\nodbiorca uprawniony                         to posiadacz Karty Du\u017cej\nRodziny, kt\u00f3ry jest rodzicem rodziny wielodzietnej i dokonuje zakupu\nenergii elektrycznej w celu jej zu\u017cycia na w\u0142asny u\u017cytek.<\/p>\n\n\n\n<p>\nW\nprzedmiotowej regulacji uwzgl\u0119dniono zapisy gwarantuj\u0105ce stosowanie\ncen z roku 2022 w rozliczeniach z odbiorcami za dostawy energii w\nroku 2023. Zastosowano dodatkowe wsparcie dla rodzin posiadaj\u0105cych\nKart\u0119 Du\u017cej Rodziny, dla kt\u00f3rych zwi\u0119kszono limit preferencyjnego\nzu\u017cycia energii elektrycznej do 3 MWh, uwzgl\u0119dniaj\u0105c ich\nzwi\u0119kszone potrzeby dotycz\u0105ce zu\u017cycia energii elektrycznej. Je\u015bli\nww. odbiorcy nabyli uprawnienia do zwi\u0119kszonego limitu\npreferencyjnego zu\u017cycia energii elektrycznej               (3 MWh) w\ntrakcie 2023 r., limit ten stosuje si\u0119 proporcjonalnie do liczby\nmiesi\u0119cy                 w 2023 r., w kt\u00f3rych spe\u0142niali wymogi\ndotycz\u0105ce nabycia tych\u017ce uprawnie\u0144.&nbsp;<\/p>\n\n\n\n<p>\nOdbiorca,\npo przekroczeniu zu\u017cycia w wysoko\u015bci 3 MWh, za ka\u017cd\u0105 kolejn\u0105\nzu\u017cyt\u0105 kWh b\u0119dzie rozliczany wed\u0142ug cen obowi\u0105zuj\u0105cych w\ntaryfie danego przedsi\u0119biorstwa z roku 2023, odpowiednio (w\nprzypadku sprzedawc\u00f3w alternatywnych) wed\u0142ug ceny wolnorynkowej,\nobowi\u0105zuj\u0105cej z zapis\u00f3w umownych pomi\u0119dzy nim, a jego sprzedawc\u0105\nenergii.<\/p>\n\n\n\n<p>\nPonadto\nwprowadzono mechanizm zach\u0119caj\u0105cy do efektywnego zu\u017cycia energii,\nprzy za\u0142o\u017ceniu zu\u017cycia przez odbiorc\u0119 w roku 2023 maksymalnie 90%\nwolumenu z roku 2022.<\/p>\n\n\n\n<p>\nPowy\u017cszy\nmechanizm d\u0105\u017cy do upustu w rozliczeniach. W przypadku gdy poziom\nzu\u017cycia energii elektrycznej przez odbiorc\u0119 uprawnionego w okresie\nod dnia 1 pa\u017adziernika 2022 r. do dnia 31 grudnia 2023 r. w punkcie\npoboru energii wynosi\u0142 nie wi\u0119cej ni\u017c 90% zu\u017cycia w stosunku do\npoziomu zu\u017cycia energii elektrycznej przez tego odbiorc\u0119 w okresie \n           od dnia 1 pa\u017adziernika 2021 r. do dnia 31 grudnia 2022\nr., podmiot uprawniony                        w rozliczeniach z tym\nodbiorc\u0105 w 2024 r. stosuje upust.<\/p>\n\n\n\n<p>\nKwot\u0119\nupustu stanowi r\u00f3wnowarto\u015b\u0107 10% \u0142\u0105cznej kwoty rozliczenia\nsprzeda\u017cy energii elektrycznej oraz us\u0142ugi dystrybucji energii\nelektrycznej poniesionej przez odbiorc\u0119 uprawnionego w okresie od\ndnia 1 pa\u017adziernika 2022 r. do dnia 31 grudnia 2023 r.<\/p>\n\n\n\n<p>\n<strong>Przyznanie\nlimitu 3 MWh dla posiadacza Karty Du\u017cej Rodziny<\/strong><\/p>\n\n\n\n<p>\nPosiadacz\nKarty Du\u017cej Rodziny, kt\u00f3ry jest rodzicem rodziny wielodzietnej\n(odbiorca uprawniony),\nw celu umo\u017cliwienia stosowania wobec niego limitu zu\u017cycia energii\nelektrycznej wynosz\u0105cego maksymalnie 3 MWh, sk\u0142ada przedsi\u0119biorstwu\nenergetycznemu wykonuj\u0105cemu dzia\u0142alno\u015b\u0107 gospodarcz\u0105 w zakresie\nobrotu energi\u0105 elektryczn\u0105 lub przedsi\u0119biorstwu energetycznemu\nzajmuj\u0105cemu si\u0119 dystrybucj\u0105 energii elektrycznej (podmioty\nuprawnione), o\u015bwiadczenie o spe\u0142nianiu przez tego odbiorc\u0119\nwarunk\u00f3w pozwalaj\u0105cych na uznanie go za odbiorc\u0119 uprawnionego.<\/p>\n\n\n\n<p>\nSk\u0142adaj\u0105c\no\u015bwiadczenie posiadacz Karty Du\u017cej Rodziny, kt\u00f3ry jest rodzicem\nrodziny wielodzietnej (odbiorca uprawniony), podaje numer Karty Du\u017cej\nRodziny i za\u0142\u0105cza kopi\u0119 tej Karty.&nbsp;<\/p>\n\n\n\n<p>\nPrzedsi\u0119biorstwo\nenergetyczne w celu weryfikacji danych, zawartych w o\u015bwiadczeniu,\ndotycz\u0105cym odbiorcy uprawnionego, mo\u017ce \u017c\u0105da\u0107 przedstawienia do\nwgl\u0105du od tego odbiorcy odpowiednio wa\u017cnej Karty Du\u017cej Rodziny.<\/p>\n\n\n\n<p>\nTakie\no\u015bwiadczenie mo\u017ce z\u0142o\u017cy\u0107 tylko posiadacz Karty Du\u017cej Rodziny,\nkt\u00f3ry jest rodzicem rodziny wielodzietnej i dokonuje zakupu energii\nelektrycznej w celu jej zu\u017cycia na potrzeby:<\/p>\n\n\n\n<p>\na)\ngospodarstw domowych,<\/p>\n\n\n\n<p>\nb)\npomieszcze\u0144 gospodarczych zwi\u0105zanych z prowadzeniem gospodarstw\ndomowych,      o ile nie jest w nich wykonywana dzia\u0142alno\u015b\u0107\ngospodarcza,<\/p>\n\n\n\n<p>\nc)\nlokali o charakterze zbiorowego mieszkania, o ile nie jest w nich\nwykonywana dzia\u0142alno\u015b\u0107 gospodarcza,<\/p>\n\n\n\n<p>\nd)\nmieszka\u0144 rotacyjnych, mieszka\u0144 pracownik\u00f3w plac\u00f3wek\ndyplomatycznych                            i pracownik\u00f3w\nzagranicznych przedstawicielstw,<\/p>\n\n\n\n<p>\ne)\ndom\u00f3w letniskowych, dom\u00f3w kempingowych i altan w ogr\u00f3dkach\ndzia\u0142kowych,                w kt\u00f3rych nie jest wykonywana\ndzia\u0142alno\u015b\u0107 gospodarcza oraz w przypadkach wsp\u00f3lnego pomiaru &#8211;\nadministracji ogr\u00f3dk\u00f3w dzia\u0142kowych,<\/p>\n\n\n\n<p>\nf)\no\u015bwietlenia w budynkach mieszkalnych,<\/p>\n\n\n\n<p>\ng)\nzasilania d\u017awig\u00f3w w budynkach mieszkalnych,<\/p>\n\n\n\n<p>\nh)\nw\u0119z\u0142\u00f3w cieplnych i hydroforni, b\u0119d\u0105cych w zarz\u0105dzie\nadministracji dom\u00f3w mieszkalnych,<\/p>\n\n\n\n<p>\ni)\ngara\u017cy, w kt\u00f3rych nie jest wykonywana dzia\u0142alno\u015b\u0107 gospodarcza.<\/p>\n\n\n\n<p>\n<strong>Termin\nz\u0142o\u017cenia o\u015bwiadczenia dotycz\u0105cego przyznania limitu 3 MWh<\/strong><\/p>\n\n\n\n<p>\nW\nprzypadku odbiorcy uprawnionego posiadaj\u0105cego, w dniu wej\u015bcia w\n\u017cycie ustawy, Kart\u0119 Du\u017cej Rodziny, o\u015bwiadczenie nale\u017cy z\u0142o\u017cy\u0107\nniezw\u0142ocznie, jednak nie p\u00f3\u017aniej             ni\u017c w terminie 30\ndni od dnia wej\u015bcia w \u017cycie ustawy. <em>Ustawa\nz dnia 7 pa\u017adziernika        2022 r. o szczeg\u00f3lnych rozwi\u0105zaniach\ns\u0142u\u017c\u0105cych ochronie odbiorc\u00f3w energii elektrycznej w 2023 roku w\nzwi\u0105zku z sytuacj\u0105 na rynku energii elektrycznej<\/em>\n(Dz.U. z 2022 r. poz. 2127) wesz\u0142a w \u017cycie w dniu 18 pa\u017adziernika\n2022 r.<\/p>\n\n\n\n<p>\nDla\nos\u00f3b, kt\u00f3re nie z\u0142o\u017cy\u0142y o\u015bwiadczenia w terminie, limit zu\u017cycia\nenergii elektrycznej, stosuje si\u0119 proporcjonalnie do liczby miesi\u0119cy\nw 2023 r., rozpoczynaj\u0105c od miesi\u0105ca nast\u0119puj\u0105cego po miesi\u0105cu,\nw kt\u00f3rym z\u0142o\u017cono o\u015bwiadczenie.<\/p>\n\n\n\n<p>\nRodzic,\nkt\u00f3ry naby\u0142 uprawnienia do Karty Du\u017cej Rodziny w trakcie 2023 r.\nlub naby\u0142 now\u0105 nieruchomo\u015b\u0107 mo\u017ce z\u0142o\u017cy\u0107 o\u015bwiadczenie. Jednak\nlimit zu\u017cycia energii stosuje si\u0119 proporcjonalnie do liczby\nmiesi\u0119cy w 2023 r., rozpoczynaj\u0105c od miesi\u0105ca, w kt\u00f3rym z\u0142o\u017cono\no\u015bwiadczenie.<\/p>\n\n\n\n<p>\nO\u015bwiadczenie,\nsk\u0142ada si\u0119 na pi\u015bmie, w postaci papierowej lub elektronicznej,\nniezw\u0142ocznie, nie p\u00f3\u017aniej ni\u017c do dnia 30 czerwca 2023 r.<\/p>\n","protected":false},"excerpt":{"rendered":"<p>Og\u00f3lnopolska Karta Du\u017cej Rodziny to funkcjonuj\u0105cy od 16 czerwca 2014 r. system zni\u017cek dla rodzin wielodzietnych. O przyznanie Kart mog\u0105 ubiega\u0107 si\u0119 rodziny, kt\u00f3re utrzymuj\u0105 co najmniej tr\u00f3jk\u0119 dzieci (dotyczy to r\u00f3wnie\u017c rodzin zast\u0119pczych oraz rodzinnych dom\u00f3w dziecka) \u2013 niezale\u017cnie od dochodu, a od 1 stycznia 2019 r. tak\u017ce wszyscy rodzice, kt\u00f3rzy kiedykolwiek na swoim [&hellip;]<\/p>\n","protected":false},"author":1,"featured_media":0,"parent":0,"menu_order":0,"comment_status":"closed","ping_status":"closed","template":"","meta":{"footnotes":""},"class_list":["post-105","page","type-page","status-publish","hentry"],"_links":{"self":[{"href":"http:\/\/www.gopsolesno.pl\/index.php?rest_route=\/wp\/v2\/pages\/105","targetHints":{"allow":["GET"]}}],"collection":[{"href":"http:\/\/www.gopsolesno.pl\/index.php?rest_route=\/wp\/v2\/pages"}],"about":[{"href":"http:\/\/www.gopsolesno.pl\/index.php?rest_route=\/wp\/v2\/types\/page"}],"author":[{"embeddable":true,"href":"http:\/\/www.gopsolesno.pl\/index.php?rest_route=\/wp\/v2\/users\/1"}],"replies":[{"embeddable":true,"href":"http:\/\/www.gopsolesno.pl\/index.php?rest_route=%2Fwp%2Fv2%2Fcomments&post=105"}],"version-history":[{"count":14,"href":"http:\/\/www.gopsolesno.pl\/index.php?rest_route=\/wp\/v2\/pages\/105\/revisions"}],"predecessor-version":[{"id":1389,"href":"http:\/\/www.gopsolesno.pl\/index.php?rest_route=\/wp\/v2\/pages\/105\/revisions\/1389"}],"wp:attachment":[{"href":"http:\/\/www.gopsolesno.pl\/index.php?rest_route=%2Fwp%2Fv2%2Fmedia&parent=105"}],"curies":[{"name":"wp","href":"https:\/\/api.w.org\/{rel}","templated":true}]}}