{"id":1110,"date":"2021-08-11T14:49:38","date_gmt":"2021-08-11T12:49:38","guid":{"rendered":"http:\/\/www.gopsolesno.pl\/?page_id=1110"},"modified":"2021-08-11T15:03:29","modified_gmt":"2021-08-11T13:03:29","slug":"rozwoj-pomocy-spolecznej","status":"publish","type":"page","link":"http:\/\/www.gopsolesno.pl\/?page_id=1110","title":{"rendered":"Rozw\u00f3j pomocy spo\u0142ecznej"},"content":{"rendered":"<p><a href=\"http:\/\/www.gopsolesno.pl\/wpgops\/wp-content\/uploads\/2021\/05\/Rozw\u00f3j-pomocy-spo\u0142ecznej.docx.pdf\">Rozw\u00f3j pomocy spo\u0142ecznej w 2021r.<\/a><\/p>\n<p><a href=\"http:\/\/www.gopsolesno.pl\/wpgops\/wp-content\/uploads\/2021\/08\/Rozw\u00f3j-pomocy-spo\u0142ecznej.pdf\">Rozw\u00f3j pomocy spo\u0142ecznej w 2019r.<\/a><\/p>\n","protected":false},"excerpt":{"rendered":"<p>Rozw\u00f3j pomocy spo\u0142ecznej w 2021r. Rozw\u00f3j pomocy spo\u0142ecznej w 2019r.<\/p>\n","protected":false},"author":1,"featured_media":0,"parent":0,"menu_order":0,"comment_status":"closed","ping_status":"closed","template":"","meta":{"footnotes":""},"class_list":["post-1110","page","type-page","status-publish","hentry"],"_links":{"self":[{"href":"http:\/\/www.gopsolesno.pl\/index.php?rest_route=\/wp\/v2\/pages\/1110","targetHints":{"allow":["GET"]}}],"collection":[{"href":"http:\/\/www.gopsolesno.pl\/index.php?rest_route=\/wp\/v2\/pages"}],"about":[{"href":"http:\/\/www.gopsolesno.pl\/index.php?rest_route=\/wp\/v2\/types\/page"}],"author":[{"embeddable":true,"href":"http:\/\/www.gopsolesno.pl\/index.php?rest_route=\/wp\/v2\/users\/1"}],"replies":[{"embeddable":true,"href":"http:\/\/www.gopsolesno.pl\/index.php?rest_route=%2Fwp%2Fv2%2Fcomments&post=1110"}],"version-history":[{"count":3,"href":"http:\/\/www.gopsolesno.pl\/index.php?rest_route=\/wp\/v2\/pages\/1110\/revisions"}],"predecessor-version":[{"id":1117,"href":"http:\/\/www.gopsolesno.pl\/index.php?rest_route=\/wp\/v2\/pages\/1110\/revisions\/1117"}],"wp:attachment":[{"href":"http:\/\/www.gopsolesno.pl\/index.php?rest_route=%2Fwp%2Fv2%2Fmedia&parent=1110"}],"curies":[{"name":"wp","href":"https:\/\/api.w.org\/{rel}","templated":true}]}}