{"id":117,"date":"2016-09-16T22:45:35","date_gmt":"2016-09-16T20:45:35","guid":{"rendered":"http:\/\/www.gopsolesno.pl\/?page_id=117"},"modified":"2024-12-18T10:31:11","modified_gmt":"2024-12-18T09:31:11","slug":"osrodek","status":"publish","type":"page","link":"http:\/\/www.gopsolesno.pl\/?page_id=117","title":{"rendered":"O\u015aRODEK"},"content":{"rendered":"<h1 style=\"text-align: center;\"><strong>Gminny O\u015brodek Pomocy Spo\u0142ecznej w Ole\u015bnie<br \/>\nul. D\u0142uga 18<br \/>\n33-210 OLESNO<\/strong><\/h1>\n<h2 style=\"text-align: center;\"><strong>tel. 14 641 10 82<\/strong><\/h2>\n<h2 style=\"text-align: center;\"><strong>e-mail gops@gopsolesno.pl<\/strong><\/h2>\n<p>&nbsp;<\/p>\n<p>Godziny otwarcia:<\/p>\n<p>Poniedzia\u0142ek-Pi\u0105tek: 7:00-15:00<\/p>\n<p>&nbsp;<\/p>\n<p>&nbsp;<\/p>\n\n\n<div class=\"wp-block-file\"><a id=\"wp-block-file--media-ea309a07-e80a-44dd-a0e7-3e0a200544cd\" href=\"http:\/\/www.gopsolesno.pl\/wp-content\/uploads\/2024\/12\/Standardy-ochrony-maloletnich-w-GOPS.pdf\">Standardy ochrony ma\u0142oletnich w GOPS<\/a><a href=\"http:\/\/www.gopsolesno.pl\/wp-content\/uploads\/2024\/12\/Standardy-ochrony-maloletnich-w-GOPS.pdf\" class=\"wp-block-file__button wp-element-button\" download aria-describedby=\"wp-block-file--media-ea309a07-e80a-44dd-a0e7-3e0a200544cd\">Pobierz<\/a><\/div>\n\n\n\n<div class=\"wp-block-file\"><a id=\"wp-block-file--media-4ca8081e-eead-407c-8a19-88bd9a7141ef\" href=\"http:\/\/www.gopsolesno.pl\/wp-content\/uploads\/2024\/12\/Statut-Gminnego-Osrodka-Pomocy-Spolecznej.pdf\">Statut Gminnego O\u015brodka Pomocy Spo\u0142ecznej<\/a><a href=\"http:\/\/www.gopsolesno.pl\/wp-content\/uploads\/2024\/12\/Statut-Gminnego-Osrodka-Pomocy-Spolecznej.pdf\" class=\"wp-block-file__button wp-element-button\" download aria-describedby=\"wp-block-file--media-4ca8081e-eead-407c-8a19-88bd9a7141ef\">Pobierz<\/a><\/div>\n","protected":false},"excerpt":{"rendered":"<p>Gminny O\u015brodek Pomocy Spo\u0142ecznej w Ole\u015bnie ul. D\u0142uga 18 33-210 OLESNO tel. 14 641 10 82 e-mail gops@gopsolesno.pl &nbsp; Godziny otwarcia: Poniedzia\u0142ek-Pi\u0105tek: 7:00-15:00 &nbsp; &nbsp;<\/p>\n","protected":false},"author":1,"featured_media":0,"parent":0,"menu_order":0,"comment_status":"closed","ping_status":"closed","template":"","meta":{"footnotes":""},"class_list":["post-117","page","type-page","status-publish","hentry"],"_links":{"self":[{"href":"http:\/\/www.gopsolesno.pl\/index.php?rest_route=\/wp\/v2\/pages\/117","targetHints":{"allow":["GET"]}}],"collection":[{"href":"http:\/\/www.gopsolesno.pl\/index.php?rest_route=\/wp\/v2\/pages"}],"about":[{"href":"http:\/\/www.gopsolesno.pl\/index.php?rest_route=\/wp\/v2\/types\/page"}],"author":[{"embeddable":true,"href":"http:\/\/www.gopsolesno.pl\/index.php?rest_route=\/wp\/v2\/users\/1"}],"replies":[{"embeddable":true,"href":"http:\/\/www.gopsolesno.pl\/index.php?rest_route=%2Fwp%2Fv2%2Fcomments&post=117"}],"version-history":[{"count":23,"href":"http:\/\/www.gopsolesno.pl\/index.php?rest_route=\/wp\/v2\/pages\/117\/revisions"}],"predecessor-version":[{"id":1807,"href":"http:\/\/www.gopsolesno.pl\/index.php?rest_route=\/wp\/v2\/pages\/117\/revisions\/1807"}],"wp:attachment":[{"href":"http:\/\/www.gopsolesno.pl\/index.php?rest_route=%2Fwp%2Fv2%2Fmedia&parent=117"}],"curies":[{"name":"wp","href":"https:\/\/api.w.org\/{rel}","templated":true}]}}