{"id":1200,"date":"2022-01-11T10:58:06","date_gmt":"2022-01-11T09:58:06","guid":{"rendered":"http:\/\/www.gopsolesno.pl\/?page_id=1200"},"modified":"2025-01-23T08:54:26","modified_gmt":"2025-01-23T07:54:26","slug":"kryteria-przyznawania-pomocy","status":"publish","type":"page","link":"http:\/\/www.gopsolesno.pl\/?page_id=1200","title":{"rendered":"Kryteria przyznawania pomocy"},"content":{"rendered":"\n<p>Pomocy spo\u0142ecznej udziela si\u0119 osobom i rodzinom w szczeg\u00f3lno\u015bci z powodu:<\/p>\n\n\n\n<p>1) ub\u00f3stwa;<br>2) sieroctwa;<br>3) bezdomno\u015bci;<br>4) bezrobocia;<br>5) niepe\u0142nosprawno\u015bci;<br>6) d\u0142ugotrwa\u0142ej lub ci\u0119\u017ckiej choroby;<br>7) przemocy domowej;<br>7a) potrzeby ochrony ofiar handlu lud\u017ami;<br>8) potrzeby ochrony macierzy\u0144stwa lub wielodzietno\u015bci;<br>9) bezradno\u015bci w sprawach opieku\u0144czo-wychowawczych i prowadzenia gospodarstwa domowego, zw\u0142aszcza w rodzinach niepe\u0142nych lub wielodzietnych;<br>10) (uchylony)<br>11) trudno\u015bci w integracji cudzoziemc\u00f3w, kt\u00f3rzy uzyskali w Rzeczypospolitej Polskiej status uchod\u017acy, ochron\u0119 uzupe\u0142niaj\u0105c\u0105 lub zezwolenie na pobyt czasowy udzielone w zwi\u0105zku z okoliczno\u015bci\u0105, o kt\u00f3rej mowa w art. 159 ust. 1 pkt 1 lit. c lub d ustawy z dnia 12 grudnia 2013 r. o cudzoziemcach;<br>12) trudno\u015bci w przystosowaniu do \u017cycia po zwolnieniu z zak\u0142adu karnego;<br>13) alkoholizmu lub narkomanii;<br>14) zdarzenia losowego i sytuacji kryzysowej;<br>15) kl\u0119ski \u017cywio\u0142owej lub ekologicznej.<\/p>\n\n\n\n<p>Prawo do \u015bwiadcze\u0144 pieni\u0119\u017cnych przys\u0142uguje osobom i rodzinom, kt\u00f3rych posiadane dochody\u00a0 nie przekraczaj\u0105 kryteri\u00f3w dochodowych ustalonych w Rozporz\u0105dzeniu Rady Ministr\u00f3w z dnia 12 lipca 2024 r. w sprawie zweryfikowanych kryteri\u00f3w dochodowych oraz kwot \u015bwiadcze\u0144 pieni\u0119\u017cnych z pomocy spo\u0142ecznej.<\/p>\n\n\n\n<p>Od\u00a01 stycznia 2025 roku zweryfikowane kryteria dochodowe, kwoty \u015bwiadcze\u0144 pieni\u0119\u017cnych\u00a0\u00a0z\u00a0pomocy spo\u0142ecznej oraz\u00a0kwota dochodu z\u00a01 ha\u00a0przeliczeniowego wynosz\u0105:<\/p>\n\n\n\n<p>1) kryteria dochodowe:<\/p>\n\n\n\n<p>a) dla osoby samotnie gospodaruj\u0105cej \u2013 w wysoko\u015bci <strong>1010 <\/strong>z\u0142<\/p>\n\n\n\n<p>b) dla osoby w rodzinie \u2013 w wysoko\u015bci <strong>823 <\/strong>z\u0142<\/p>\n\n\n\n<p>2) kwoty \u015bwiadcze\u0144 pieni\u0119\u017cnych z pomocy spo\u0142ecznej:<\/p>\n\n\n\n<p>a) kwot\u0119 stanowi\u0105c\u0105 podstaw\u0119 ustalenia wysoko\u015bci pomocy pieni\u0119\u017cnej na usamodzielnienie,\u00a0 na kontynuowanie nauki i pomocy na zagospodarowanie w formie rzeczowej \u2013 w wysoko\u015bci\u00a02066 z\u0142,<\/p>\n\n\n\n<p>b) minimaln\u0105 kwot\u0119 \u015bwiadczenia pieni\u0119\u017cnego na utrzymanie i pokrycie wydatk\u00f3w zwi\u0105zanych z nauk\u0105 j\u0119zyka polskiego dla cudzoziemc\u00f3w, kt\u00f3rzy uzyskali w Rzeczypospolitej Polskiej status uchod\u017acy, ochron\u0119 uzupe\u0142niaj\u0105c\u0105 lub zezwolenie na pobyt czasowy udzielone w zwi\u0105zku z\u00a0 okoliczno\u015bci\u0105, o kt\u00f3rej mowa w art. 159 ust. 1 pkt 1 lit. c lub d ustawy z dnia 12 grudnia 2013 r.\u00a0\u00a0 o cudzoziemcach (Dz. U. z 2024 r. poz. 769) \u2013 w wysoko\u015bci 950 z\u0142,<\/p>\n\n\n\n<p>c) maksymaln\u0105 kwot\u0119 \u015bwiadczenia pieni\u0119\u017cnego na utrzymanie i pokrycie wydatk\u00f3w zwi\u0105zanych\u00a0z nauk\u0105 j\u0119zyka polskiego dla cudzoziemc\u00f3w, kt\u00f3rzy uzyskali w Rzeczypospolitej Polskiej status uchod\u017acy, ochron\u0119 uzupe\u0142niaj\u0105c\u0105 lub zezwolenie na pobyt czasowy udzielone w zwi\u0105zku z okoliczno\u015bci\u0105, o kt\u00f3rej mowa w art. 159 ust. 1 pkt 1 lit. c lub d ustawy z dnia 12 grudnia 2013 r. o cudzoziemcach \u2013 w wysoko\u015bci 1679 z\u0142,<\/p>\n\n\n\n<p>d) maksymaln\u0105 kwot\u0119 zasi\u0142ku sta\u0142ego \u2013 w wysoko\u015bci 1229 z\u0142<\/p>\n\n\n\n<p>3) kwot\u0119 dochodu z 1 ha przeliczeniowego \u2013 w wysoko\u015bci 459 z\u0142<\/p>\n\n\n\n<p><strong>Za doch\u00f3d uwa\u017ca si\u0119 sum\u0119 miesi\u0119cznych przychod\u00f3w z miesi\u0105ca poprzedzaj\u0105cego z\u0142o\u017cenie wniosku lub w przypadku utraty dochodu z miesi\u0105ca, w kt\u00f3rym wniosek zosta\u0142 z\u0142o\u017cony, bez wzgl\u0119du na tytu\u0142 i \u017ar\u00f3d\u0142o ich uzyskania, je\u017celi ustawa nie stanowi inaczej, pomniejszon\u0105 o:<\/strong><\/p>\n\n\n\n<ol start=\"1\" class=\"wp-block-list\">\n<li>miesi\u0119czne obci\u0105\u017cenie podatkiem dochodowym od os\u00f3b fizycznych i koszty uzyskania przychodu<\/li>\n\n\n\n<li>sk\u0142adki na ubezpieczenie zdrowotne okre\u015blone w przepisach o \u015bwiadczeniach opieki\u00a0\u00a0\u00a0 zdrowotnej finansowanych ze \u015brodk\u00f3w publicznych oraz ubezpieczenia spo\u0142eczne\u00a0 okre\u015blone w odr\u0119bnych przepisach;<\/li>\n\n\n\n<li>kwot\u0119 aliment\u00f3w \u015bwiadczonych na rzecz innych os\u00f3b.<\/li>\n<\/ol>\n\n\n\n<p><strong>Do dochodu o nie wlicza si\u0119:<\/strong><\/p>\n\n\n\n<ol start=\"1\" class=\"wp-block-list\">\n<li>jednorazowego pieni\u0119\u017cnego \u015bwiadczenia socjalnego;<\/li>\n\n\n\n<li>zasi\u0142ku celowego;<\/li>\n\n\n\n<li>pomocy materialnej maj\u0105cej charakter socjalny albo motywacyjny, przyznawanej na\u00a0\u00a0\u00a0 podstawie przepis\u00f3w o systemie o\u015bwiaty;<\/li>\n\n\n\n<li>warto\u015bci \u015bwiadczenia w naturze;<\/li>\n\n\n\n<li>\u015bwiadczenia przys\u0142uguj\u0105cego osobie bezrobotnej na podstawie przepis\u00f3w o promocji\u00a0\u00a0\u00a0 zatrudnienia i instytucjach rynku pracy z tytu\u0142u wykonywania prac spo\u0142ecznie\u00a0\u00a0u\u017cytecznych;<\/li>\n<\/ol>\n\n\n\n<p>5a) \u015bwiadczenia pieni\u0119\u017cnego, o kt\u00f3rym mowa w ustawie z dnia 20 marca 2015 r. o dzia\u0142aczach opozycji antykomunistycznej oraz osobach represjonowanych z powod\u00f3w politycznych\u00a0 (Dz. U. z 2024 r. poz. 906), i pomocy pieni\u0119\u017cnej, o kt\u00f3rej mowa w art.19 ust.2 ustawy z dnia 24 stycznia 1991 r. o kombatantach oraz niekt\u00f3rych osobach b\u0119d\u0105cych ofiarami represji i okresu powojennego (Dz. U. z 2022 r. poz. 2039), w art.7a ust.2 ustawy z dnia 2 wrze\u015bnia 1994 r. o \u015bwiadczeniu pieni\u0119\u017cnym i uprawnieniach przys\u0142uguj\u0105cych \u017co\u0142nierzom zast\u0119pczej s\u0142u\u017cby wojskowej przymusowo zatrudnianym w kopalniach w\u0119gla, kamienio\u0142omach, zak\u0142adach md uranu i batalionach budowlanych (Dz. U. z 2021 r. poz. 1774), w art.5a ust.2 ustawy z dnia 31 maja 1996 r. o osobach deportowanych do pracy przymusowej oraz osadzonych w obozach pracy przez III Rzesz\u0119 i Zwi\u0105zek Socjalistycznych Republik Radzieckich (Dz. U. z 2021 r. poz. 1818), w art.10a ust.2 ustawy z dnia 16 listopada 2006 r.\u00a0\u00a0o \u015bwiadczeniu pieni\u0119\u017cnym i uprawnieniach przys\u0142uguj\u0105cych cywilnym niewidomym ofiarom dzia\u0142a\u0144 wojennych (Dz. U. z 2021 r. poz. 1820) oraz w art.10 ust.2 ustawy z dnia 20 marca 2015 r. o dzia\u0142aczach opozycji antykomunistycznej oraz osobach represjonowanych z powod\u00f3w politycznych;<\/p>\n\n\n\n<ol start=\"6\" class=\"wp-block-list\">\n<li>dochodu z powierzchni u\u017cytk\u00f3w rolnych poni\u017cej 1 ha przeliczeniowego;<\/li>\n\n\n\n<li>\u015bwiadczenia wychowawczego, o kt\u00f3rym mowa w ustawie z dnia 11 lutego 2016 r.\u00a0 o pomocy pa\u0144stwa w wychowywaniu dzieci (tj. Dz.U. z 2024 r. poz. 421 i 858);<\/li>\n\n\n\n<li>\u015bwiadczenia pieni\u0119\u017cnego, o kt\u00f3rym mowa w art. 8a ust. 1 ustawy z dnia 7 wrze\u015bnia 2007 r. o Karcie Polaka (tj. Dz.U. z 2023r. poz. 192).<\/li>\n\n\n\n<li>\u015bwiadczenia pieni\u0119\u017cnego przyznawanego na podstawie art.9 ustawy z dnia 22 listopada 2018 r. o grobach weteran\u00f3w walk o wolno\u015b\u0107 i niepodleg\u0142o\u015b\u0107 Polski (Dz. U. poz. 2529);<\/li>\n<\/ol>\n\n\n\n<ol class=\"wp-block-list\">\n<li>nagrody specjalnej Prezesa Rady Ministr\u00f3w przyznawanej na podstawie art.31 a ustawy\u00a0 z dnia 8 sierpnia 1996 r. o Radzie Ministr\u00f3w (Dz. U. z 2024 r. poz. 1050);<\/li>\n<\/ol>\n\n\n\n<ol class=\"wp-block-list\">\n<li>pomocy finansowej przyznawanej repatriantom, o kt\u00f3rej mowa w ustawie z dnia 9 listopada 2000 r. o repatriacji (Dz. U. z 2022 r. poz. 1105);<\/li>\n<\/ol>\n\n\n\n<ol class=\"wp-block-list\">\n<li>\u015brodk\u00f3w finansowych przyznawanych w ramach dzia\u0142a\u0144 podejmowanych przez organy\u00a0\u00a0\u00a0\u00a0 publiczne, maj\u0105cych na celu popraw\u0119 jako\u015bci powietrza lub ochron\u0119 \u015brodowiska naturalnego;<\/li>\n<\/ol>\n\n\n\n<ol class=\"wp-block-list\">\n<li>zwrotu koszt\u00f3w, o kt\u00f3rych mowa w art.39a ust.1 ustawy z dnia 14 grudnia 2016 r. &#8211; Prawo o\u015bwiatowe (Dz. U. z 2024 r. poz. 737 i 854);<\/li>\n<\/ol>\n\n\n\n<ol class=\"wp-block-list\">\n<li>\u00a0(uchylony);<\/li>\n<\/ol>\n\n\n\n<ol class=\"wp-block-list\">\n<li>\u00a0(uchylony);<\/li>\n<\/ol>\n\n\n\n<ol class=\"wp-block-list\">\n<li>kwot\u0119 dodatku energetycznego, o kt\u00f3rym mowa w art.5c ustawy z dnia 10 kwietnia\u00a0\u00a0\u00a0\u00a0 1997 r. &#8211; Prawo energetyczne (Dz. U. z 2024 r. poz. 266, 834 i 859);<\/li>\n<\/ol>\n\n\n\n<ol class=\"wp-block-list\">\n<li>kwot\u0119 dodatku os\u0142onowego, o kt\u00f3rym mowa w art.2 ust.1 ustawy z dnia 17 grudnia\u00a0\u00a0\u00a0\u00a0 2021 r. o dodatku os\u0142onowym (Dz. U. z 2024 r. poz. 953);<\/li>\n<\/ol>\n\n\n\n<ol class=\"wp-block-list\">\n<li>kwoty dodatku w\u0119glowego, o kt\u00f3rym mowa w art.2 ust.1 ustawy z dnia 5 sierpnia 2022 r. o dodatku w\u0119glowym (Dz. U. z 2024 r. poz. 1207);<\/li>\n<\/ol>\n\n\n\n<ol class=\"wp-block-list\">\n<li>kwot\u0119 dodatku dla gospodarstw domowych z tytu\u0142u wykorzystywania niekt\u00f3rych \u017ar\u00f3de\u0142 ciep\u0142a, o kt\u00f3rym mowa w art.1 pkt 2 ustawy z dnia 15 wrze\u015bnia 2022 r. o szczeg\u00f3lnych rozwi\u0105zaniach w zakresie niekt\u00f3rych \u017ar\u00f3de\u0142 ciep\u0142a w zwi\u0105zku z sytuacj\u0105 na rynku paliw (Dz. U. z 2023 r. poz. 1772, 1693 i 2760 oraz z 2024 r. poz. 859);<\/li>\n<\/ol>\n\n\n\n<ul class=\"wp-block-list\">\n<li>kwoty dodatku elektrycznego, o kt\u00f3rym mowa w art.27 ust.1 ustawy z dnia 7 pa\u017adziernika 2022 r. o szczeg\u00f3lnych rozwi\u0105zaniach s\u0142u\u017c\u0105cych ochronie odbiorc\u00f3w energii elektrycznej w 2023 roku oraz w 2024 roku w zwi\u0105zku z sytuacj\u0105 na rynku energii elektrycznej (Dz. U. z 2023 r. poz. 1704, 1785 i 2760 oraz z 2024 r. poz. 859);<\/li>\n<\/ul>\n\n\n\n<ul class=\"wp-block-list\">\n<li>kwoty bonu energetycznego, o kt\u00f3rym mowa w art.2 ustawy z dnia 23 maja 2024 r. o bonie energetycznym oraz o zmianie niekt\u00f3rych ustaw w celu ograniczenia cen energii elektrycznej, gazu ziemnego i ciep\u0142a systemowego (Dz. U. poz. 859).<\/li>\n<\/ul>\n\n\n\n<p><strong>W stosunku do os\u00f3b prowadz\u0105cych pozarolnicz\u0105 dzia\u0142alno\u015b\u0107 gospodarcz\u0105:<\/strong><\/p>\n\n\n\n<ol start=\"1\" class=\"wp-block-list\">\n<li>opodatkowan\u0105 podatkiem dochodowym od os\u00f3b fizycznych na zasadach okre\u015blonych\u00a0w przepisach o podatku dochodowym od os\u00f3b fizycznych &#8211; za doch\u00f3d przyjmuje si\u0119\u00a0przych\u00f3d z tej dzia\u0142alno\u015bci pomniejszony o koszty uzyskania przychodu, obci\u0105\u017cenie\u00a0 podatkiem nale\u017cnym okre\u015blonym w przepisach o podatku dochodowym od os\u00f3b fizycznych i sk\u0142adkami na ubezpieczenie zdrowotne okre\u015blonymi w przepisach o\u00a0 \u015bwiadczeniach opieki zdrowotnej finansowanych ze \u015brodk\u00f3w publicznych, zwi\u0105zane z prowadzeniem tej dzia\u0142alno\u015bci oraz odliczonymi od dochodu sk\u0142adkami na ubezpieczenia spo\u0142eczne\u00a0 niezaliczonymi do koszt\u00f3w uzyskania przychod\u00f3w, okre\u015blonymi w odr\u0119bnych przepisach, z tym \u017ce doch\u00f3d ustala si\u0119, dziel\u0105c kwot\u0119 dochodu z dzia\u0142alno\u015bci gospodarczej wykazanego w zeznaniu podatkowym z\u0142o\u017conym za poprzedni rok kalendarzowy przez liczb\u0119 miesi\u0119cy, w kt\u00f3rych podatnik prowadzi\u0142 dzia\u0142alno\u015b\u0107, a je\u017celi nie prowadzi\u0142 dzia\u0142alno\u015bci, za doch\u00f3d przyjmuje si\u0119 kwot\u0119 zadeklarowan\u0105 w o\u015bwiadczeniu tej osoby<\/li>\n\n\n\n<li>opodatkowan\u0105 na zasadach okre\u015blonych w przepisach o zrycza\u0142towanym podatku\u00a0 dochodowym od niekt\u00f3rych przychod\u00f3w osi\u0105ganych przez osoby fizyczne &#8211; za doch\u00f3d przyjmuje si\u0119 kwot\u0119 zadeklarowan\u0105 w o\u015bwiadczeniu tej osoby.<\/li>\n<\/ol>\n\n\n\n<p>W sytuacji gdy podatnik \u0142\u0105czy przychody z dzia\u0142alno\u015bci gospodarczej z innymi przychodami lub rozlicza si\u0119 wsp\u00f3lnie z ma\u0142\u017conkiem, przez podatek nale\u017cny rozumie si\u0119 podatek wyliczony w takiej proporcji, w jakiej pozostaje doch\u00f3d podatnika z pozarolniczej dzia\u0142alno\u015bci gospodarczej\u00a0wynikaj\u0105cy z deklaracji podatkowych do sumy wszystkich wykazanych w nich dochod\u00f3w.<\/p>\n\n\n\n<p><strong>Wysoko\u015b\u0107 dochodu z pozarolniczej dzia\u0142alno\u015bci gospodarczej w przypadku prowadzenia dzia\u0142alno\u015bci opodatkowanej na zasadach okre\u015blonych w przepisach o podatku dochodowym od os\u00f3b fizycznych ustala si\u0119 na podstawie za\u015bwiadczenia wydanego przez naczelnika&nbsp;&nbsp;&nbsp;&nbsp;&nbsp;&nbsp;&nbsp;&nbsp;&nbsp;&nbsp; w\u0142a\u015bciwego urz\u0119du skarbowego, zawieraj\u0105cego informacj\u0119 o wysoko\u015bci:<\/strong><\/p>\n\n\n\n<ol start=\"1\" class=\"wp-block-list\">\n<li>przychodu;<\/li>\n\n\n\n<li>koszt\u00f3w uzyskania przychodu;<\/li>\n\n\n\n<li>r\u00f3\u017cnicy pomi\u0119dzy przychodem a kosztami jego uzyskania;<\/li>\n\n\n\n<li>dochod\u00f3w z innych \u017ar\u00f3de\u0142 ni\u017c pozarolnicza dzia\u0142alno\u015b\u0107 gospodarcza w przypadkach, o kt\u00f3rych mowa w ust.6;<\/li>\n\n\n\n<li>odliczonych od dochodu sk\u0142adek na ubezpieczenia spo\u0142eczne;<\/li>\n\n\n\n<li>nale\u017cnego podatku;<\/li>\n\n\n\n<li>odliczonych od podatku sk\u0142adek na ubezpieczenie zdrowotne zwi\u0105zanych z prowadzeniem pozarolniczej dzia\u0142alno\u015bci gospodarczej.<\/li>\n<\/ol>\n\n\n\n<p>Wysoko\u015b\u0107 dochodu z pozarolniczej dzia\u0142alno\u015bci gospodarczej w przypadku prowadzenia\u00a0\u00a0\u00a0\u00a0\u00a0\u00a0\u00a0\u00a0\u00a0\u00a0\u00a0\u00a0\u00a0\u00a0 dzia\u0142alno\u015bci na zasadach okre\u015blonych w przepisach o zrycza\u0142towanym podatku dochodowym\u00a0od niekt\u00f3rych przychod\u00f3w osi\u0105ganych przez osoby fizyczne ustala si\u0119 na podstawie\u00a0\u00a0\u00a0\u00a0\u00a0\u00a0\u00a0\u00a0\u00a0\u00a0\u00a0\u00a0\u00a0\u00a0\u00a0\u00a0\u00a0\u00a0\u00a0\u00a0\u00a0\u00a0\u00a0\u00a0\u00a0\u00a0 za\u015bwiadczenia wydanego przez naczelnika w\u0142a\u015bciwego urz\u0119du skarbowego zawieraj\u0105cego\u00a0\u00a0\u00a0\u00a0\u00a0\u00a0\u00a0\u00a0\u00a0\u00a0\u00a0\u00a0\u00a0\u00a0 informacj\u0119 o formie opodatkowania oraz na podstawie dowodu op\u0142acenia sk\u0142adek w Zak\u0142adzie Ubezpiecze\u0144 Spo\u0142ecznych.<\/p>\n\n\n\n<p>Przy ustalaniu prawa do zasi\u0142k\u00f3w sta\u0142ego i okresowego w sk\u0142adzie rodziny nie uwzgl\u0119dnia si\u0119 dzieci wychowywanych w rodzinie zast\u0119pczej lub rodzinnym domu dziecka oraz pe\u0142noletnich wychowank\u00f3w rodziny zast\u0119pczej lub rodzinnego domu dziecka, a do dochodu rodziny nie wlicza si\u0119 ich dochod\u00f3w oraz \u015bwiadcze\u0144 na pokrycie koszt\u00f3w ich utrzymania i dodatk\u00f3w przyznanych na podstawie przepis\u00f3w o wspieraniu rodziny i systemie pieczy zast\u0119pczej.<\/p>\n\n\n\n<p>Przy ustalaniu wysoko\u015bci odp\u0142atno\u015bci za pobyt osoby w domu pomocy spo\u0142ecznej, w sk\u0142adzie rodziny uwzgl\u0119dnia si\u0119 innych cz\u0142onk\u00f3w rodziny przebywaj\u0105cych w instytucjonalnych plac\u00f3wkach opieki, je\u017celi rodzina ponosi odp\u0142atno\u015b\u0107 za ich pobyt.<\/p>\n\n\n\n<p>Osobie odbywaj\u0105cej kar\u0119 pozbawienia wolno\u015bci, z wyj\u0105tkiem os\u00f3b odbywaj\u0105cych t\u0119 kar\u0119 w systemie dozoru elektronicznego, \u00a0nie przys\u0142uguje prawo do \u015bwiadcze\u0144 z pomocy spo\u0142ecznej. Osobie tymczasowo aresztowanej zawiesza si\u0119 prawo do \u015bwiadcze\u0144 z pomocy spo\u0142ecznej. Za okres tymczasowego aresztowania nie udziela si\u0119 \u015bwiadcze\u0144.<\/p>\n","protected":false},"excerpt":{"rendered":"<p>Pomocy spo\u0142ecznej udziela si\u0119 osobom i rodzinom w szczeg\u00f3lno\u015bci z powodu: 1) ub\u00f3stwa;2) sieroctwa;3) bezdomno\u015bci;4) bezrobocia;5) niepe\u0142nosprawno\u015bci;6) d\u0142ugotrwa\u0142ej lub ci\u0119\u017ckiej choroby;7) przemocy domowej;7a) potrzeby ochrony ofiar handlu lud\u017ami;8) potrzeby ochrony macierzy\u0144stwa lub wielodzietno\u015bci;9) bezradno\u015bci w sprawach opieku\u0144czo-wychowawczych i prowadzenia gospodarstwa domowego, zw\u0142aszcza w rodzinach niepe\u0142nych lub wielodzietnych;10) (uchylony)11) trudno\u015bci w integracji cudzoziemc\u00f3w, kt\u00f3rzy uzyskali w [&hellip;]<\/p>\n","protected":false},"author":1,"featured_media":0,"parent":0,"menu_order":0,"comment_status":"closed","ping_status":"closed","template":"","meta":{"footnotes":""},"class_list":["post-1200","page","type-page","status-publish","hentry"],"_links":{"self":[{"href":"http:\/\/www.gopsolesno.pl\/index.php?rest_route=\/wp\/v2\/pages\/1200","targetHints":{"allow":["GET"]}}],"collection":[{"href":"http:\/\/www.gopsolesno.pl\/index.php?rest_route=\/wp\/v2\/pages"}],"about":[{"href":"http:\/\/www.gopsolesno.pl\/index.php?rest_route=\/wp\/v2\/types\/page"}],"author":[{"embeddable":true,"href":"http:\/\/www.gopsolesno.pl\/index.php?rest_route=\/wp\/v2\/users\/1"}],"replies":[{"embeddable":true,"href":"http:\/\/www.gopsolesno.pl\/index.php?rest_route=%2Fwp%2Fv2%2Fcomments&post=1200"}],"version-history":[{"count":3,"href":"http:\/\/www.gopsolesno.pl\/index.php?rest_route=\/wp\/v2\/pages\/1200\/revisions"}],"predecessor-version":[{"id":1826,"href":"http:\/\/www.gopsolesno.pl\/index.php?rest_route=\/wp\/v2\/pages\/1200\/revisions\/1826"}],"wp:attachment":[{"href":"http:\/\/www.gopsolesno.pl\/index.php?rest_route=%2Fwp%2Fv2%2Fmedia&parent=1200"}],"curies":[{"name":"wp","href":"https:\/\/api.w.org\/{rel}","templated":true}]}}