{"id":156,"date":"2016-09-16T23:02:22","date_gmt":"2016-09-16T21:02:22","guid":{"rendered":"http:\/\/www.gopsolesno.pl\/?page_id=156"},"modified":"2016-11-01T17:37:00","modified_gmt":"2016-11-01T16:37:00","slug":"rodzaje-swiadczen","status":"publish","type":"page","link":"http:\/\/www.gopsolesno.pl\/?page_id=156","title":{"rendered":"RODZAJE \u015aWIADCZE\u0143"},"content":{"rendered":"<h2><a href=\"http:\/\/www.gopsolesno.pl\/pomoc-spoleczna\/rodzaje-swiadczen\/swiadczenia-niepieniezne\/\"><span style=\"text-decoration: underline; color: #000080;\"><strong>\u015aWIADCZENIA NIEPIENI\u0118\u017bNE<\/strong><\/span><\/a><\/h2>\n<h2><a href=\"http:\/\/www.gopsolesno.pl\/pomoc-spoleczna\/rodzaje-swiadczen\/swiadczenia-pieniezne\/\"><span style=\"text-decoration: underline; color: #000080;\"><strong>\u015aWIADCZENIA PIENI\u0118\u017bNE<\/strong><\/span><\/a><\/h2>\n","protected":false},"excerpt":{"rendered":"<p>\u015aWIADCZENIA NIEPIENI\u0118\u017bNE \u015aWIADCZENIA PIENI\u0118\u017bNE<\/p>\n","protected":false},"author":1,"featured_media":0,"parent":88,"menu_order":0,"comment_status":"closed","ping_status":"closed","template":"","meta":{"footnotes":""},"class_list":["post-156","page","type-page","status-publish","hentry"],"_links":{"self":[{"href":"http:\/\/www.gopsolesno.pl\/index.php?rest_route=\/wp\/v2\/pages\/156","targetHints":{"allow":["GET"]}}],"collection":[{"href":"http:\/\/www.gopsolesno.pl\/index.php?rest_route=\/wp\/v2\/pages"}],"about":[{"href":"http:\/\/www.gopsolesno.pl\/index.php?rest_route=\/wp\/v2\/types\/page"}],"author":[{"embeddable":true,"href":"http:\/\/www.gopsolesno.pl\/index.php?rest_route=\/wp\/v2\/users\/1"}],"replies":[{"embeddable":true,"href":"http:\/\/www.gopsolesno.pl\/index.php?rest_route=%2Fwp%2Fv2%2Fcomments&post=156"}],"version-history":[{"count":3,"href":"http:\/\/www.gopsolesno.pl\/index.php?rest_route=\/wp\/v2\/pages\/156\/revisions"}],"predecessor-version":[{"id":327,"href":"http:\/\/www.gopsolesno.pl\/index.php?rest_route=\/wp\/v2\/pages\/156\/revisions\/327"}],"up":[{"embeddable":true,"href":"http:\/\/www.gopsolesno.pl\/index.php?rest_route=\/wp\/v2\/pages\/88"}],"wp:attachment":[{"href":"http:\/\/www.gopsolesno.pl\/index.php?rest_route=%2Fwp%2Fv2%2Fmedia&parent=156"}],"curies":[{"name":"wp","href":"https:\/\/api.w.org\/{rel}","templated":true}]}}