{"id":162,"date":"2016-09-16T23:09:29","date_gmt":"2016-09-16T21:09:29","guid":{"rendered":"http:\/\/www.gopsolesno.pl\/?page_id=162"},"modified":"2025-01-23T11:04:59","modified_gmt":"2025-01-23T10:04:59","slug":"swiadczenia-pieniezne","status":"publish","type":"page","link":"http:\/\/www.gopsolesno.pl\/?page_id=162","title":{"rendered":"\u015aWIADCZENIA PIENI\u0118\u017bNE"},"content":{"rendered":"\n<p><strong>1. Zasi\u0142ek sta\u0142y<\/strong> \u2013 jest to \u015bwiadczenie, przys\u0142uguj\u0105ce na podstawie art. 37 ustawy o pomocy spo\u0142ecznej;<\/p>\n\n\n\n<p>pe\u0142noletniej osobie samotnie gospodaruj\u0105cej, niezdolnej do pracy z powodu wieku lub ca\u0142kowicie niezdolnej do pracy, je\u017celi jej doch\u00f3d jest ni\u017cszy od kryterium dochodowego osoby samotnie gospodaruj\u0105cej;<br>pe\u0142noletniej osobie pozostaj\u0105cej w rodzinie, niezdolnej do pracy z powodu wieku lub ca\u0142kowicie niezdolnej do pracy, je\u017celi jej doch\u00f3d, jak r\u00f3wnie\u017c doch\u00f3d na osob\u0119 w rodzinie s\u0105 ni\u017csze od kryterium dochodowego na osob\u0119 w rodzinie.<\/p>\n\n\n\n<p><strong>Zasi\u0142ek sta\u0142y udziela si\u0119 w wysoko\u015bci:<\/strong><\/p>\n\n\n\n<p>1. w przypadku osoby samotnie gospodaruj\u0105cej \u2013 r\u00f3\u017cnicy mi\u0119dzy kwot\u0105 stanowi\u0105c\u0105 130% kryterium dochodowego osoby samotnie gospodaruj\u0105cej a dochodem tej osoby, z tym \u017ce kwota zasi\u0142ku nie mo\u017ce by\u0107 wy\u017csza ni\u017c 1229 z\u0142 miesi\u0119cznie;<br>2. w przypadku osoby w rodzinie \u2013 r\u00f3\u017cnicy mi\u0119dzy kwot\u0105 stanowi\u0105c\u0105 130% kryterium dochodowego na osob\u0119 w rodzinie a dochodem na osob\u0119 w rodzinie.<br>3. Kwota zasi\u0142ku sta\u0142ego nie mo\u017ce by\u0107 ni\u017csza ni\u017c 100 z\u0142 miesi\u0119cznie.<br>4. W przypadku zbiegu uprawnie\u0144 do zasi\u0142ku sta\u0142ego i renty socjalnej, \u015bwiadczenia piel\u0119gnacyjnego, specjalnego zasi\u0142ku opieku\u0144czego, dodatku z tytu\u0142u samotnego wychowywania dziecka i utraty prawa do zasi\u0142ku dla bezrobotnych na skutek up\u0142ywu ustawowego okresu jego pobierania lub zasi\u0142ku dla opiekuna, zasi\u0142ek sta\u0142y nie przys\u0142uguje.<br>5. Osob\u0119 przebywaj\u0105c\u0105 w domu pomocy spo\u0142ecznej lub ubiegaj\u0105c\u0105 si\u0119 o przyj\u0119cie do niego uznaje si\u0119 za osob\u0119 samotnie gospodaruj\u0105c\u0105, je\u017celi przed przyj\u0119ciem do domu pomocy spo\u0142ecznej lub rozpocz\u0119ciem oczekiwania na miejsce w takim domu by\u0142a uprawniona do zasi\u0142ku sta\u0142ego.<br>6. Przy ustalaniu uprawnienia oraz wysoko\u015bci zasi\u0142ku sta\u0142ego do dochodu nie wlicza si\u0119 kwoty zasi\u0142ku okresowego.<\/p>\n\n\n\n<p><strong>2. Zasi\u0142ek okresowy<\/strong> \u2013 \u015bwiadczenie przys\u0142uguje na podstawie art. 38 ustawy o pomocy spo\u0142ecznej;<\/p>\n\n\n\n<p>Przys\u0142uguje w szczeg\u00f3lno\u015bci ze wzgl\u0119du na d\u0142ugotrwa\u0142\u0105 chorob\u0119, niepe\u0142nosprawno\u015b\u0107, bezrobocie, mo\u017cliwo\u015b\u0107 utrzymania lub nabycia uprawnie\u0144 do \u015bwiadcze\u0144 z innych system\u00f3w zabezpieczenia spo\u0142ecznego:<\/p>\n\n\n\n<p>1. osobie samotnie gospodaruj\u0105cej, kt\u00f3rej doch\u00f3d jest ni\u017cszy od kryterium dochodowego osoby samotnie gospodaruj\u0105cej;<br>2. rodzinie, kt\u00f3rej doch\u00f3d jest ni\u017cszy od kryterium dochodowego rodziny.<\/p>\n\n\n\n<p><strong>Zasi\u0142ek okresowy ustala si\u0119:<\/strong><\/p>\n\n\n\n<p>1. w przypadku osoby samotnie gospodaruj\u0105cej \u2013 do wysoko\u015bci r\u00f3\u017cnicy mi\u0119dzy kryterium dochodowym osoby samotnie gospodaruj\u0105cej a dochodem tej osoby, z tym \u017ce miesi\u0119czna kwota zasi\u0142ku nie mo\u017ce by\u0107 wy\u017csza ni\u017c kwota kryterium dochodowego na osob\u0119 w rodzinie;<br>2. w przypadku rodziny \u2013 do wysoko\u015bci r\u00f3\u017cnicy mi\u0119dzy kryterium dochodowym rodziny a dochodem tej rodziny.<\/p>\n\n\n\n<p><strong>Kwota zasi\u0142ku okresowego ustalona zgodnie z ust. 2 nie mo\u017ce by\u0107 ni\u017csza ni\u017c 50% r\u00f3\u017cnicy mi\u0119dzy:<\/strong><\/p>\n\n\n\n<p>1. kryterium dochodowym osoby samotnie gospodaruj\u0105cej a dochodem tej osoby;<br>2. kryterium dochodowym rodziny a dochodem tej rodziny.<\/p>\n\n\n\n<p><strong>Kwota zasi\u0142ku okresowego nie mo\u017ce by\u0107 ni\u017csza ni\u017c 20 z\u0142 miesi\u0119cznie.<\/strong><\/p>\n\n\n\n<p>W przypadku podj\u0119cia zatrudnienia przez osob\u0119 obj\u0119t\u0105 kontraktem socjalnym pobieraj\u0105c\u0105 zasi\u0142ek okresowy, mo\u017ce by\u0107 on wyp\u0142acany nadal niezale\u017cnie od dochodu, do dnia wynikaj\u0105cego z decyzji przyznaj\u0105cej zasi\u0142ek okresowy, nie d\u0142u\u017cej jednak ni\u017c do 2 miesi\u0119cy od dnia, w kt\u00f3rym osoba zosta\u0142a zatrudniona. W tej sytuacji zasi\u0142ek okresowy jest wyp\u0142acany niezale\u017cnie od dochodu w sytuacji okre\u015blonej w ust. 4a nie cz\u0119\u015bciej ni\u017c raz na 2 lata.<\/p>\n\n\n\n<p>Okres, na jaki jest przyznawany zasi\u0142ek okresowy, ustala o\u015brodek pomocy spo\u0142ecznej na podstawie okoliczno\u015bci sprawy.<\/p>\n\n\n\n<p>Zasi\u0142ek okresowy mo\u017ce by\u0107 przyznany w szczeg\u00f3lnie uzasadnionych przypadkach osobie albo rodzinie o dochodach przekraczaj\u0105cych kryterium dochodowe, ale pod warunkiem zwrotu cz\u0119\u015bci lub ca\u0142o\u015bci kwoty zasi\u0142ku.<\/p>\n\n\n\n<p><strong>3. Zasi\u0142ek celowy<\/strong> \u2013 jest \u015bwiadczeniem, przyznawanym na podstawie art. 39 ustawy o pomocy spo\u0142ecznej;<\/p>\n\n\n\n<p>Zasi\u0142ek celowy mo\u017ce by\u0107 przyznany w szczeg\u00f3lno\u015bci na pokrycie cz\u0119\u015bci lub ca\u0142o\u015bci koszt\u00f3w zakupu \u017cywno\u015bci, lek\u00f3w, \u015brodk\u00f3w spo\u017cywczych specjalnego przeznaczenia \u017cywieniowego, wyrob\u00f3w medycznych i leczenia, ogrzewania, w tym opa\u0142u, odzie\u017cy, niezb\u0119dnych przedmiot\u00f3w u\u017cytku domowego, drobnych remont\u00f3w i napraw w mieszkaniu, a tak\u017ce koszt\u00f3w pogrzebu.<\/p>\n\n\n\n<p>Osobom bezdomnym i innym osobom niemaj\u0105cym dochodu oraz mo\u017cliwo\u015bci uzyskania \u015bwiadcze\u0144 na podstawie przepis\u00f3w o \u015bwiadczeniach opieki zdrowotnej finansowanych ze \u015brodk\u00f3w publicznych mo\u017ce by\u0107 przyznany zasi\u0142ek celowy na pokrycie cz\u0119\u015bci lub ca\u0142o\u015bci wydatk\u00f3w na \u015bwiadczenia zdrowotne.<\/p>\n\n\n\n<p>Zasi\u0142ek celowy mo\u017ce by\u0107 przyznany w formie biletu kredytowanego.<\/p>\n\n\n\n<p>Zasi\u0142ek celowy mo\u017ce by\u0107 przyznany r\u00f3wnie\u017c w celu realizacji postanowie\u0144 kontraktu socjalnego. W\u00f3wczas mo\u017ce by\u0107 wyp\u0142acany niezale\u017cnie od dochodu, przez okres do 2 miesi\u0119cy od dnia, w kt\u00f3rym osoba obj\u0119ta kontraktem socjalnym, w trakcie jego realizacji, sta\u0142a si\u0119 osob\u0105 zatrudnion\u0105.<\/p>\n\n\n\n<p>4. <strong>Zasi\u0142ek celowy<\/strong> na pokrycie wydatk\u00f3w powsta\u0142ych w wyniku zdarzenia celowego \u2013 jest to \u015bwiadczenie przys\u0142uguj\u0105ce na podstawie art. 40 ust. 1 ustawy o pomocy spo\u0142ecznej i mo\u017ce by\u0107 przyznane osobie albo rodzinie, kt\u00f3re ponios\u0142y straty w wyniku zdarzenia losowego. W takim przypadku, zasi\u0142ek mo\u017ce by\u0107 przyznany niezale\u017cnie od dochodu i mo\u017ce nie podlega\u0107 zwrotowi.<\/p>\n\n\n\n<p>5. <strong>Zasi\u0142ek celowy<\/strong> na podstawie wydatk\u00f3w zwi\u0105zanych z kl\u0119sk\u0105 \u017cywio\u0142ow\u0105 lub ekologiczn\u0105 \u2013 jest to \u015bwiadczenie przys\u0142uguj\u0105ce na podstawie art. 40 ust. 2 ustawy o pomocy spo\u0142ecznej i mo\u017ce by\u0107 przyznane osobie albo rodzinie, kt\u00f3re ponios\u0142y straty w wyniku kl\u0119ski \u017cywio\u0142owej lub ekologicznej. W takim przypadku, zasi\u0142ek mo\u017ce by\u0107 przyznany niezale\u017cnie od dochodu i mo\u017ce nie podlega\u0107 zwrotowi.<\/p>\n\n\n\n<p>6. <strong>Specjalny zasi\u0142ek celowy<\/strong> \u2013 jest \u015bwiadczeniem przys\u0142uguj\u0105cym na podstawie art. 41 pkt 1 ustawy o pomocy spo\u0142ecznej i mo\u017ce by\u0107 przyznany w szczeg\u00f3lnie uzasadnionych przypadkach osobie albo rodzinie o dochodach przekraczaj\u0105cych kryterium ustawowe &#8211; w wysoko\u015bci nieprzekraczaj\u0105cej odpowiednio kryterium dochodowego osoby samotnie gospodaruj\u0105cej lub rodziny, kt\u00f3ry nie podlega zwrotowi<\/p>\n\n\n\n<p>7. <strong>Zasi\u0142ek celowy na zasadach zwrotu<\/strong> \u2013 \u015bwiadczenie to mo\u017ce by\u0107 przyznane w szczeg\u00f3lnie uzasadnionych przypadkach osobie albo rodzinie o dochodach przekraczaj\u0105cych kryterium dochodowe, ale pod warunkiem zwrotu cz\u0119\u015bci lub ca\u0142o\u015bci kwoty zasi\u0142ku lub wydatk\u00f3w na pomoc rzeczow\u0105. (art. 41 pkt 2 ustawy o pomocy spo\u0142ecznej)<\/p>\n\n\n\n<p>8. <strong>Wynagrodzenie za sprawowanie opieki<\/strong> wyp\u0142aca si\u0119 w wysoko\u015bci ustalonej przez s\u0105d.\u00a0\u00a0\u00a0\u00a0\u00a0\u00a0\u00a0\u00a0\u00a0\u00a0\u00a0 Wynagrodzenie to obliczone w stosunku miesi\u0119cznym nie mo\u017ce przekracza\u0107 1\/10 przeci\u0119tnego miesi\u0119cznego wynagrodzenia w sektorze przedsi\u0119biorstw, bez wyp\u0142at nagr\u00f3d z zysku, og\u0142oszonego przez Prezesa G\u0142\u00f3wnego Urz\u0119du Statystycznego za okres poprzedzaj\u0105cy dzie\u0144 przyznania\u00a0 wynagrodzenia. Udzielenie \u015bwiadcze\u0144 w postaci wynagrodzenia za sprawowanie opieki nie wymaga\u00a0\u00a0\u00a0\u00a0\u00a0\u00a0\u00a0\u00a0\u00a0\u00a0\u00a0\u00a0\u00a0\u00a0\u00a0\u00a0\u00a0\u00a0\u00a0\u00a0\u00a0 przeprowadzenia rodzinnego wywiadu \u015brodowiskowego oraz wydania decyzji administracyjnej.<\/p>\n","protected":false},"excerpt":{"rendered":"<p>1. Zasi\u0142ek sta\u0142y \u2013 jest to \u015bwiadczenie, przys\u0142uguj\u0105ce na podstawie art. 37 ustawy o pomocy spo\u0142ecznej; pe\u0142noletniej osobie samotnie gospodaruj\u0105cej, niezdolnej do pracy z powodu wieku lub ca\u0142kowicie niezdolnej do pracy, je\u017celi jej doch\u00f3d jest ni\u017cszy od kryterium dochodowego osoby samotnie gospodaruj\u0105cej;pe\u0142noletniej osobie pozostaj\u0105cej w rodzinie, niezdolnej do pracy z powodu wieku lub ca\u0142kowicie niezdolnej [&hellip;]<\/p>\n","protected":false},"author":1,"featured_media":0,"parent":156,"menu_order":0,"comment_status":"closed","ping_status":"closed","template":"","meta":{"footnotes":""},"class_list":["post-162","page","type-page","status-publish","hentry"],"_links":{"self":[{"href":"http:\/\/www.gopsolesno.pl\/index.php?rest_route=\/wp\/v2\/pages\/162","targetHints":{"allow":["GET"]}}],"collection":[{"href":"http:\/\/www.gopsolesno.pl\/index.php?rest_route=\/wp\/v2\/pages"}],"about":[{"href":"http:\/\/www.gopsolesno.pl\/index.php?rest_route=\/wp\/v2\/types\/page"}],"author":[{"embeddable":true,"href":"http:\/\/www.gopsolesno.pl\/index.php?rest_route=\/wp\/v2\/users\/1"}],"replies":[{"embeddable":true,"href":"http:\/\/www.gopsolesno.pl\/index.php?rest_route=%2Fwp%2Fv2%2Fcomments&post=162"}],"version-history":[{"count":7,"href":"http:\/\/www.gopsolesno.pl\/index.php?rest_route=\/wp\/v2\/pages\/162\/revisions"}],"predecessor-version":[{"id":1834,"href":"http:\/\/www.gopsolesno.pl\/index.php?rest_route=\/wp\/v2\/pages\/162\/revisions\/1834"}],"up":[{"embeddable":true,"href":"http:\/\/www.gopsolesno.pl\/index.php?rest_route=\/wp\/v2\/pages\/156"}],"wp:attachment":[{"href":"http:\/\/www.gopsolesno.pl\/index.php?rest_route=%2Fwp%2Fv2%2Fmedia&parent=162"}],"curies":[{"name":"wp","href":"https:\/\/api.w.org\/{rel}","templated":true}]}}