{"id":164,"date":"2016-09-16T23:09:57","date_gmt":"2016-09-16T21:09:57","guid":{"rendered":"http:\/\/www.gopsolesno.pl\/?page_id=164"},"modified":"2022-01-11T10:51:52","modified_gmt":"2022-01-11T09:51:52","slug":"swiadczenia-niepieniezne","status":"publish","type":"page","link":"http:\/\/www.gopsolesno.pl\/?page_id=164","title":{"rendered":"\u015aWIADCZENIA NIEPIENI\u0118\u017bNE"},"content":{"rendered":"<h2><strong>\u00a0\u00a0 \u015awiadczenia niepieni\u0119\u017cne<\/strong><u><br \/>\n<\/u><\/h2>\n<p><strong>\u00a0\u00a0 <span style=\"text-decoration: underline;\">Praca socjalna, poradnictwo specjalistyczne,<\/span><\/strong> <strong><span style=\"text-decoration: underline;\">interwencja kryzysowa, pomoc instytucjonalna<\/span>.<\/strong><u><br \/>\n<\/u><\/p>\n<p>O\u015brodek Pomocy Spo\u0142ecznej oferuje osobom i rodzinom pomoc w formie pracy socjalnej, poradnictwa specjalistycznego w szczeg\u00f3lno\u015bci prawnego, psychologicznego, pedagogicznego.<br \/>\nPracownicy socjalni udzielaj\u0105 r\u00f3wnie\u017c pomocy w za\u0142atwieniu spraw urz\u0119dowych oraz w utrzymaniu kontakt\u00f3w z otoczeniem.<br \/>\nNiezale\u017cnie od kryterium dochodowego osobom i rodzinom udzielana jest pomoc w postaci pracy socjalnej, poradnictwa specjalistycznego, w szczeg\u00f3lno\u015bci prawnego i psychologicznego. S\u0105 to \u015bwiadczenia fakultatywne.<u><br \/>\n<\/u><\/p>\n<p><strong>\u00a0\u00a0 <span style=\"text-decoration: underline;\">W zakresie do\u017cywiania O\u015brodek Pomocy Spo\u0142ecznej realizuje program \u201ePosi\u0142ek w szkole i w domu\u201d<\/span><\/strong>.<br \/>\nW ramach Programu s\u0105 realizowane dzia\u0142ania dotycz\u0105ce w szczeg\u00f3lno\u015bci:<u><br \/>\n<\/u><\/p>\n<ul>\n<li>dzieci do 7 roku \u017cycia,<\/li>\n<li>uczni\u00f3w do czasu uko\u0144czenia szko\u0142y ponadgimnazjalnej,<\/li>\n<li>os\u00f3b i rodzin znajduj\u0105cych si\u0119 w sytuacjach wymienionych w art. 7 ustawy z dnia 12 marca 2004 r. o pomocy spo\u0142ecznej (<strong><u>t. j. Dz.U. 2021 poz. 2268 z p\u00f3\u017an. zm<\/u><\/strong>), w szczeg\u00f3lno\u015bci os\u00f3b samotnych,<br \/>\nw podesz\u0142ym wieku, chorych lub niepe\u0142nosprawnych w formie posi\u0142ku, \u015bwiadczenia pieni\u0119\u017cnego na zakup posi\u0142ku lub \u017cywno\u015bci albo \u015bwiadczenia rzeczowego w postaci produkt\u00f3w \u017cywno\u015bciowych.<br \/>\nPomoc w zakresie do\u017cywiania mo\u017ce by\u0107 przyznana osobom i rodzinom, o kt\u00f3rych mowa wy\u017cej, je\u017celi doch\u00f3d osoby samotnie gospodaruj\u0105cej lub doch\u00f3d na osob\u0119 w rodzinie nie przekracza 150 % kryterium dochodowego, o kt\u00f3rym mowa odpowiednio w art. 8 ust. 1 pkt 1 i 2 ustawy o pomocy spo\u0142ecznej.<u><br \/>\n<\/u><\/li>\n<\/ul>\n<p>W przypadku:<u><br \/>\n<\/u><\/p>\n<ul>\n<li>osoby samotnie gospodaruj\u0105cej, jest to kwota <strong>1164,00\u00a0z\u0142<\/strong>,<\/li>\n<li>rodziny <strong>900,00\u00a0z\u0142<\/strong> na osob\u0119 w rodzinie.<u><br \/>\n<\/u><\/li>\n<\/ul>\n<p><strong>\u00a0\u00a0 <span style=\"text-decoration: underline;\">Us\u0142ugi opieku\u0144cze i specjalistyczne<\/span><\/strong> <strong><span style=\"text-decoration: underline;\">us\u0142ugi opieku\u0144cze<\/span>.<\/strong><u><br \/>\n<\/u><\/p>\n<p>Mog\u0105 by\u0107 przyznane osobie samotnej, kt\u00f3ra z powodu wieku, choroby lub innych przyczyn wymaga pomocy innych os\u00f3b. Us\u0142ugi mog\u0105 by\u0107 przyznane tak\u017ce osobie, kt\u00f3ra wymaga pomocy innych os\u00f3b, a rodzina nie mo\u017ce takiej pomocy zapewni\u0107. Us\u0142ugi opieku\u0144cze obejmuj\u0105 pomoc w zaspokajaniu codziennych potrzeb \u017cyciowych, opiek\u0119 higieniczn\u0105, zalecon\u0105 przez lekarza piel\u0119gnacj\u0119 oraz, w miar\u0119 mo\u017cliwo\u015bci, zapewnienie kontakt\u00f3w z otoczeniem. Specjalistyczne us\u0142ugi opieku\u0144cze s\u0105 to us\u0142ugi dostosowane do szczeg\u00f3lnych potrzeb wynikaj\u0105cych z rodzaju schorzenia lub niepe\u0142nosprawno\u015bci, \u015bwiadczone przez osoby ze specjalistycznym przygotowaniem zawodowym.<\/p>\n<p><u>\u00a0<\/u><\/p>\n<ol>\n<li><strong>Pobyt i us\u0142ugi w domu pomocy spo\u0142ecznej.<\/strong><\/li>\n<\/ol>\n<p><u>\u00a0<\/u><\/p>\n<p>W razie niemo\u017cno\u015bci zapewnienia us\u0142ug opieku\u0144czych w miejscu zamieszkania klienta, przez rodzin\u0119 i gmin\u0119 osoba wymagaj\u0105ca opieki ca\u0142odobowej (art. 54 ustawy o pomocy spo\u0142ecznej), pracownicy socjalni czyni\u0105 starania o umieszczenie w Domu Pomocy Spo\u0142ecznej, tj. plac\u00f3wce pobytu sta\u0142ego zapewniaj\u0105cej ca\u0142odobow\u0105 opiek\u0119. Osob\u0119 w\/wym kieruje si\u0119 do domu pomocy spo\u0142ecznej odpowiedniego typu, zlokalizowanego jak najbli\u017cej miejsca zamieszkania osoby kierowanej, chyba \u017ce okoliczno\u015bci sprawy wskazuj\u0105 inaczej, po uzyskaniu zgody tej osoby lub jej przedstawiciela ustawowego na umieszczenie w domu pomocy spo\u0142ecznej.<br \/>\nOsoba wymagaj\u0105ca wzmo\u017conej opieki medycznej kierowana jest przez starost\u0119 do zak\u0142adu opieku\u0144czo-leczniczego lub plac\u00f3wki piel\u0119gnacyjno &#8211; opieku\u0144czej. W przypadku gdy osoba bezwzgl\u0119dnie wymagaj\u0105ca pomocy lub jej przedstawiciel ustawowy nie wyra\u017caj\u0105 zgody na umieszczenie w domu pomocy spo\u0142ecznej lub po umieszczeniu wycofuj\u0105 swoj\u0105 zgod\u0119, o\u015brodek pomocy spo\u0142ecznej lub dom pomocy spo\u0142ecznej s\u0105 obowi\u0105zane do zawiadomienia o tym w\u0142a\u015bciwego s\u0105du, a je\u017celi osoba taka nie ma przedstawiciela ustawowego lub opiekuna \u2013 prokuratora.<u><br \/>\n<\/u><\/p>\n<p>Domy pomocy spo\u0142ecznej, w zale\u017cno\u015bci od tego, dla kogo s\u0105 przeznaczone, dziel\u0105 si\u0119 na domy dla:<u><br \/>\n<\/u><\/p>\n<ul>\n<li>os\u00f3b w podesz\u0142ym wieku,<\/li>\n<li>os\u00f3b przewlekle somatycznie chorych,<\/li>\n<li>os\u00f3b przewlekle psychicznie chorych,<\/li>\n<li>doros\u0142ych niepe\u0142nosprawnych intelektualnie,<\/li>\n<li>dzieci i m\u0142odzie\u017cy niepe\u0142nosprawnych intelektualnie,<\/li>\n<li>os\u00f3b niepe\u0142nosprawnych fizycznie.<u><br \/>\n<\/u><\/li>\n<\/ul>\n<p><strong>\u00a0\u00a0 <span style=\"text-decoration: underline;\">Sk\u0142adki na ubezpieczenie<\/span><\/strong><span style=\"text-decoration: underline;\"> <strong>emerytalne<\/strong> <\/span><strong><span style=\"text-decoration: underline;\">i rentowe<\/span>.<\/strong><u><br \/>\n<\/u><\/p>\n<p>Za osob\u0119, kt\u00f3ra zrezygnuje z zatrudnienia w zwi\u0105zku z konieczno\u015bci\u0105 sprawowania bezpo\u015bredniej, osobistej opieki nad d\u0142ugotrwale lub ci\u0119\u017cko chorym cz\u0142onkiem rodziny oraz wsp\u00f3lnie niezamieszkuj\u0105cymi matk\u0105, ojcem lub rodze\u0144stwem, o\u015brodek pomocy spo\u0142ecznej op\u0142aca sk\u0142adk\u0119 na ubezpieczenie emerytalne i rentowe od kwoty kryterium dochodowego na osob\u0119 w rodzinie, je\u017celi doch\u00f3d na osob\u0119 w rodzinie osoby opiekuj\u0105cej si\u0119 nie przekracza 150 % kwoty kryterium dochodowego na osob\u0119 w rodzinie i osoba opiekuj\u0105ca si\u0119 nie podlega obowi\u0105zkowo ubezpieczeniom emerytalnemu i rentowym z innych tytu\u0142\u00f3w lub nie otrzymuje emerytury albo renty.<br \/>\nDotyczy to r\u00f3wnie\u017c os\u00f3b, kt\u00f3re w zwi\u0105zku z konieczno\u015bci\u0105 sprawowania opieki pozostaj\u0105 na bezp\u0142atnym urlopie.<br \/>\nPrzez ojca i matk\u0119 nale\u017cy rozumie\u0107 r\u00f3wnie\u017c ojca i matk\u0119 wsp\u00f3\u0142ma\u0142\u017conka.<br \/>\nKonieczno\u015b\u0107 sprawowania bezpo\u015bredniej, osobistej opieki nad osobami, wymienionymi wy\u017cej, stwierdza lekarz ubezpieczenia zdrowotnego w za\u015bwiadczeniu wydanym nie wcze\u015bniej ni\u017c na 14 dni przed z\u0142o\u017ceniem wniosku o przyznanie \u015bwiadczenia.<br \/>\nSk\u0142adka na ubezpieczenia emerytalne i rentowe w wysoko\u015bci okre\u015blonej przepisami o systemie ubezpiecze\u0144 spo\u0142ecznych jest op\u0142acana przez okres sprawowania opieki.<br \/>\nSk\u0142adka na ubezpieczenia emerytalne i rentowe nie przys\u0142uguje osobie, kt\u00f3ra w dniu z\u0142o\u017cenia wniosku o przyznanie \u015bwiadczenia:<br \/>\n&#8211; uko\u0144czy\u0142a 50 lat i nie posiada okresu ubezpieczenia (sk\u0142adkowego i niesk\u0142adkowego) wynosz\u0105cego co najmniej 10 lat;<br \/>\n&#8211; posiada okres ubezpieczenia (sk\u0142adkowy i niesk\u0142adkowy) wynosz\u0105cy 20 lat w przypadku kobiet i 25 lat w przypadku m\u0119\u017cczyzn. Przy ustalaniu okresu ubezpieczenia, o kt\u00f3rym mowa wy\u017cej, okresy niesk\u0142adkowe ustala si\u0119 w wymiarze nieprzekraczaj\u0105cym jednej trzeciej udowodnionych okres\u00f3w sk\u0142adkowych.<u><br \/>\n<\/u><\/p>\n<p><strong>\u00a0\u00a0 <span style=\"text-decoration: underline;\">Pomoc rzeczowa, w tym na ekonomiczne<\/span><\/strong> <strong><span style=\"text-decoration: underline;\">usamodzielnienie, sprawienie pogrzebu<\/span>.<\/strong><u><br \/>\n<\/u><\/p>\n<p>Pomoc spo\u0142eczna obejmuje r\u00f3wnie\u017c obowi\u0105zek sprawienia pogrzebu w spos\u00f3b ustalony przez gmin\u0119, zgodnie z wyznaniem zmar\u0142ego.<\/p>\n","protected":false},"excerpt":{"rendered":"<p>\u00a0\u00a0 \u015awiadczenia niepieni\u0119\u017cne \u00a0\u00a0 Praca socjalna, poradnictwo specjalistyczne, interwencja kryzysowa, pomoc instytucjonalna. O\u015brodek Pomocy Spo\u0142ecznej oferuje osobom i rodzinom pomoc w formie pracy socjalnej, poradnictwa specjalistycznego w szczeg\u00f3lno\u015bci prawnego, psychologicznego, pedagogicznego. Pracownicy socjalni udzielaj\u0105 r\u00f3wnie\u017c pomocy w za\u0142atwieniu spraw urz\u0119dowych oraz w utrzymaniu kontakt\u00f3w z otoczeniem. Niezale\u017cnie od kryterium dochodowego osobom i rodzinom udzielana jest [&hellip;]<\/p>\n","protected":false},"author":1,"featured_media":0,"parent":156,"menu_order":0,"comment_status":"closed","ping_status":"closed","template":"","meta":{"footnotes":""},"class_list":["post-164","page","type-page","status-publish","hentry"],"_links":{"self":[{"href":"http:\/\/www.gopsolesno.pl\/index.php?rest_route=\/wp\/v2\/pages\/164","targetHints":{"allow":["GET"]}}],"collection":[{"href":"http:\/\/www.gopsolesno.pl\/index.php?rest_route=\/wp\/v2\/pages"}],"about":[{"href":"http:\/\/www.gopsolesno.pl\/index.php?rest_route=\/wp\/v2\/types\/page"}],"author":[{"embeddable":true,"href":"http:\/\/www.gopsolesno.pl\/index.php?rest_route=\/wp\/v2\/users\/1"}],"replies":[{"embeddable":true,"href":"http:\/\/www.gopsolesno.pl\/index.php?rest_route=%2Fwp%2Fv2%2Fcomments&post=164"}],"version-history":[{"count":6,"href":"http:\/\/www.gopsolesno.pl\/index.php?rest_route=\/wp\/v2\/pages\/164\/revisions"}],"predecessor-version":[{"id":1199,"href":"http:\/\/www.gopsolesno.pl\/index.php?rest_route=\/wp\/v2\/pages\/164\/revisions\/1199"}],"up":[{"embeddable":true,"href":"http:\/\/www.gopsolesno.pl\/index.php?rest_route=\/wp\/v2\/pages\/156"}],"wp:attachment":[{"href":"http:\/\/www.gopsolesno.pl\/index.php?rest_route=%2Fwp%2Fv2%2Fmedia&parent=164"}],"curies":[{"name":"wp","href":"https:\/\/api.w.org\/{rel}","templated":true}]}}