{"id":168,"date":"2016-09-16T23:13:07","date_gmt":"2016-09-16T21:13:07","guid":{"rendered":"http:\/\/www.gopsolesno.pl\/?page_id=168"},"modified":"2016-10-25T22:38:54","modified_gmt":"2016-10-25T20:38:54","slug":"zasady-postepowania-w-sprawach-przyznania-swiadczen-z-pomocy-spolecznej","status":"publish","type":"page","link":"http:\/\/www.gopsolesno.pl\/?page_id=168","title":{"rendered":"ZASADY POST\u0118POWANIA W SPRAWACH PRZYZNANIA \u015aWIADCZE\u0143 Z POMOCY SPO\u0141ECZNEJ"},"content":{"rendered":"<p><span style=\"text-decoration: underline; color: #000000;\"><strong>Zasady przyznawania \u015bwiadcze\u0144 z pomocy spo\u0142ecznej<\/strong><\/span> okre\u015blaj\u0105 przepisy Kodeksu post\u0119powania administracyjnego i ustawy o pomocy spo\u0142ecznej. Obowi\u0105zuj\u0105ca procedura sk\u0142ada si\u0119 z nast\u0119puj\u0105cych etap\u00f3w:<u><br \/>\n<\/u><\/p>\n<ol>\n<li>Zg\u0142oszenie potrzeby poprzez z\u0142o\u017cenie wniosku u pracownika socjalnego w O\u015brodku Pomocy Spo\u0142ecznej wraz z kompletem dokument\u00f3w tj. udokumentowan\u0105 sytuacj\u0105 maj\u0105tkow\u0105, dochodow\u0105 i osobist\u0105.<br \/>\nZ wnioskiem mo\u017ce te\u017c wyst\u0105pi\u0107 przedstawiciel ustawowy wnioskodawcy, b\u0105d\u017a inna osoba za zgod\u0105 osoby zainteresowanej. Wniosek mo\u017ce by\u0107 r\u00f3wnie\u017c przyj\u0119ty w formie zg\u0142oszenia telefonicznego do protoko\u0142u.<\/li>\n<li>Przeprowadzenie wywiadu \u015brodowiskowego (rodzinnego) przez pracownika socjalnego w miejscu zamieszkania osoby lub rodziny zainteresowanej.<\/li>\n<li>Ustalenie przez pracownika socjalnego wraz z osob\u0105 zainteresowan\u0105 wst\u0119pnego planu dzia\u0142a\u0144 i pomocy.<\/li>\n<li>Podj\u0119cie decyzji o zakresie, formie i terminie udzielenia pomocy.<\/li>\n<li>Wydanie decyzji w formie pisemnej o przyznaniu b\u0105d\u017a odmowie przyznania pomocy.<\/li>\n<li>Po uprawomocnieniu si\u0119 decyzji \u2013 realizacja pomocy.<\/li>\n<\/ol>\n","protected":false},"excerpt":{"rendered":"<p>Zasady przyznawania \u015bwiadcze\u0144 z pomocy spo\u0142ecznej okre\u015blaj\u0105 przepisy Kodeksu post\u0119powania administracyjnego i ustawy o pomocy spo\u0142ecznej. Obowi\u0105zuj\u0105ca procedura sk\u0142ada si\u0119 z nast\u0119puj\u0105cych etap\u00f3w: Zg\u0142oszenie potrzeby poprzez z\u0142o\u017cenie wniosku u pracownika socjalnego w O\u015brodku Pomocy Spo\u0142ecznej wraz z kompletem dokument\u00f3w tj. udokumentowan\u0105 sytuacj\u0105 maj\u0105tkow\u0105, dochodow\u0105 i osobist\u0105. Z wnioskiem mo\u017ce te\u017c wyst\u0105pi\u0107 przedstawiciel ustawowy wnioskodawcy, b\u0105d\u017a [&hellip;]<\/p>\n","protected":false},"author":1,"featured_media":0,"parent":88,"menu_order":0,"comment_status":"closed","ping_status":"closed","template":"","meta":{"footnotes":""},"class_list":["post-168","page","type-page","status-publish","hentry"],"_links":{"self":[{"href":"http:\/\/www.gopsolesno.pl\/index.php?rest_route=\/wp\/v2\/pages\/168","targetHints":{"allow":["GET"]}}],"collection":[{"href":"http:\/\/www.gopsolesno.pl\/index.php?rest_route=\/wp\/v2\/pages"}],"about":[{"href":"http:\/\/www.gopsolesno.pl\/index.php?rest_route=\/wp\/v2\/types\/page"}],"author":[{"embeddable":true,"href":"http:\/\/www.gopsolesno.pl\/index.php?rest_route=\/wp\/v2\/users\/1"}],"replies":[{"embeddable":true,"href":"http:\/\/www.gopsolesno.pl\/index.php?rest_route=%2Fwp%2Fv2%2Fcomments&post=168"}],"version-history":[{"count":2,"href":"http:\/\/www.gopsolesno.pl\/index.php?rest_route=\/wp\/v2\/pages\/168\/revisions"}],"predecessor-version":[{"id":304,"href":"http:\/\/www.gopsolesno.pl\/index.php?rest_route=\/wp\/v2\/pages\/168\/revisions\/304"}],"up":[{"embeddable":true,"href":"http:\/\/www.gopsolesno.pl\/index.php?rest_route=\/wp\/v2\/pages\/88"}],"wp:attachment":[{"href":"http:\/\/www.gopsolesno.pl\/index.php?rest_route=%2Fwp%2Fv2%2Fmedia&parent=168"}],"curies":[{"name":"wp","href":"https:\/\/api.w.org\/{rel}","templated":true}]}}