{"id":1709,"date":"2024-06-14T12:02:40","date_gmt":"2024-06-14T10:02:40","guid":{"rendered":"http:\/\/www.gopsolesno.pl\/?page_id=1709"},"modified":"2025-03-12T11:46:03","modified_gmt":"2025-03-12T10:46:03","slug":"program-fundusze-europejskie-na-pomoc-zywnosciowa-2021-2027","status":"publish","type":"page","link":"http:\/\/www.gopsolesno.pl\/?page_id=1709","title":{"rendered":"Program Fundusze Europejskie na Pomoc \u017bywno\u015bciow\u0105 2021-2027"},"content":{"rendered":"\n<div data-wp-interactive=\"core\/file\" class=\"wp-block-file\"><object data-wp-bind--hidden=\"!state.hasPdfPreview\" hidden class=\"wp-block-file__embed\" data=\"http:\/\/www.gopsolesno.pl\/wp-content\/uploads\/2025\/03\/Informacja-Program-Fundusze-Europejskie-na-Pomoc-Zywnosciowa-2025.pdf\" type=\"application\/pdf\" style=\"width:100%;height:600px\" aria-label=\"Osadzone z Informacja Program Fundusze Europejskie na Pomoc \u017bywno\u015bciow\u0105 2025.\"><\/object><a id=\"wp-block-file--media-7dfd82f4-652f-4e23-8b08-ea81a4ab3f36\" href=\"http:\/\/www.gopsolesno.pl\/wp-content\/uploads\/2025\/03\/Informacja-Program-Fundusze-Europejskie-na-Pomoc-Zywnosciowa-2025.pdf\">Informacja Program Fundusze Europejskie na Pomoc \u017bywno\u015bciow\u0105 2025<\/a><a href=\"http:\/\/www.gopsolesno.pl\/wp-content\/uploads\/2025\/03\/Informacja-Program-Fundusze-Europejskie-na-Pomoc-Zywnosciowa-2025.pdf\" class=\"wp-block-file__button wp-element-button\" download aria-describedby=\"wp-block-file--media-7dfd82f4-652f-4e23-8b08-ea81a4ab3f36\">Pobierz<\/a><\/div>\n\n\n\n<div data-wp-interactive=\"core\/file\" class=\"wp-block-file\"><object data-wp-bind--hidden=\"!state.hasPdfPreview\" hidden class=\"wp-block-file__embed\" data=\"http:\/\/www.gopsolesno.pl\/wp-content\/uploads\/2024\/06\/Program-FEPZ-1-1.pdf\" type=\"application\/pdf\" style=\"width:100%;height:600px\" aria-label=\"Osadzone z Program-FEPZ-1-1.\"><\/object><a id=\"wp-block-file--media-bd04e472-054e-4006-8cc8-921b1cfb7709\" href=\"http:\/\/www.gopsolesno.pl\/wp-content\/uploads\/2024\/06\/Program-FEPZ-1-1.pdf\">Program-FEPZ-1-1<\/a><a href=\"http:\/\/www.gopsolesno.pl\/wp-content\/uploads\/2024\/06\/Program-FEPZ-1-1.pdf\" class=\"wp-block-file__button wp-element-button\" download aria-describedby=\"wp-block-file--media-bd04e472-054e-4006-8cc8-921b1cfb7709\">Pobierz<\/a><\/div>\n\n\n\n<div data-wp-interactive=\"core\/file\" class=\"wp-block-file\"><object data-wp-bind--hidden=\"!state.hasPdfPreview\" hidden class=\"wp-block-file__embed\" data=\"http:\/\/www.gopsolesno.pl\/wp-content\/uploads\/2024\/06\/Dok1-1.pdf\" type=\"application\/pdf\" style=\"width:100%;height:600px\" aria-label=\"Osadzone z Dok1-1.\"><\/object><a id=\"wp-block-file--media-ef45e0b6-e2fd-4412-8982-0402e6f654cf\" href=\"http:\/\/www.gopsolesno.pl\/wp-content\/uploads\/2024\/06\/Dok1-1.pdf\">Dok1-1<\/a><a href=\"http:\/\/www.gopsolesno.pl\/wp-content\/uploads\/2024\/06\/Dok1-1.pdf\" class=\"wp-block-file__button wp-element-button\" download aria-describedby=\"wp-block-file--media-ef45e0b6-e2fd-4412-8982-0402e6f654cf\">Pobierz<\/a><\/div>\n","protected":false},"excerpt":{"rendered":"","protected":false},"author":1,"featured_media":0,"parent":0,"menu_order":0,"comment_status":"closed","ping_status":"closed","template":"","meta":{"footnotes":""},"class_list":["post-1709","page","type-page","status-publish","hentry"],"_links":{"self":[{"href":"http:\/\/www.gopsolesno.pl\/index.php?rest_route=\/wp\/v2\/pages\/1709","targetHints":{"allow":["GET"]}}],"collection":[{"href":"http:\/\/www.gopsolesno.pl\/index.php?rest_route=\/wp\/v2\/pages"}],"about":[{"href":"http:\/\/www.gopsolesno.pl\/index.php?rest_route=\/wp\/v2\/types\/page"}],"author":[{"embeddable":true,"href":"http:\/\/www.gopsolesno.pl\/index.php?rest_route=\/wp\/v2\/users\/1"}],"replies":[{"embeddable":true,"href":"http:\/\/www.gopsolesno.pl\/index.php?rest_route=%2Fwp%2Fv2%2Fcomments&post=1709"}],"version-history":[{"count":2,"href":"http:\/\/www.gopsolesno.pl\/index.php?rest_route=\/wp\/v2\/pages\/1709\/revisions"}],"predecessor-version":[{"id":1899,"href":"http:\/\/www.gopsolesno.pl\/index.php?rest_route=\/wp\/v2\/pages\/1709\/revisions\/1899"}],"wp:attachment":[{"href":"http:\/\/www.gopsolesno.pl\/index.php?rest_route=%2Fwp%2Fv2%2Fmedia&parent=1709"}],"curies":[{"name":"wp","href":"https:\/\/api.w.org\/{rel}","templated":true}]}}