{"id":1720,"date":"2024-08-08T14:07:41","date_gmt":"2024-08-08T12:07:41","guid":{"rendered":"http:\/\/www.gopsolesno.pl\/?page_id=1720"},"modified":"2024-08-08T14:07:41","modified_gmt":"2024-08-08T12:07:41","slug":"bon-energetyczny","status":"publish","type":"page","link":"http:\/\/www.gopsolesno.pl\/?page_id=1720","title":{"rendered":"Bon energetyczny"},"content":{"rendered":"\n<p>Od 1 sierpnia do 30 wrze\u015bnia 2024 r. gospodarstwa domowe, kt\u00f3re spe\u0142niaj\u0105 kryteria dochodowe, mog\u0105 sk\u0142ada\u0107 wnioski o wyp\u0142at\u0119 bonu energetycznego.<\/p>\n\n\n\n<p>Bon energetyczny jest jednorazowym dofinansowaniem dla gospodarstw domowych do rachunk\u00f3w za energi\u0119 elektryczn\u0105, kt\u00f3re przewiduje nowelizacja ustawy o bonie energetycznym oraz o zmianie niekt\u00f3rych ustaw w celu ograniczenia cen energii elektrycznej, gazu ziemnego i ciep\u0142a systemowego. Wsparcie jest przeznaczone dla oko\u0142o 3,5 mln gospodarstw domowych o ni\u017cszych dochodach.<\/p>\n\n\n\n<p>Bon energetyczny przys\u0142uguje za okres od 1 lipca do 31 grudnia 2024 r. ka\u017cdemu gospodarstwu domowego, je\u015bli jego miesi\u0119czne dochody nie przekraczaj\u0105:<\/p>\n\n\n\n<p>2500 z\u0142 na osob\u0119 w gospodarstwie jednoosobowym,<\/p>\n\n\n\n<p>1700 z\u0142 na osob\u0119 w gospodarstwie wieloosobowym.<\/p>\n\n\n\n<p>Wysoko\u015b\u0107 bonu zale\u017cy od ilo\u015bci os\u00f3b w gospodarstwie domowym:<\/p>\n\n\n\n<p>300 z\u0142 dla gospodarstw 1-osobowych,&nbsp;<\/p>\n\n\n\n<p>400 z\u0142 dla 2-3 osobowych,&nbsp;<\/p>\n\n\n\n<p>500 z\u0142 dla 4-5 osobowych,&nbsp;<\/p>\n\n\n\n<p>600 z\u0142 dla 6-osobowych i wi\u0119kszych.<\/p>\n\n\n\n<p>Wysoko\u015b\u0107 bonu energetycznego jest zale\u017cna tak\u017ce od g\u0142\u00f3wnego \u017ar\u00f3d\u0142a ogrzewania gospodarstwa domowego. Gospodarstwom domowym, kt\u00f3rych g\u0142\u00f3wne \u017ar\u00f3d\u0142o ogrzewania jest zasilane energi\u0105 elektryczn\u0105 (pompa ciep\u0142a\/ bojler elektryczny), przys\u0142uguje bon energetyczny w podwy\u017cszonej wysoko\u015bci. Warunkiem jest wpisanie lub zg\u0142oszenie takiego \u017ar\u00f3d\u0142a do Centralnej Ewidencji Emisyjno\u015bci Budynk\u00f3w (CEEB) do 1 kwietnia 2024 r. \u2013 w przypadku \u017ar\u00f3de\u0142 ju\u017c dzia\u0142aj\u0105cych wcze\u015bniej, albo po tym dniu \u2013 w przypadku g\u0142\u00f3wnych \u017ar\u00f3de\u0142 ogrzewania zg\u0142oszonych lub wpisanych po raz pierwszy do CEEB.&nbsp;<\/p>\n\n\n\n<p>Wysoko\u015b\u0107 bonu energetycznego w podwy\u017cszonej kwocie b\u0119dzie wynosi\u0107:<\/p>\n\n\n\n<p>600 z\u0142 \u2013 gospodarstw domowemu jednoosobowemu;<\/p>\n\n\n\n<p>800 z\u0142 \u2013 gospodarstwu domowemu wieloosobowemu sk\u0142adaj\u0105cemu si\u0119 z 2 do 3 os\u00f3b;<\/p>\n\n\n\n<p>1000 z\u0142 \u2013 gospodarstwu domowemu wieloosobowemu sk\u0142adaj\u0105cemu si\u0119 z 4 do 5 os\u00f3b;<\/p>\n\n\n\n<p>1200 z\u0142 \u2013 gospodarstwu domowemu wieloosobowemu sk\u0142adaj\u0105cemu si\u0119 z co najmniej 6 os\u00f3b.<\/p>\n\n\n\n<p>Wnioski mo\u017cna sk\u0142ada\u0107:<\/p>\n\n\n\n<p>stacjonarnie w gminie w\u0142a\u015bciwej ze wzgl\u0119du na miejsce zamieszkania<\/p>\n\n\n\n<p>na stronie gov.pl,&nbsp;<\/p>\n\n\n\n<p>poprzez platform\u0119 ePUAP&nbsp;<\/p>\n\n\n\n<p>przez aplikacj\u0119 mObywatel.<\/p>\n\n\n\n<p>Wniosek mo\u017cna pobra\u0107 pod adresem: <a href=\"https:\/\/bip.mos.gov.pl\/energetyka\/wzor-wniosku-o-wyplate-bonu-energetycznego\/\">https:\/\/bip.mos.gov.pl\/energetyka\/wzor-wniosku-o-wyplate-bonu-energetycznego\/<\/a><\/p>\n","protected":false},"excerpt":{"rendered":"<p>Od 1 sierpnia do 30 wrze\u015bnia 2024 r. gospodarstwa domowe, kt\u00f3re spe\u0142niaj\u0105 kryteria dochodowe, mog\u0105 sk\u0142ada\u0107 wnioski o wyp\u0142at\u0119 bonu energetycznego. Bon energetyczny jest jednorazowym dofinansowaniem dla gospodarstw domowych do rachunk\u00f3w za energi\u0119 elektryczn\u0105, kt\u00f3re przewiduje nowelizacja ustawy o bonie energetycznym oraz o zmianie niekt\u00f3rych ustaw w celu ograniczenia cen energii elektrycznej, gazu ziemnego i [&hellip;]<\/p>\n","protected":false},"author":1,"featured_media":0,"parent":0,"menu_order":0,"comment_status":"closed","ping_status":"closed","template":"","meta":{"footnotes":""},"class_list":["post-1720","page","type-page","status-publish","hentry"],"_links":{"self":[{"href":"http:\/\/www.gopsolesno.pl\/index.php?rest_route=\/wp\/v2\/pages\/1720","targetHints":{"allow":["GET"]}}],"collection":[{"href":"http:\/\/www.gopsolesno.pl\/index.php?rest_route=\/wp\/v2\/pages"}],"about":[{"href":"http:\/\/www.gopsolesno.pl\/index.php?rest_route=\/wp\/v2\/types\/page"}],"author":[{"embeddable":true,"href":"http:\/\/www.gopsolesno.pl\/index.php?rest_route=\/wp\/v2\/users\/1"}],"replies":[{"embeddable":true,"href":"http:\/\/www.gopsolesno.pl\/index.php?rest_route=%2Fwp%2Fv2%2Fcomments&post=1720"}],"version-history":[{"count":1,"href":"http:\/\/www.gopsolesno.pl\/index.php?rest_route=\/wp\/v2\/pages\/1720\/revisions"}],"predecessor-version":[{"id":1721,"href":"http:\/\/www.gopsolesno.pl\/index.php?rest_route=\/wp\/v2\/pages\/1720\/revisions\/1721"}],"wp:attachment":[{"href":"http:\/\/www.gopsolesno.pl\/index.php?rest_route=%2Fwp%2Fv2%2Fmedia&parent=1720"}],"curies":[{"name":"wp","href":"https:\/\/api.w.org\/{rel}","templated":true}]}}