{"id":1729,"date":"2024-08-27T12:52:07","date_gmt":"2024-08-27T10:52:07","guid":{"rendered":"http:\/\/www.gopsolesno.pl\/?page_id=1729"},"modified":"2024-08-27T12:52:07","modified_gmt":"2024-08-27T10:52:07","slug":"stypendia","status":"publish","type":"page","link":"http:\/\/www.gopsolesno.pl\/?page_id=1729","title":{"rendered":"Stypendia"},"content":{"rendered":"\n<p>Gminny O\u015brodek Pomocy Spo\u0142ecznej w Ole\u015bnie informuje, \u017ce Uchwa\u0142\u0105<br>nr III\/33\/24&nbsp; Rady Gminy Olesno z dnia 14.08.2024r. przej\u0105\u0142 post\u0119powania w sprawie \u015bwiadcze\u0144 pomocy materialnej dla uczni\u00f3w o charakterze socjalnym (tzw. stypendia). W zwi\u0105zku z powy\u017cszym zainteresowane osoby uprasza si\u0119 o zbieranie dowod\u00f3w zakupu ( faktur): materia\u0142\u00f3w szkolnych (plecaki, przybory szkolne, zeszyty, ksi\u0105\u017cki itp.), odzie\u017cy kt\u00f3ra b\u0119dzie wykorzystywana przez ucznia, obuwia sportowego w celu udokumentowania poniesionego wydatku lub innych przedmiot\u00f3w kt\u00f3re s\u0105 niezb\u0119dne uczniowi.<\/p>\n\n\n\n<p>Termin i miejsce sk\u0142adania wniosk\u00f3w:<br>a) wniosek o przyznanie stypendium szkolnego sk\u0142ada si\u0119 od dnia <strong>1 do 15 wrze\u015bnia<\/strong> danego roku szkolnego,<br>b) w przypadku s\u0142uchaczy kolegi\u00f3w nauczycielskich, nauczycielskich kolegi\u00f3w j\u0119zyk\u00f3w obcych, kolegi\u00f3w pracownik\u00f3w s\u0142u\u017cb spo\u0142ecznych, wnioski o przyznanie stypendium szkolnego nale\u017cy z\u0142o\u017cy\u0107 w terminie do dnia <strong>15 pa\u017adziernika<\/strong> danego roku szkolnego.<br>c) wniosek o przyznanie zasi\u0142ku szkolnego sk\u0142ada si\u0119 w terminie nie d\u0142u\u017cszym ni\u017c dwa miesi\u0105ce od wyst\u0105pienia zdarzenia losowego, uzasadniaj\u0105cego przyznanie zasi\u0142ku.&nbsp;<\/p>\n\n\n\n<p>Wnioski b\u0119d\u0105 przyjmowane w Gminnym O\u015brodku Pomocy Spo\u0142ecznej w Ole\u015bnie.<\/p>\n","protected":false},"excerpt":{"rendered":"<p>Gminny O\u015brodek Pomocy Spo\u0142ecznej w Ole\u015bnie informuje, \u017ce Uchwa\u0142\u0105nr III\/33\/24&nbsp; Rady Gminy Olesno z dnia 14.08.2024r. przej\u0105\u0142 post\u0119powania w sprawie \u015bwiadcze\u0144 pomocy materialnej dla uczni\u00f3w o charakterze socjalnym (tzw. stypendia). W zwi\u0105zku z powy\u017cszym zainteresowane osoby uprasza si\u0119 o zbieranie dowod\u00f3w zakupu ( faktur): materia\u0142\u00f3w szkolnych (plecaki, przybory szkolne, zeszyty, ksi\u0105\u017cki itp.), odzie\u017cy kt\u00f3ra b\u0119dzie [&hellip;]<\/p>\n","protected":false},"author":1,"featured_media":0,"parent":0,"menu_order":0,"comment_status":"closed","ping_status":"closed","template":"","meta":{"footnotes":""},"class_list":["post-1729","page","type-page","status-publish","hentry"],"_links":{"self":[{"href":"http:\/\/www.gopsolesno.pl\/index.php?rest_route=\/wp\/v2\/pages\/1729","targetHints":{"allow":["GET"]}}],"collection":[{"href":"http:\/\/www.gopsolesno.pl\/index.php?rest_route=\/wp\/v2\/pages"}],"about":[{"href":"http:\/\/www.gopsolesno.pl\/index.php?rest_route=\/wp\/v2\/types\/page"}],"author":[{"embeddable":true,"href":"http:\/\/www.gopsolesno.pl\/index.php?rest_route=\/wp\/v2\/users\/1"}],"replies":[{"embeddable":true,"href":"http:\/\/www.gopsolesno.pl\/index.php?rest_route=%2Fwp%2Fv2%2Fcomments&post=1729"}],"version-history":[{"count":1,"href":"http:\/\/www.gopsolesno.pl\/index.php?rest_route=\/wp\/v2\/pages\/1729\/revisions"}],"predecessor-version":[{"id":1730,"href":"http:\/\/www.gopsolesno.pl\/index.php?rest_route=\/wp\/v2\/pages\/1729\/revisions\/1730"}],"wp:attachment":[{"href":"http:\/\/www.gopsolesno.pl\/index.php?rest_route=%2Fwp%2Fv2%2Fmedia&parent=1729"}],"curies":[{"name":"wp","href":"https:\/\/api.w.org\/{rel}","templated":true}]}}