{"id":1738,"date":"2024-09-24T08:13:58","date_gmt":"2024-09-24T06:13:58","guid":{"rendered":"http:\/\/www.gopsolesno.pl\/?page_id=1738"},"modified":"2025-03-13T11:10:57","modified_gmt":"2025-03-13T10:10:57","slug":"dofinansowanie-wynagrodzen-pracownikow-jednostek-organizacyjnych-pomocy-spolecznej-w-postaci-dodatku-motywacyjnego-na-lata-2024-2027","status":"publish","type":"page","link":"http:\/\/www.gopsolesno.pl\/?page_id=1738","title":{"rendered":"Dofinansowanie wynagrodze\u0144 pracownik\u00f3w jednostek organizacyjnych pomocy spo\u0142ecznej w postaci dodatku motywacyjnego na lata 2024-2027"},"content":{"rendered":"\n<div class=\"wp-block-file\"><a id=\"wp-block-file--media-ff1a2565-6704-47c3-bca4-bc2d76b72842\" href=\"http:\/\/www.gopsolesno.pl\/wp-content\/uploads\/2024\/09\/Dofinansowanie-dodatek-motywacyjny-2024.pdf\">Dofinansowanie dodatek motywacyjny 2024<\/a><a href=\"http:\/\/www.gopsolesno.pl\/wp-content\/uploads\/2024\/09\/Dofinansowanie-dodatek-motywacyjny-2024.pdf\" class=\"wp-block-file__button wp-element-button\" download aria-describedby=\"wp-block-file--media-ff1a2565-6704-47c3-bca4-bc2d76b72842\">Pobierz<\/a><\/div>\n\n\n\n<div class=\"wp-block-file\"><a id=\"wp-block-file--media-2a9257d8-4dff-4af2-8a18-d694f683ea0d\" href=\"http:\/\/www.gopsolesno.pl\/wp-content\/uploads\/2025\/03\/Dofinansowanie-dodatek-motywacyjny-2025-r.pdf\">Dofinansowanie dodatek motywacyjny 2025 r.<\/a><a href=\"http:\/\/www.gopsolesno.pl\/wp-content\/uploads\/2025\/03\/Dofinansowanie-dodatek-motywacyjny-2025-r.pdf\" class=\"wp-block-file__button wp-element-button\" download aria-describedby=\"wp-block-file--media-2a9257d8-4dff-4af2-8a18-d694f683ea0d\">Pobierz<\/a><\/div>\n\n\n\n<p><\/p>\n","protected":false},"excerpt":{"rendered":"","protected":false},"author":1,"featured_media":0,"parent":0,"menu_order":0,"comment_status":"closed","ping_status":"closed","template":"","meta":{"footnotes":""},"class_list":["post-1738","page","type-page","status-publish","hentry"],"_links":{"self":[{"href":"http:\/\/www.gopsolesno.pl\/index.php?rest_route=\/wp\/v2\/pages\/1738","targetHints":{"allow":["GET"]}}],"collection":[{"href":"http:\/\/www.gopsolesno.pl\/index.php?rest_route=\/wp\/v2\/pages"}],"about":[{"href":"http:\/\/www.gopsolesno.pl\/index.php?rest_route=\/wp\/v2\/types\/page"}],"author":[{"embeddable":true,"href":"http:\/\/www.gopsolesno.pl\/index.php?rest_route=\/wp\/v2\/users\/1"}],"replies":[{"embeddable":true,"href":"http:\/\/www.gopsolesno.pl\/index.php?rest_route=%2Fwp%2Fv2%2Fcomments&post=1738"}],"version-history":[{"count":2,"href":"http:\/\/www.gopsolesno.pl\/index.php?rest_route=\/wp\/v2\/pages\/1738\/revisions"}],"predecessor-version":[{"id":1905,"href":"http:\/\/www.gopsolesno.pl\/index.php?rest_route=\/wp\/v2\/pages\/1738\/revisions\/1905"}],"wp:attachment":[{"href":"http:\/\/www.gopsolesno.pl\/index.php?rest_route=%2Fwp%2Fv2%2Fmedia&parent=1738"}],"curies":[{"name":"wp","href":"https:\/\/api.w.org\/{rel}","templated":true}]}}