{"id":1816,"date":"2025-01-08T13:33:50","date_gmt":"2025-01-08T12:33:50","guid":{"rendered":"http:\/\/www.gopsolesno.pl\/?page_id=1816"},"modified":"2025-03-28T18:26:56","modified_gmt":"2025-03-28T17:26:56","slug":"1816-2","status":"publish","type":"page","link":"http:\/\/www.gopsolesno.pl\/?page_id=1816","title":{"rendered":"Asystent osobisty osoby z niepe\u0142nosprawno\u015bci\u0105 edycja 2025"},"content":{"rendered":"\n<p>Programu &#8222;Asystent osobisty osoby z niepe\u0142nosprawno\u015bci\u0105&#8221; dla Jednostek<\/p>\n\n\n\n<p>Samorz\u0105du Terytorialnego &#8211; edycja 2025<\/p>\n\n\n\n<div data-wp-interactive=\"core\/file\" class=\"wp-block-file\"><object data-wp-bind--hidden=\"!state.hasPdfPreview\" hidden class=\"wp-block-file__embed\" data=\"http:\/\/www.gopsolesno.pl\/wp-content\/uploads\/2025\/01\/AOOzN-2025.pdf\" type=\"application\/pdf\" style=\"width:100%;height:600px\" aria-label=\"Osadzone z AOOzN 2025.\"><\/object><a href=\"http:\/\/www.gopsolesno.pl\/wp-content\/uploads\/2025\/03\/AOOzN-2025.pdf\">AOOzN 2025<\/a><a href=\"http:\/\/www.gopsolesno.pl\/wp-content\/uploads\/2025\/01\/AOOzN-2025.pdf\" class=\"wp-block-file__button wp-element-button\" download>Pobierz<\/a><\/div>\n","protected":false},"excerpt":{"rendered":"<p>Programu &#8222;Asystent osobisty osoby z niepe\u0142nosprawno\u015bci\u0105&#8221; dla Jednostek Samorz\u0105du Terytorialnego &#8211; edycja 2025<\/p>\n","protected":false},"author":1,"featured_media":0,"parent":0,"menu_order":0,"comment_status":"closed","ping_status":"closed","template":"","meta":{"footnotes":""},"class_list":["post-1816","page","type-page","status-publish","hentry"],"_links":{"self":[{"href":"http:\/\/www.gopsolesno.pl\/index.php?rest_route=\/wp\/v2\/pages\/1816","targetHints":{"allow":["GET"]}}],"collection":[{"href":"http:\/\/www.gopsolesno.pl\/index.php?rest_route=\/wp\/v2\/pages"}],"about":[{"href":"http:\/\/www.gopsolesno.pl\/index.php?rest_route=\/wp\/v2\/types\/page"}],"author":[{"embeddable":true,"href":"http:\/\/www.gopsolesno.pl\/index.php?rest_route=\/wp\/v2\/users\/1"}],"replies":[{"embeddable":true,"href":"http:\/\/www.gopsolesno.pl\/index.php?rest_route=%2Fwp%2Fv2%2Fcomments&post=1816"}],"version-history":[{"count":4,"href":"http:\/\/www.gopsolesno.pl\/index.php?rest_route=\/wp\/v2\/pages\/1816\/revisions"}],"predecessor-version":[{"id":1927,"href":"http:\/\/www.gopsolesno.pl\/index.php?rest_route=\/wp\/v2\/pages\/1816\/revisions\/1927"}],"wp:attachment":[{"href":"http:\/\/www.gopsolesno.pl\/index.php?rest_route=%2Fwp%2Fv2%2Fmedia&parent=1816"}],"curies":[{"name":"wp","href":"https:\/\/api.w.org\/{rel}","templated":true}]}}