{"id":436,"date":"2017-06-29T13:27:11","date_gmt":"2017-06-29T11:27:11","guid":{"rendered":"http:\/\/www.gopsolesno.pl\/?page_id=436"},"modified":"2018-11-21T09:15:34","modified_gmt":"2018-11-21T08:15:34","slug":"program-operacyjny-pomoc-zywnosciowa-2014-2020","status":"publish","type":"page","link":"http:\/\/www.gopsolesno.pl\/?page_id=436","title":{"rendered":"Program Operacyjny Pomoc \u017bywno\u015bciowa 2014-2020"},"content":{"rendered":"<p>Gminny O\u015brodek Pomocy Spo\u0142ecznej w Ole\u015bnie realizuje pomoc w formie produkt\u00f3w \u017cywno\u015bciowych w ramach Programu Operacyjnego Pomoc \u017bywno\u015bciowa 2014-2020.<\/p>\n<p>Wymagane kryterium do otrzymania pomocy:<\/p>\n<ul>\n<li>w przypadku osoby samotnie gospodaruj\u0105cej, kryterium dochodowe nie mo\u017ce przekroczy\u0107 <strong>1402 z\u0142<\/strong>,<\/li>\n<li>w przypadku os\u00f3b w rodzinie kryterium dochodowe nie mo\u017ce przekroczy\u0107 <strong>1056 z\u0142<\/strong> na osob\u0119 w rodzinie.<\/li>\n<\/ul>\n","protected":false},"excerpt":{"rendered":"<p>Gminny O\u015brodek Pomocy Spo\u0142ecznej w Ole\u015bnie realizuje pomoc w formie produkt\u00f3w \u017cywno\u015bciowych w ramach Programu Operacyjnego Pomoc \u017bywno\u015bciowa 2014-2020. Wymagane kryterium do otrzymania pomocy: w przypadku osoby samotnie gospodaruj\u0105cej, kryterium dochodowe nie mo\u017ce przekroczy\u0107 1402 z\u0142, w przypadku os\u00f3b w rodzinie kryterium dochodowe nie mo\u017ce przekroczy\u0107 1056 z\u0142 na osob\u0119 w rodzinie.<\/p>\n","protected":false},"author":1,"featured_media":0,"parent":0,"menu_order":0,"comment_status":"closed","ping_status":"closed","template":"","meta":{"footnotes":""},"class_list":["post-436","page","type-page","status-publish","hentry"],"_links":{"self":[{"href":"http:\/\/www.gopsolesno.pl\/index.php?rest_route=\/wp\/v2\/pages\/436","targetHints":{"allow":["GET"]}}],"collection":[{"href":"http:\/\/www.gopsolesno.pl\/index.php?rest_route=\/wp\/v2\/pages"}],"about":[{"href":"http:\/\/www.gopsolesno.pl\/index.php?rest_route=\/wp\/v2\/types\/page"}],"author":[{"embeddable":true,"href":"http:\/\/www.gopsolesno.pl\/index.php?rest_route=\/wp\/v2\/users\/1"}],"replies":[{"embeddable":true,"href":"http:\/\/www.gopsolesno.pl\/index.php?rest_route=%2Fwp%2Fv2%2Fcomments&post=436"}],"version-history":[{"count":4,"href":"http:\/\/www.gopsolesno.pl\/index.php?rest_route=\/wp\/v2\/pages\/436\/revisions"}],"predecessor-version":[{"id":528,"href":"http:\/\/www.gopsolesno.pl\/index.php?rest_route=\/wp\/v2\/pages\/436\/revisions\/528"}],"wp:attachment":[{"href":"http:\/\/www.gopsolesno.pl\/index.php?rest_route=%2Fwp%2Fv2%2Fmedia&parent=436"}],"curies":[{"name":"wp","href":"https:\/\/api.w.org\/{rel}","templated":true}]}}