{"id":449,"date":"2017-07-21T14:10:46","date_gmt":"2017-07-21T12:10:46","guid":{"rendered":"http:\/\/www.gopsolesno.pl\/?page_id=449"},"modified":"2024-12-16T12:45:57","modified_gmt":"2024-12-16T11:45:57","slug":"gminny-program-przeciwdzialania-przemocy-w-rodzinie-oraz-ochrony-ofiar-w-rodzinie-na-lata-2017-2020","status":"publish","type":"page","link":"http:\/\/www.gopsolesno.pl\/?page_id=449","title":{"rendered":"Gminny Program Przeciwdzia\u0142ania Przemocy w Rodzinie oraz Ochrony Ofiar w Rodzinie"},"content":{"rendered":"<p><a href=\"http:\/\/www.gopsolesno.pl\/wp-content\/uploads\/2024\/12\/UCH-II-21-program_przeciwdzialania_przemocy.pdf.pdf\">Gminny Program Przeciwdzia\u0142ania Przemocy Domowej oraz Ochrony Os\u00f3b Doznaj\u0105cych Przemocy Domowej na lata 2024-2030 w Gminie Olesno<\/a><\/p>\n\n<p><a href=\"https:\/\/bip.malopolska.pl\/gopswolesnie,a,1979662,gminny-program-przeciwdzialania-przemocy-w-rodzinie-oraz-ochrony-ofiar-przemocy-w-rodzinie-dla-gminy.html\">Gminny Program Przeciwdzia\u0142ania Przemocy w Rodzinie oraz Ochrony Ofiar Przemocy w Rodzinie dla Gminy Olesno na lata 2021-2024<\/a><\/p>\n<p><a href=\"https:\/\/bip.malopolska.pl\/ugolesno,a,1340118,uchwala-nr-xx18917-rady-gminy-olesno-z-dnia-29-czerwca-2017r-w-sprawie-przyjecia-gminnego-programu-p.html\">Gminny Program Przeciwdzia\u0142ania Przemocy w Rodzinie oraz Ochrony Ofiar w Rodzinie na lata 2017-2020<\/a><\/p>\n<\/p>\n\n\n<p><\/p>\n","protected":false},"excerpt":{"rendered":"<p>Gminny Program Przeciwdzia\u0142ania Przemocy Domowej oraz Ochrony Os\u00f3b Doznaj\u0105cych Przemocy Domowej na lata 2024-2030 w Gminie Olesno Gminny Program Przeciwdzia\u0142ania Przemocy w Rodzinie oraz Ochrony Ofiar Przemocy w Rodzinie dla Gminy Olesno na lata 2021-2024 Gminny Program Przeciwdzia\u0142ania Przemocy w Rodzinie oraz Ochrony Ofiar w Rodzinie na lata 2017-2020<\/p>\n","protected":false},"author":1,"featured_media":0,"parent":0,"menu_order":0,"comment_status":"closed","ping_status":"closed","template":"","meta":{"footnotes":""},"class_list":["post-449","page","type-page","status-publish","hentry"],"_links":{"self":[{"href":"http:\/\/www.gopsolesno.pl\/index.php?rest_route=\/wp\/v2\/pages\/449","targetHints":{"allow":["GET"]}}],"collection":[{"href":"http:\/\/www.gopsolesno.pl\/index.php?rest_route=\/wp\/v2\/pages"}],"about":[{"href":"http:\/\/www.gopsolesno.pl\/index.php?rest_route=\/wp\/v2\/types\/page"}],"author":[{"embeddable":true,"href":"http:\/\/www.gopsolesno.pl\/index.php?rest_route=\/wp\/v2\/users\/1"}],"replies":[{"embeddable":true,"href":"http:\/\/www.gopsolesno.pl\/index.php?rest_route=%2Fwp%2Fv2%2Fcomments&post=449"}],"version-history":[{"count":5,"href":"http:\/\/www.gopsolesno.pl\/index.php?rest_route=\/wp\/v2\/pages\/449\/revisions"}],"predecessor-version":[{"id":1797,"href":"http:\/\/www.gopsolesno.pl\/index.php?rest_route=\/wp\/v2\/pages\/449\/revisions\/1797"}],"wp:attachment":[{"href":"http:\/\/www.gopsolesno.pl\/index.php?rest_route=%2Fwp%2Fv2%2Fmedia&parent=449"}],"curies":[{"name":"wp","href":"https:\/\/api.w.org\/{rel}","templated":true}]}}