{"id":633,"date":"2020-03-19T11:52:45","date_gmt":"2020-03-19T10:52:45","guid":{"rendered":"http:\/\/www.gopsolesno.pl\/?page_id=633"},"modified":"2022-10-21T14:57:44","modified_gmt":"2022-10-21T12:57:44","slug":"wzory-wnioskow-o-swiadczenia-dla-rodzin","status":"publish","type":"page","link":"http:\/\/www.gopsolesno.pl\/?page_id=633","title":{"rendered":"Wzory wniosk\u00f3w o \u015bwiadczenia dla rodzin"},"content":{"rendered":"<p><a href=\"https:\/\/www.gov.pl\/web\/rodzina\/wzory-wnioskow-o-swiadczenia-dla-rodzin-aktualizacja-na-dzien-29052018-r-do-stosowania-takze-na-okres-20182019\">Wzory wniosk\u00f3w o \u015bwiadczenia dla rodzin.<\/a><\/p>\n<p><a href=\"http:\/\/www.gopsolesno.pl\/wpgops\/wp-content\/uploads\/2021\/08\/KLAUZULA-INFORMACYJNA-RODO-DLA-KORZYSTAJ\u0104CYCH-Z-POMOCY-SPO\u0141ECZNEJ.docx.pdf\">KLAUZULA INFORMACYJNA RODO DLA KORZYSTAJ\u0104CYCH Z POMOCY SPO\u0141ECZNEJ.docx<\/a><\/p>\n<p><a href=\"http:\/\/www.gopsolesno.pl\/wpgops\/wp-content\/uploads\/2022\/10\/Klauzula-informacyjna-RODO-swiadczenia.doc.pdf\">Klauzula informacyjna RODO swiadczenia.doc<\/a><\/p>\n<p><a href=\"http:\/\/www.gopsolesno.pl\/wpgops\/wp-content\/uploads\/2020\/03\/O\u015bwiadczenie-odpowiedzialno\u015b\u0107-karna-1.pdf\">O\u015bwiadczenie odpowiedzialno\u015b\u0107 karna<\/a><\/p>\n<p><a href=\"http:\/\/www.gopsolesno.pl\/wpgops\/wp-content\/uploads\/2021\/07\/Wzor_oswiadczenia.docx\">Wz\u00f3r o\u015bwiadczenia<\/a><\/p>\n","protected":false},"excerpt":{"rendered":"<p>Wzory wniosk\u00f3w o \u015bwiadczenia dla rodzin. KLAUZULA INFORMACYJNA RODO DLA KORZYSTAJ\u0104CYCH Z POMOCY SPO\u0141ECZNEJ.docx Klauzula informacyjna RODO swiadczenia.doc O\u015bwiadczenie odpowiedzialno\u015b\u0107 karna Wz\u00f3r o\u015bwiadczenia<\/p>\n","protected":false},"author":1,"featured_media":0,"parent":0,"menu_order":0,"comment_status":"closed","ping_status":"closed","template":"","meta":{"footnotes":""},"class_list":["post-633","page","type-page","status-publish","hentry"],"_links":{"self":[{"href":"http:\/\/www.gopsolesno.pl\/index.php?rest_route=\/wp\/v2\/pages\/633","targetHints":{"allow":["GET"]}}],"collection":[{"href":"http:\/\/www.gopsolesno.pl\/index.php?rest_route=\/wp\/v2\/pages"}],"about":[{"href":"http:\/\/www.gopsolesno.pl\/index.php?rest_route=\/wp\/v2\/types\/page"}],"author":[{"embeddable":true,"href":"http:\/\/www.gopsolesno.pl\/index.php?rest_route=\/wp\/v2\/users\/1"}],"replies":[{"embeddable":true,"href":"http:\/\/www.gopsolesno.pl\/index.php?rest_route=%2Fwp%2Fv2%2Fcomments&post=633"}],"version-history":[{"count":13,"href":"http:\/\/www.gopsolesno.pl\/index.php?rest_route=\/wp\/v2\/pages\/633\/revisions"}],"predecessor-version":[{"id":1368,"href":"http:\/\/www.gopsolesno.pl\/index.php?rest_route=\/wp\/v2\/pages\/633\/revisions\/1368"}],"wp:attachment":[{"href":"http:\/\/www.gopsolesno.pl\/index.php?rest_route=%2Fwp%2Fv2%2Fmedia&parent=633"}],"curies":[{"name":"wp","href":"https:\/\/api.w.org\/{rel}","templated":true}]}}