{"id":856,"date":"2021-05-14T10:45:36","date_gmt":"2021-05-14T08:45:36","guid":{"rendered":"http:\/\/www.gopsolesno.pl\/?page_id=856"},"modified":"2024-03-27T08:32:00","modified_gmt":"2024-03-27T07:32:00","slug":"programy-realizowane-ze-srodkow-budzetu-panstwa","status":"publish","type":"page","link":"http:\/\/www.gopsolesno.pl\/?page_id=856","title":{"rendered":"Programy realizowane ze \u015brodk\u00f3w bud\u017cetu pa\u0144stwa lub pa\u0144stwowych funduszy celowych"},"content":{"rendered":"<p><a href=\"http:\/\/www.gopsolesno.pl\/pomoc-panstwa-w-zakresie-dozywiania-posilek-w-szkole-i-w-domu\/\">Pomoc pa\u0144stwa w zakresie do\u017cywiania\/Posi\u0142ek w szkole i w domu<\/a><\/p>\n<p><a href=\"http:\/\/www.gopsolesno.pl\/rozwoj-pomocy-spolecznej\/\">Rozw\u00f3j pomocy spo\u0142ecznej<\/a><\/p>\n","protected":false},"excerpt":{"rendered":"<p>Pomoc pa\u0144stwa w zakresie do\u017cywiania\/Posi\u0142ek w szkole i w domu Rozw\u00f3j pomocy spo\u0142ecznej<\/p>\n","protected":false},"author":1,"featured_media":0,"parent":0,"menu_order":0,"comment_status":"closed","ping_status":"closed","template":"","meta":{"footnotes":""},"class_list":["post-856","page","type-page","status-publish","hentry"],"_links":{"self":[{"href":"http:\/\/www.gopsolesno.pl\/index.php?rest_route=\/wp\/v2\/pages\/856","targetHints":{"allow":["GET"]}}],"collection":[{"href":"http:\/\/www.gopsolesno.pl\/index.php?rest_route=\/wp\/v2\/pages"}],"about":[{"href":"http:\/\/www.gopsolesno.pl\/index.php?rest_route=\/wp\/v2\/types\/page"}],"author":[{"embeddable":true,"href":"http:\/\/www.gopsolesno.pl\/index.php?rest_route=\/wp\/v2\/users\/1"}],"replies":[{"embeddable":true,"href":"http:\/\/www.gopsolesno.pl\/index.php?rest_route=%2Fwp%2Fv2%2Fcomments&post=856"}],"version-history":[{"count":12,"href":"http:\/\/www.gopsolesno.pl\/index.php?rest_route=\/wp\/v2\/pages\/856\/revisions"}],"predecessor-version":[{"id":1696,"href":"http:\/\/www.gopsolesno.pl\/index.php?rest_route=\/wp\/v2\/pages\/856\/revisions\/1696"}],"wp:attachment":[{"href":"http:\/\/www.gopsolesno.pl\/index.php?rest_route=%2Fwp%2Fv2%2Fmedia&parent=856"}],"curies":[{"name":"wp","href":"https:\/\/api.w.org\/{rel}","templated":true}]}}