{"id":866,"date":"2021-06-10T10:28:49","date_gmt":"2021-06-10T08:28:49","guid":{"rendered":"http:\/\/www.gopsolesno.pl\/?page_id=866"},"modified":"2025-01-23T10:57:50","modified_gmt":"2025-01-23T09:57:50","slug":"dofinansowanie-utrzymania-osrodka-pomocy-spolecznej","status":"publish","type":"page","link":"http:\/\/www.gopsolesno.pl\/?page_id=866","title":{"rendered":"Dofinansowanie utrzymania O\u015brodka Pomocy Spo\u0142ecznej"},"content":{"rendered":"<p><a href=\"http:\/\/www.gopsolesno.pl\/wp-content\/uploads\/2025\/01\/Dofinansowanie-utrzymania-osrodka-2025-1.pdf\">Dofinansowanie utrzymania o\u015brodka w 2025r.<\/a><\/p>\n<p><a href=\"http:\/\/www.gopsolesno.pl\/wp-content\/uploads\/2024\/03\/Dofinansowanie-utrzymania-osrodka-2024.pdf\">Dofinansowanie utrzymania o\u015brodka w 2024r.<\/a><\/p>\n<p><a href=\"http:\/\/www.gopsolesno.pl\/wp-content\/uploads\/2023\/07\/Dofinansowanie-utrzymania-osrodka-2023.docx.pdf\">Dofinansowanie utrzymania o\u015brodka w 2023r.<\/a><\/p>\n<p><a href=\"http:\/\/www.gopsolesno.pl\/wpgops\/wp-content\/uploads\/2021\/11\/Dodatki-dla-pracownik\u00f3w-socjalnych-400-z\u0142.pdf\">Dodatki dla pracownik\u00f3w socjalnych od 30.05.2021r.<\/a><\/p>\n<p><a href=\"http:\/\/www.gopsolesno.pl\/wpgops\/wp-content\/uploads\/2021\/10\/Dodatki-dla-pracownik\u00f3w-socjalnych.pdf\">Dodatki dla pracownik\u00f3w socjalnych do 29.05.2021r.<\/a><\/p>\n<p><a href=\"http:\/\/www.gopsolesno.pl\/wpgops\/wp-content\/uploads\/2021\/06\/Dofinansowanie-utrzymania-o\u015brodka.docx.pdf\">Dofinansowanie utrzymania o\u015brodka w 2021r.<\/a><\/p>\n<p><a href=\"http:\/\/www.gopsolesno.pl\/wpgops\/wp-content\/uploads\/2021\/08\/Dofinansowanie-utrzymania-o\u015brodka-2020.docx.pdf\">Dofinansowanie utrzymania o\u015brodka w 2020r.<\/a><\/p>\n<p><a href=\"http:\/\/www.gopsolesno.pl\/wpgops\/wp-content\/uploads\/2021\/08\/Dofinansowanie-utrzymania-o\u015brodka-2019.docx.pdf\">Dofinansowanie utrzymania o\u015brodka w 2019r.<\/a><\/p>\n","protected":false},"excerpt":{"rendered":"<p>Dofinansowanie utrzymania o\u015brodka w 2025r. Dofinansowanie utrzymania o\u015brodka w 2024r. Dofinansowanie utrzymania o\u015brodka w 2023r. Dodatki dla pracownik\u00f3w socjalnych od 30.05.2021r. Dodatki dla pracownik\u00f3w socjalnych do 29.05.2021r. Dofinansowanie utrzymania o\u015brodka w 2021r. Dofinansowanie utrzymania o\u015brodka w 2020r. Dofinansowanie utrzymania o\u015brodka w 2019r.<\/p>\n","protected":false},"author":1,"featured_media":0,"parent":0,"menu_order":0,"comment_status":"closed","ping_status":"closed","template":"","meta":{"footnotes":""},"class_list":["post-866","page","type-page","status-publish","hentry"],"_links":{"self":[{"href":"http:\/\/www.gopsolesno.pl\/index.php?rest_route=\/wp\/v2\/pages\/866","targetHints":{"allow":["GET"]}}],"collection":[{"href":"http:\/\/www.gopsolesno.pl\/index.php?rest_route=\/wp\/v2\/pages"}],"about":[{"href":"http:\/\/www.gopsolesno.pl\/index.php?rest_route=\/wp\/v2\/types\/page"}],"author":[{"embeddable":true,"href":"http:\/\/www.gopsolesno.pl\/index.php?rest_route=\/wp\/v2\/users\/1"}],"replies":[{"embeddable":true,"href":"http:\/\/www.gopsolesno.pl\/index.php?rest_route=%2Fwp%2Fv2%2Fcomments&post=866"}],"version-history":[{"count":10,"href":"http:\/\/www.gopsolesno.pl\/index.php?rest_route=\/wp\/v2\/pages\/866\/revisions"}],"predecessor-version":[{"id":1832,"href":"http:\/\/www.gopsolesno.pl\/index.php?rest_route=\/wp\/v2\/pages\/866\/revisions\/1832"}],"wp:attachment":[{"href":"http:\/\/www.gopsolesno.pl\/index.php?rest_route=%2Fwp%2Fv2%2Fmedia&parent=866"}],"curies":[{"name":"wp","href":"https:\/\/api.w.org\/{rel}","templated":true}]}}