{"id":93,"date":"2016-09-16T22:40:25","date_gmt":"2016-09-16T20:40:25","guid":{"rendered":"http:\/\/www.gopsolesno.pl\/?page_id=93"},"modified":"2024-12-04T13:25:11","modified_gmt":"2024-12-04T12:25:11","slug":"fundusz-alimentacyjny","status":"publish","type":"page","link":"http:\/\/www.gopsolesno.pl\/?page_id=93","title":{"rendered":"FUNDUSZ ALIMENTACYJNY"},"content":{"rendered":"\n<p>Szczeg\u00f3\u0142owe informacje na temat Funduszu alimentacyjnego mo\u017cna znale\u017a\u0107 na stronie: <a href=\"https:\/\/www.gov.pl\/web\/rodzina\/fundusz-alimentacyjny\">https:\/\/www.gov.pl\/web\/rodzina\/fundusz-alimentacyjny<\/a><\/p>\n","protected":false},"excerpt":{"rendered":"<p>Szczeg\u00f3\u0142owe informacje na temat Funduszu alimentacyjnego mo\u017cna znale\u017a\u0107 na stronie: https:\/\/www.gov.pl\/web\/rodzina\/fundusz-alimentacyjny<\/p>\n","protected":false},"author":1,"featured_media":0,"parent":0,"menu_order":0,"comment_status":"closed","ping_status":"closed","template":"","meta":{"footnotes":""},"class_list":["post-93","page","type-page","status-publish","hentry"],"_links":{"self":[{"href":"http:\/\/www.gopsolesno.pl\/index.php?rest_route=\/wp\/v2\/pages\/93","targetHints":{"allow":["GET"]}}],"collection":[{"href":"http:\/\/www.gopsolesno.pl\/index.php?rest_route=\/wp\/v2\/pages"}],"about":[{"href":"http:\/\/www.gopsolesno.pl\/index.php?rest_route=\/wp\/v2\/types\/page"}],"author":[{"embeddable":true,"href":"http:\/\/www.gopsolesno.pl\/index.php?rest_route=\/wp\/v2\/users\/1"}],"replies":[{"embeddable":true,"href":"http:\/\/www.gopsolesno.pl\/index.php?rest_route=%2Fwp%2Fv2%2Fcomments&post=93"}],"version-history":[{"count":2,"href":"http:\/\/www.gopsolesno.pl\/index.php?rest_route=\/wp\/v2\/pages\/93\/revisions"}],"predecessor-version":[{"id":1774,"href":"http:\/\/www.gopsolesno.pl\/index.php?rest_route=\/wp\/v2\/pages\/93\/revisions\/1774"}],"wp:attachment":[{"href":"http:\/\/www.gopsolesno.pl\/index.php?rest_route=%2Fwp%2Fv2%2Fmedia&parent=93"}],"curies":[{"name":"wp","href":"https:\/\/api.w.org\/{rel}","templated":true}]}}