{"id":937,"date":"2021-07-19T10:47:28","date_gmt":"2021-07-19T08:47:28","guid":{"rendered":"http:\/\/www.gopsolesno.pl\/?page_id=937"},"modified":"2021-07-19T11:23:48","modified_gmt":"2021-07-19T09:23:48","slug":"mapa-strony","status":"publish","type":"page","link":"http:\/\/www.gopsolesno.pl\/?page_id=937","title":{"rendered":"Mapa strony"},"content":{"rendered":"\n<div class=\"wsp-container\"><h2 class=\"wsp-pages-title\">Pages<\/h2>\n<ul class=\"wsp-pages-list\">\n<li class=\"page_item page-item-115\"><a href=\"http:\/\/www.gopsolesno.pl\/?page_id=115\">AKTUALNO\u015aCI<\/a><\/li>\n<li class=\"page_item page-item-1816\"><a href=\"http:\/\/www.gopsolesno.pl\/?page_id=1816\">Asystent osobisty osoby z niepe\u0142nosprawno\u015bci\u0105 edycja 2025<\/a><\/li>\n<li class=\"page_item page-item-1691\"><a href=\"http:\/\/www.gopsolesno.pl\/?page_id=1691\">Asystent osobisty osoby z niepe\u0142nosprawno\u015bci\u0105\u201d \u2013 edycja 2024<\/a><\/li>\n<li class=\"page_item page-item-1720\"><a href=\"http:\/\/www.gopsolesno.pl\/?page_id=1720\">Bon energetyczny<\/a><\/li>\n<li class=\"page_item page-item-687\"><a href=\"http:\/\/www.gopsolesno.pl\/?page_id=687\">Deklaracja Dost\u0119pno\u015bci<\/a><\/li>\n<li class=\"page_item page-item-1182\"><a href=\"http:\/\/www.gopsolesno.pl\/?page_id=1182\">Dodatek do wynagrodzenia dla asystenta rodziny<\/a><\/li>\n<li class=\"page_item page-item-1191\"><a href=\"http:\/\/www.gopsolesno.pl\/?page_id=1191\">Dodatek Os\u0142onowy &#8211; edycja 2024r.<\/a><\/li>\n<li class=\"page_item page-item-866\"><a href=\"http:\/\/www.gopsolesno.pl\/?page_id=866\">Dofinansowanie utrzymania O\u015brodka Pomocy Spo\u0142ecznej<\/a><\/li>\n<li class=\"page_item page-item-1738\"><a href=\"http:\/\/www.gopsolesno.pl\/?page_id=1738\">Dofinansowanie wynagrodze\u0144 pracownik\u00f3w jednostek organizacyjnych pomocy spo\u0142ecznej w postaci dodatku motywacyjnego na lata 2024-2027<\/a><\/li>\n<li class=\"page_item page-item-1498\"><a href=\"http:\/\/www.gopsolesno.pl\/?page_id=1498\">Festyn<\/a><\/li>\n<li class=\"page_item page-item-93\"><a href=\"http:\/\/www.gopsolesno.pl\/?page_id=93\">FUNDUSZ ALIMENTACYJNY<\/a><\/li>\n<li class=\"page_item page-item-449\"><a href=\"http:\/\/www.gopsolesno.pl\/?page_id=449\">Gminny Program Przeciwdzia\u0142ania Przemocy w Rodzinie oraz Ochrony Ofiar w Rodzinie<\/a><\/li>\n<li class=\"page_item page-item-1095\"><a href=\"http:\/\/www.gopsolesno.pl\/?page_id=1095\">Klauzula informacyjna RODO<\/a><\/li>\n<li class=\"page_item page-item-1200\"><a href=\"http:\/\/www.gopsolesno.pl\/?page_id=1200\">Kryteria przyznawania pomocy<\/a><\/li>\n<li class=\"page_item page-item-937\"><a href=\"http:\/\/www.gopsolesno.pl\/?page_id=937\">Mapa strony<\/a><\/li>\n<li class=\"page_item page-item-117\"><a href=\"http:\/\/www.gopsolesno.pl\/?page_id=117\">O\u015aRODEK<\/a><\/li>\n<li class=\"page_item page-item-1174\"><a href=\"http:\/\/www.gopsolesno.pl\/?page_id=1174\">Plac\u00f3wka Wsparcia Dziennego<\/a><\/li>\n<li class=\"page_item page-item-1123\"><a href=\"http:\/\/www.gopsolesno.pl\/?page_id=1123\">Pomoc pa\u0144stwa w zakresie do\u017cywiania\/Posi\u0142ek w szkole i w domu<\/a><\/li>\n<li class=\"page_item page-item-88 page_item_has_children\"><a href=\"http:\/\/www.gopsolesno.pl\/?page_id=88\">POMOC SPO\u0141ECZNA<\/a>\n<ul class='children'>\n\t<li class=\"page_item page-item-153\"><a href=\"http:\/\/www.gopsolesno.pl\/?page_id=153\">INFORMACJE OG\u00d3LNE<\/a><\/li>\n\t<li class=\"page_item page-item-156 page_item_has_children\"><a href=\"http:\/\/www.gopsolesno.pl\/?page_id=156\">RODZAJE \u015aWIADCZE\u0143<\/a>\n\t<ul class='children'>\n\t\t<li class=\"page_item page-item-164\"><a href=\"http:\/\/www.gopsolesno.pl\/?page_id=164\">\u015aWIADCZENIA NIEPIENI\u0118\u017bNE<\/a><\/li>\n\t\t<li class=\"page_item page-item-162\"><a href=\"http:\/\/www.gopsolesno.pl\/?page_id=162\">\u015aWIADCZENIA PIENI\u0118\u017bNE<\/a><\/li>\n\t<\/ul>\n<\/li>\n\t<li class=\"page_item page-item-172\"><a href=\"http:\/\/www.gopsolesno.pl\/?page_id=172\">WZORY DRUK\u00d3W<\/a><\/li>\n\t<li class=\"page_item page-item-168\"><a href=\"http:\/\/www.gopsolesno.pl\/?page_id=168\">ZASADY POST\u0118POWANIA W SPRAWACH PRZYZNANIA \u015aWIADCZE\u0143 Z POMOCY SPO\u0141ECZNEJ<\/a><\/li>\n<\/ul>\n<\/li>\n<li class=\"page_item page-item-1709\"><a href=\"http:\/\/www.gopsolesno.pl\/?page_id=1709\">Program Fundusze Europejskie na Pomoc \u017bywno\u015bciow\u0105 2021-2027<\/a><\/li>\n<li class=\"page_item page-item-436\"><a href=\"http:\/\/www.gopsolesno.pl\/?page_id=436\">Program Operacyjny Pomoc \u017bywno\u015bciowa 2014-2020<\/a><\/li>\n<li class=\"page_item page-item-1686\"><a href=\"http:\/\/www.gopsolesno.pl\/?page_id=1686\">Program Opieka Wytchnieniowa dla Jednostek Samorz\u0105du Terytorialnego &#8211; edycja 2024<\/a><\/li>\n<li class=\"page_item page-item-856\"><a href=\"http:\/\/www.gopsolesno.pl\/?page_id=856\">Programy realizowane ze \u015brodk\u00f3w bud\u017cetu pa\u0144stwa lub pa\u0144stwowych funduszy celowych<\/a><\/li>\n<li class=\"page_item page-item-100\"><a href=\"http:\/\/www.gopsolesno.pl\/?page_id=100\">PRZECIWDZIA\u0141ANIE PRZEMOCY DOMOWEJ<\/a><\/li>\n<li class=\"page_item page-item-1110\"><a href=\"http:\/\/www.gopsolesno.pl\/?page_id=1110\">Rozw\u00f3j pomocy spo\u0142ecznej<\/a><\/li>\n<li class=\"page_item page-item-105\"><a href=\"http:\/\/www.gopsolesno.pl\/?page_id=105\">RZ\u0104DOWY PROGRAM DLA RODZIN WIELODZIETNYCH &#8211; KARTA DU\u017bEJ RODZINY<\/a><\/li>\n<li class=\"page_item page-item-1747\"><a href=\"http:\/\/www.gopsolesno.pl\/?page_id=1747\">Rz\u0105dowy Program Przeciwdzia\u0142ania Przemocy Domowej na lata 2024-2030<\/a><\/li>\n<li class=\"page_item page-item-1752\"><a href=\"http:\/\/www.gopsolesno.pl\/?page_id=1752\">Standardy ochrony ma\u0142oletnich<\/a><\/li>\n<li class=\"page_item page-item-1729\"><a href=\"http:\/\/www.gopsolesno.pl\/?page_id=1729\">Stypendia<\/a><\/li>\n<li class=\"page_item page-item-121 page_item_has_children\"><a href=\"http:\/\/www.gopsolesno.pl\/?page_id=121\">\u015aWIADCZENIA RODZINNE<\/a>\n<ul class='children'>\n\t<li class=\"page_item page-item-226\"><a href=\"http:\/\/www.gopsolesno.pl\/?page_id=226\">INFORMACJE DOTYCZ\u0104CE \u015aWIADCZE\u0143 RODZINNYCH<\/a><\/li>\n<\/ul>\n<\/li>\n<li class=\"page_item page-item-128\"><a href=\"http:\/\/www.gopsolesno.pl\/?page_id=128\">\u015aWIADCZENIE WYCHOWAWCZE &#8211; RODZINA 800 plus<\/a><\/li>\n<li class=\"page_item page-item-476\"><a href=\"http:\/\/www.gopsolesno.pl\/?page_id=476\">\u015awiadczenie \u201eDobry Start\u201d<\/a><\/li>\n<li class=\"page_item page-item-111\"><a href=\"http:\/\/www.gopsolesno.pl\/?page_id=111\">WSPIERANIE RODZINY I SYSTEM PIECZY ZAST\u0118PCZEJ<\/a><\/li>\n<li class=\"page_item page-item-633\"><a href=\"http:\/\/www.gopsolesno.pl\/?page_id=633\">Wzory wniosk\u00f3w o \u015bwiadczenia dla rodzin<\/a><\/li>\n<li class=\"page_item page-item-1219\"><a href=\"http:\/\/www.gopsolesno.pl\/?page_id=1219\">Zabawy i zaj\u0119cia<\/a><\/li>\n<\/ul>\n<h2 class=\"wsp-posts-title\">Posts by category<\/h2>\n<ul class=\"wsp-posts-list\">\n\t<li><strong class=\"wsp-category-title\">Category: <a href=\"http:\/\/www.gopsolesno.pl\/?cat=2\">Aktualno\u015bci<\/a><\/strong>\n<ul class=\"wsp-posts-list\">\t\t<li class=\"wsp-post\"><a href=\"http:\/\/www.gopsolesno.pl\/?p=1759\">Og\u0142oszenie o naborze wniosk\u00f3w w ramach \u00a0Programu \u201eOpieka wytchnieniowa\u201d 2025<\/a><\/li>\n\t\t<li class=\"wsp-post\"><a href=\"http:\/\/www.gopsolesno.pl\/?p=1617\">Rozeznanie rynku.<\/a><\/li>\n\t\t<li class=\"wsp-post\"><a href=\"http:\/\/www.gopsolesno.pl\/?p=1463\">Kierownik Gminnego O\u015brodka Pomocy Spo\u0142ecznej w Ole\u015bnie og\u0142asza nab\u00f3r na stanowisko asystenta rodziny.<\/a><\/li>\n\t\t<li class=\"wsp-post\"><a href=\"http:\/\/www.gopsolesno.pl\/?p=1459\">Kierownik Gminnego O\u015brodka Pomocy Spo\u0142ecznej w Ole\u015bnie og\u0142asza nab\u00f3r na stanowisko opiekunki \u015brodowiskowej<\/a><\/li>\n\t\t<li class=\"wsp-post\"><a href=\"http:\/\/www.gopsolesno.pl\/?p=1409\">Wzory wniosk\u00f3w o \u015bwiadczenia dla rodzin do stosowania na obecny i kolejny okres 2023\/2024<\/a><\/li>\n\t\t<li class=\"wsp-post\"><a href=\"http:\/\/www.gopsolesno.pl\/?p=1066\">Og\u0142oszenie o naborze \u2014 rodziny wspieraj\u0105ce<\/a><\/li>\n\t\t<li class=\"wsp-post\"><a href=\"http:\/\/www.gopsolesno.pl\/?p=539\">Zapytanie ofertowe na \u015bwiadczenie us\u0142ug schronienia dla os\u00f3b bezdomnych \u2013 schroniska<\/a><\/li>\n\t\t<li class=\"wsp-post\"><a href=\"http:\/\/www.gopsolesno.pl\/?p=512\">Klauzula informacyjna o przetwarzaniu danych osobowych<\/a><\/li>\n\t\t<li class=\"wsp-post\"><a href=\"http:\/\/www.gopsolesno.pl\/?p=488\">Zapytanie ofertowe na \u015bwiadczenie us\u0142ug dla os\u00f3b bezdomnych<\/a><\/li>\n\t\t<li class=\"wsp-post\"><a href=\"http:\/\/www.gopsolesno.pl\/?p=479\">\u015awiadczenie &#8222;Dobry Start&#8221;<\/a><\/li>\n\t\t<li class=\"wsp-post\"><a href=\"http:\/\/www.gopsolesno.pl\/?p=460\">Informacja Ma\u0142opolskiego Urz\u0119du Wojew\u00f3dzkiego w Krakowie<\/a><\/li>\n\t\t<li class=\"wsp-post\"><a href=\"http:\/\/www.gopsolesno.pl\/?p=443\">Komunikat w sprawie wzor\u00f3w wniosk\u00f3w o \u015bwiadczenia dla rodzin &#8211; zmiany od 1 sierpnia 2017 r.<\/a><\/li>\n\t\t<li class=\"wsp-post\"><a href=\"http:\/\/www.gopsolesno.pl\/?p=421\">Og\u0142oszenie o naborze na stanowisko asystenta rodziny<\/a><\/li>\n<\/ul><\/li>\n\t<li><strong class=\"wsp-category-title\">Category: <a href=\"http:\/\/www.gopsolesno.pl\/?cat=1\">Bez kategorii<\/a><\/strong>\n<ul class=\"wsp-posts-list\">\t\t<li class=\"wsp-post\"><a href=\"http:\/\/www.gopsolesno.pl\/?p=1929\">Informacja<\/a><\/li>\n\t\t<li class=\"wsp-post\"><a href=\"http:\/\/www.gopsolesno.pl\/?p=1913\">Projekt socjalny ,,Reaguj-nie ignoruj\u201d<\/a><\/li>\n\t\t<li class=\"wsp-post\"><a href=\"http:\/\/www.gopsolesno.pl\/?p=1900\">Pomoc \u017bywno\u015bciowa &#8211; Informacja<\/a><\/li>\n\t\t<li class=\"wsp-post\"><a href=\"http:\/\/www.gopsolesno.pl\/?p=1872\">KAMPANIA SPO\u0141ECZNA<\/a><\/li>\n\t\t<li class=\"wsp-post\"><a href=\"http:\/\/www.gopsolesno.pl\/?p=1843\">Informacja<\/a><\/li>\n\t\t<li class=\"wsp-post\"><a href=\"http:\/\/www.gopsolesno.pl\/?p=1840\">Projekt socjalny &#8222;Reaguj-nie ignoruj&#8221;<\/a><\/li>\n\t\t<li class=\"wsp-post\"><a href=\"http:\/\/www.gopsolesno.pl\/?p=1836\">Projekt Socjalny &#8222;Skutecznie wobec Przemocy Domowej&#8221;<\/a><\/li>\n\t\t<li class=\"wsp-post\"><a href=\"http:\/\/www.gopsolesno.pl\/?p=1822\">Projekt socjalny \u201eReaguj &#8211; nie ignoruj!\u201d<\/a><\/li>\n\t\t<li class=\"wsp-post\"><a href=\"http:\/\/www.gopsolesno.pl\/?p=1814\">Projekt socjalny \u201eSKUTECZNIE WOBEC PRZEMOCY\u201d<\/a><\/li>\n\t\t<li class=\"wsp-post\"><a href=\"http:\/\/www.gopsolesno.pl\/?p=1812\">Og\u0142oszenie o naborze na stanowisko asystenta osobistego osoby z niepe\u0142nosprawno\u015bci\u0105<\/a><\/li>\n\t\t<li class=\"wsp-post\"><a href=\"http:\/\/www.gopsolesno.pl\/?p=1809\">INFORMACJA<\/a><\/li>\n\t\t<li class=\"wsp-post\"><a href=\"http:\/\/www.gopsolesno.pl\/?p=1799\">ROZPOCZ\u0118CIE REKRUTACJI DO PROJEKTU<\/a><\/li>\n\t\t<li class=\"wsp-post\"><a href=\"http:\/\/www.gopsolesno.pl\/?p=1768\">Nab\u00f3r wniosk\u00f3w do programu Asystent Osobisty Osoby z Niepe\u0142nosprawno\u015bci\u0105 \u2013 edycja 2025<\/a><\/li>\n\t\t<li class=\"wsp-post\"><a href=\"http:\/\/www.gopsolesno.pl\/?p=1762\">Informacja<\/a><\/li>\n\t\t<li class=\"wsp-post\"><a href=\"http:\/\/www.gopsolesno.pl\/?p=1743\">Informacja<\/a><\/li>\n\t\t<li class=\"wsp-post\"><a href=\"http:\/\/www.gopsolesno.pl\/?p=1735\">Informacja<\/a><\/li>\n\t\t<li class=\"wsp-post\"><a href=\"http:\/\/www.gopsolesno.pl\/?p=1732\">Informacja<\/a><\/li>\n\t\t<li class=\"wsp-post\"><a href=\"http:\/\/www.gopsolesno.pl\/?p=1723\">Program \u201dAsystent osobisty osoby z niepe\u0142nosprawno\u015bci\u0105\u201d &#8211; edycja 2025<\/a><\/li>\n\t\t<li class=\"wsp-post\"><a href=\"http:\/\/www.gopsolesno.pl\/?p=1704\">Informacja<\/a><\/li>\n\t\t<li class=\"wsp-post\"><a href=\"http:\/\/www.gopsolesno.pl\/?p=1700\">Zak\u0142ad\u00a0Aktywno\u015bci\u00a0Zawodowej\u00a0-poszukuje\u00a0pracownik\u00f3w<\/a><\/li>\n\t\t<li class=\"wsp-post\"><a href=\"http:\/\/www.gopsolesno.pl\/?p=1683\">Post\u0119powanie o udzielenie zam\u00f3wienia publicznego<\/a><\/li>\n\t\t<li class=\"wsp-post\"><a href=\"http:\/\/www.gopsolesno.pl\/?p=1680\">INFORMACJA<\/a><\/li>\n\t\t<li class=\"wsp-post\"><a href=\"http:\/\/www.gopsolesno.pl\/?p=1666\">Og\u0142oszenie<\/a><\/li>\n\t\t<li class=\"wsp-post\"><a href=\"http:\/\/www.gopsolesno.pl\/?p=1650\">PoGodno\u015b\u0107 (o)ZNAKI (prze)MOCY<\/a><\/li>\n\t\t<li class=\"wsp-post\"><a href=\"http:\/\/www.gopsolesno.pl\/?p=1646\">Informacja<\/a><\/li>\n\t\t<li class=\"wsp-post\"><a href=\"http:\/\/www.gopsolesno.pl\/?p=1639\">Program &#8222;Opieka wytchnieniowa&#8221; dla Jednostek Samorz\u0105du Terytorialnego \u2013 edycja 2024.<\/a><\/li>\n\t\t<li class=\"wsp-post\"><a href=\"http:\/\/www.gopsolesno.pl\/?p=1636\">Og\u0142oszenie o naborze na stanowisko opiekunki \u015brodowiskowej<\/a><\/li>\n\t\t<li class=\"wsp-post\"><a href=\"http:\/\/www.gopsolesno.pl\/?p=1632\">Zaproszenie na Festyn Rodzinny<\/a><\/li>\n\t\t<li class=\"wsp-post\"><a href=\"http:\/\/www.gopsolesno.pl\/?p=1629\">Nab\u00f3r na stanowisko wychowawcy w plac\u00f3wce wsparcia dziennego \u201eDla dobra dzieci \u2013 utworzenie plac\u00f3wki opieku\u0144czo-specjalistycznej w Gminie Olesno\u201d<\/a><\/li>\n\t\t<li class=\"wsp-post\"><a href=\"http:\/\/www.gopsolesno.pl\/?p=1627\">Og\u0142oszenie o naborze na asystenta rodziny<\/a><\/li>\n\t\t<li class=\"wsp-post\"><a href=\"http:\/\/www.gopsolesno.pl\/?p=1625\">Rozeznanie rynku &#8211; dostawa papieru ksero A4<\/a><\/li>\n\t\t<li class=\"wsp-post\"><a href=\"http:\/\/www.gopsolesno.pl\/?p=1623\">Program &#8221; Asystent osobisty osoby z niepe\u0142nosprawno\u015bci\u0105&#8221; edycja 2024<\/a><\/li>\n\t\t<li class=\"wsp-post\"><a href=\"http:\/\/www.gopsolesno.pl\/?p=1621\">Og\u0142oszenie o naborze na stanowisko opiekunki \u015brodowiskowej<\/a><\/li>\n\t\t<li class=\"wsp-post\"><a href=\"http:\/\/www.gopsolesno.pl\/?p=1619\"><\/a><\/li>\n\t\t<li class=\"wsp-post\"><a href=\"http:\/\/www.gopsolesno.pl\/?p=1402\">Og\u0142oszenie o naborze na stanowisko opiekunki \u015brodowiskowej<\/a><\/li>\n\t\t<li class=\"wsp-post\"><a href=\"http:\/\/www.gopsolesno.pl\/?p=1397\">Informacja PCPR<\/a><\/li>\n\t\t<li class=\"wsp-post\"><a href=\"http:\/\/www.gopsolesno.pl\/?p=1395\">TYDZIE\u0143 POMOCY OSOBOM POKRZYWDZONYCH PRZEST\u0118PSTWEM<\/a><\/li>\n\t\t<li class=\"wsp-post\"><a href=\"http:\/\/www.gopsolesno.pl\/?p=1393\">UWAGA<\/a><\/li>\n\t\t<li class=\"wsp-post\"><a href=\"http:\/\/www.gopsolesno.pl\/?p=1380\">Informacja<\/a><\/li>\n\t\t<li class=\"wsp-post\"><a href=\"http:\/\/www.gopsolesno.pl\/?p=1378\">Informacja<\/a><\/li>\n\t\t<li class=\"wsp-post\"><a href=\"http:\/\/www.gopsolesno.pl\/?p=1373\">Og\u0142oszenie o naborze na asystenta rodziny<\/a><\/li>\n\t\t<li class=\"wsp-post\"><a href=\"http:\/\/www.gopsolesno.pl\/?p=1371\">ZAPYTANIE OFERTOWE<\/a><\/li>\n\t\t<li class=\"wsp-post\"><a href=\"http:\/\/www.gopsolesno.pl\/?p=1369\">Og\u0142oszenie Gminnego O\u015brodka Pomocy Spo\u0142ecznej<\/a><\/li>\n\t\t<li class=\"wsp-post\"><a href=\"http:\/\/www.gopsolesno.pl\/?p=1361\">Informacja<\/a><\/li>\n\t\t<li class=\"wsp-post\"><a href=\"http:\/\/www.gopsolesno.pl\/?p=1356\">Og\u0142oszenie o naborze na asystenta rodziny<\/a><\/li>\n\t\t<li class=\"wsp-post\"><a href=\"http:\/\/www.gopsolesno.pl\/?p=1212\">Nab\u00f3r na stanowisko wychowawcy w plac\u00f3wce wsparcia dziennego \u201eDla dobra dzieci \u2013 utworzenie plac\u00f3wki opieku\u0144czo-specjalistycznej w Gminie Olesno\u201d<\/a><\/li>\n\t\t<li class=\"wsp-post\"><a href=\"http:\/\/www.gopsolesno.pl\/?p=1209\">Wynik naboru na wolne stanowisko urz\u0119dnicze: G\u0142\u00f3wny Ksi\u0119gowy w Gminny O\u015brodku Pomocy Spo\u0142ecznej w Ole\u015bnie<\/a><\/li>\n\t\t<li class=\"wsp-post\"><a href=\"http:\/\/www.gopsolesno.pl\/?p=1203\">Nab\u00f3r na wolne stanowisko urz\u0119dnicze: G\u0142\u00f3wny Ksi\u0119gowy w Gminny O\u015brodku Pomocy Spo\u0142ecznej w Ole\u015bnie<\/a><\/li>\n\t\t<li class=\"wsp-post\"><a href=\"http:\/\/www.gopsolesno.pl\/?p=1189\">W dniu 07-01-2022r. GOPS w Ole\u015bnie b\u0119dzie zamkni\u0119ty.<\/a><\/li>\n\t\t<li class=\"wsp-post\"><a href=\"http:\/\/www.gopsolesno.pl\/?p=1186\">Dnia 24-12-2021r. GOPS w Ole\u015bnie b\u0119dzie zamkni\u0119ty<\/a><\/li>\n\t\t<li class=\"wsp-post\"><a href=\"http:\/\/www.gopsolesno.pl\/?p=1153\">Kompleksowa pomoc rodzinie z problemem przemocy<\/a><\/li>\n\t\t<li class=\"wsp-post\"><a href=\"http:\/\/www.gopsolesno.pl\/?p=878\">\u015awiadczenie us\u0142ug cateringowych &#8211; zapytania ofertowe<\/a><\/li>\n\t\t<li class=\"wsp-post\"><a href=\"http:\/\/www.gopsolesno.pl\/?p=873\">Informacja<\/a><\/li>\n\t\t<li class=\"wsp-post\"><a href=\"http:\/\/www.gopsolesno.pl\/?p=852\">INFORMACJA &#8211; pomoc w formie produkt\u00f3w \u017cywno\u015bciowych<\/a><\/li>\n\t\t<li class=\"wsp-post\"><a href=\"http:\/\/www.gopsolesno.pl\/?p=830\">Zaj\u0119cia w Plac\u00f3wce opieku\u0144czo \u2013 specjalistycznej w Gminie Olesno<\/a><\/li>\n\t\t<li class=\"wsp-post\"><a href=\"http:\/\/www.gopsolesno.pl\/?p=825\">\u201eZ POWER-em w samozatrudnienie&#8221;<\/a><\/li>\n\t\t<li class=\"wsp-post\"><a href=\"http:\/\/www.gopsolesno.pl\/?p=822\">Narodowy Spis Powszechny 2021<\/a><\/li>\n\t\t<li class=\"wsp-post\"><a href=\"http:\/\/www.gopsolesno.pl\/?p=820\">Informacja 500+<\/a><\/li>\n\t\t<li class=\"wsp-post\"><a href=\"http:\/\/www.gopsolesno.pl\/?p=817\">Informacja Gminnego O\u015brodka Pomocy Spo\u0142ecznej<\/a><\/li>\n\t\t<li class=\"wsp-post\"><a href=\"http:\/\/www.gopsolesno.pl\/?p=801\">Otwarcie Plac\u00f3wki Opieku\u0144czo-Specjalistycznej w Gminie Olesno<\/a><\/li>\n\t\t<li class=\"wsp-post\"><a href=\"http:\/\/www.gopsolesno.pl\/?p=794\">Zapytanie ofertowe na \u015bwiadczenie us\u0142ug cateringowych<\/a><\/li>\n\t\t<li class=\"wsp-post\"><a href=\"http:\/\/www.gopsolesno.pl\/?p=779\">Rozeznanie rynku  na dostaw\u0119 sprz\u0119tu komputerowego oraz multimedialnego<\/a><\/li>\n\t\t<li class=\"wsp-post\"><a href=\"http:\/\/www.gopsolesno.pl\/?p=775\">Zapytanie ofertowe na \u015bwiadczenie us\u0142ug cateringowych-uniewa\u017cnione<\/a><\/li>\n\t\t<li class=\"wsp-post\"><a href=\"http:\/\/www.gopsolesno.pl\/?p=770\">Pro\u015bba o wycen\u0119 us\u0142ugi transportowej.<\/a><\/li>\n\t\t<li class=\"wsp-post\"><a href=\"http:\/\/www.gopsolesno.pl\/?p=766\">Informacja o wynikach naboru na stanowisko wychowawcy w plac\u00f3wce wsparcia dziennego \u201eDla dobra dzieci \u2013 utworzenie plac\u00f3wki opieku\u0144czo-specjalistycznej w Gminie Olesno\u201d<\/a><\/li>\n\t\t<li class=\"wsp-post\"><a href=\"http:\/\/www.gopsolesno.pl\/?p=759\">Wycena us\u0142ugi  na przygotowanie i przeprowadzenie zaj\u0119\u0107 dla dzieci i rodzic\u00f3w<\/a><\/li>\n\t\t<li class=\"wsp-post\"><a href=\"http:\/\/www.gopsolesno.pl\/?p=755\">Pro\u015bba o wycen\u0119 us\u0142ugi przygotowywania i dostarczania posi\u0142k\u00f3w \u2013 &#8222;podwieczorku&#8221; dla uczestnik\u00f3w Plac\u00f3wki Wsparcia Dziennego w Ole\u015bnie.<\/a><\/li>\n\t\t<li class=\"wsp-post\"><a href=\"http:\/\/www.gopsolesno.pl\/?p=752\">Informacja o wyniku naboru na wolne stanowisko urz\u0119dnicze ds. \u015bwiadcze\u0144 rodzinnych<\/a><\/li>\n\t\t<li class=\"wsp-post\"><a href=\"http:\/\/www.gopsolesno.pl\/?p=744\">Nab\u00f3r na stanowisko wychowawcy w plac\u00f3wce wsparcia dziennego \u201eDla dobra dzieci \u2013 utworzenie plac\u00f3wki opieku\u0144czo-specjalistycznej w Gminie Olesno\u201d<\/a><\/li>\n\t\t<li class=\"wsp-post\"><a href=\"http:\/\/www.gopsolesno.pl\/?p=740\">Informacja Komisji Rekrutacyjnej w sprawie naboru na wolne stanowisko ds. \u015bwiadcze\u0144 rodzinnych<\/a><\/li>\n\t\t<li class=\"wsp-post\"><a href=\"http:\/\/www.gopsolesno.pl\/?p=736\">Program Rz\u0105dowy \u201ePosi\u0142ek w szkole i w domu\u201d na lata 2019-2023<\/a><\/li>\n\t\t<li class=\"wsp-post\"><a href=\"http:\/\/www.gopsolesno.pl\/?p=725\">Rekrutacja dzieci i m\u0142odzie\u017cy do plac\u00f3wki &#8211; &#8222;Dla dobra dzieci&#8221;<\/a><\/li>\n\t\t<li class=\"wsp-post\"><a href=\"http:\/\/www.gopsolesno.pl\/?p=718\">Nab\u00f3r na wolne stanowisko ds. \u015bwiadcze\u0144 rodzinnych<\/a><\/li>\n\t\t<li class=\"wsp-post\"><a href=\"http:\/\/www.gopsolesno.pl\/?p=714\">Informacja w sprawie ustalenia dnia 24.12.2020r. dniem wolnym od pracy.<\/a><\/li>\n\t\t<li class=\"wsp-post\"><a href=\"http:\/\/www.gopsolesno.pl\/?p=710\">Informacja<\/a><\/li>\n\t\t<li class=\"wsp-post\"><a href=\"http:\/\/www.gopsolesno.pl\/?p=706\">Program \u201eWspieraj Seniora\u201d<\/a><\/li>\n\t\t<li class=\"wsp-post\"><a href=\"http:\/\/www.gopsolesno.pl\/?p=702\">Informacja o wyniku naboru na asystenta rodziny<\/a><\/li>\n\t\t<li class=\"wsp-post\"><a href=\"http:\/\/www.gopsolesno.pl\/?p=698\">Informacja o naborze na asystenta rodziny<\/a><\/li>\n\t\t<li class=\"wsp-post\"><a href=\"http:\/\/www.gopsolesno.pl\/?p=694\">Informacja odno\u015bnie wyniku naboru na asystenta rodziny<\/a><\/li>\n\t\t<li class=\"wsp-post\"><a href=\"http:\/\/www.gopsolesno.pl\/?p=691\">Nab\u00f3r na stanowisko &#8211; Asystent rodziny<\/a><\/li>\n\t\t<li class=\"wsp-post\"><a href=\"http:\/\/www.gopsolesno.pl\/?p=684\">Program korekcyjno-edukacyjny dla os\u00f3b stosuj\u0105cych przemoc w rodzinie<\/a><\/li>\n\t\t<li class=\"wsp-post\"><a href=\"http:\/\/www.gopsolesno.pl\/?p=677\">Mieszkanie chronione &#8211; Informacja<\/a><\/li>\n\t\t<li class=\"wsp-post\"><a href=\"http:\/\/www.gopsolesno.pl\/?p=662\">Wniosek o wydanie za\u015bwiadczenia<\/a><\/li>\n\t\t<li class=\"wsp-post\"><a href=\"http:\/\/www.gopsolesno.pl\/?p=645\">Dokument &#8211; zmiana konta do \u015bwiadcze\u0144<\/a><\/li>\n\t\t<li class=\"wsp-post\"><a href=\"http:\/\/www.gopsolesno.pl\/?p=641\">Komunikat<\/a><\/li>\n\t\t<li class=\"wsp-post\"><a href=\"http:\/\/www.gopsolesno.pl\/?p=637\">Komunikat dotycz\u0105cy pomocy dla os\u00f3b wy\u0142\u0105cznie samotnych, starszych, niepe\u0142nosprawnych.<\/a><\/li>\n\t\t<li class=\"wsp-post\"><a href=\"http:\/\/www.gopsolesno.pl\/?p=631\">Wzory wniosk\u00f3w o \u015bwiadczenia.<\/a><\/li>\n\t\t<li class=\"wsp-post\"><a href=\"http:\/\/www.gopsolesno.pl\/?p=627\">Zarz\u0105dzenie Kierownika Gminnego O\u015brodka Pomocy Spo\u0142ecznej<\/a><\/li>\n\t\t<li class=\"wsp-post\"><a href=\"http:\/\/www.gopsolesno.pl\/?p=624\">KOMUNIKAT &#8211; OBS\u0141UGA KLIENT\u00d3W<\/a><\/li>\n\t\t<li class=\"wsp-post\"><a href=\"http:\/\/www.gopsolesno.pl\/?p=621\">KORONAWIRUS &#8211; komunikat<\/a><\/li>\n\t\t<li class=\"wsp-post\"><a href=\"http:\/\/www.gopsolesno.pl\/?p=615\">KORONAWIRUS &#8211; informacja<\/a><\/li>\n\t\t<li class=\"wsp-post\"><a href=\"http:\/\/www.gopsolesno.pl\/?p=597\">&#8222;\u0141amiemy Bariery&#8221;<\/a><\/li>\n\t\t<li class=\"wsp-post\"><a href=\"http:\/\/www.gopsolesno.pl\/?p=591\">Og\u0142oszenie &#8211; Projekt &#8222;Z POWER -em w \u017cycie&#8221;<\/a><\/li>\n\t\t<li class=\"wsp-post\"><a href=\"http:\/\/www.gopsolesno.pl\/?p=586\">Informacja<\/a><\/li>\n\t\t<li class=\"wsp-post\"><a href=\"http:\/\/www.gopsolesno.pl\/?p=582\">Program Tele-Anio\u0142<\/a><\/li>\n\t\t<li class=\"wsp-post\"><a href=\"http:\/\/www.gopsolesno.pl\/?p=578\">Projekt &#8222;Proaktywni na plus&#8221;<\/a><\/li>\n\t\t<li class=\"wsp-post\"><a href=\"http:\/\/www.gopsolesno.pl\/?p=575\">Pomoc Osobom Niepe\u0142nosprawnym poszkodowanym w wyniku \u017cywio\u0142u.<\/a><\/li>\n\t\t<li class=\"wsp-post\"><a href=\"http:\/\/www.gopsolesno.pl\/?p=570\">Og\u0142oszenie o naborze na asystenta rodziny<\/a><\/li>\n\t\t<li class=\"wsp-post\"><a href=\"http:\/\/www.gopsolesno.pl\/?p=561\">INFORMACJA<\/a><\/li>\n\t\t<li class=\"wsp-post\"><a href=\"http:\/\/www.gopsolesno.pl\/?p=516\">Og\u0142oszenie o naborze &#8211; rodziny wspieraj\u0105ce<\/a><\/li>\n\t\t<li class=\"wsp-post\"><a href=\"http:\/\/www.gopsolesno.pl\/?p=508\">Og\u0142oszenie o wyborze oferty na \u015bwiadczenie us\u0142ug dla os\u00f3b bezdomnych<\/a><\/li>\n<\/ul><\/li>\n<\/ul>\n<\/div>\n","protected":false},"excerpt":{"rendered":"","protected":false},"author":1,"featured_media":0,"parent":0,"menu_order":0,"comment_status":"closed","ping_status":"closed","template":"","meta":{"footnotes":""},"class_list":["post-937","page","type-page","status-publish","hentry"],"_links":{"self":[{"href":"http:\/\/www.gopsolesno.pl\/index.php?rest_route=\/wp\/v2\/pages\/937","targetHints":{"allow":["GET"]}}],"collection":[{"href":"http:\/\/www.gopsolesno.pl\/index.php?rest_route=\/wp\/v2\/pages"}],"about":[{"href":"http:\/\/www.gopsolesno.pl\/index.php?rest_route=\/wp\/v2\/types\/page"}],"author":[{"embeddable":true,"href":"http:\/\/www.gopsolesno.pl\/index.php?rest_route=\/wp\/v2\/users\/1"}],"replies":[{"embeddable":true,"href":"http:\/\/www.gopsolesno.pl\/index.php?rest_route=%2Fwp%2Fv2%2Fcomments&post=937"}],"version-history":[{"count":2,"href":"http:\/\/www.gopsolesno.pl\/index.php?rest_route=\/wp\/v2\/pages\/937\/revisions"}],"predecessor-version":[{"id":946,"href":"http:\/\/www.gopsolesno.pl\/index.php?rest_route=\/wp\/v2\/pages\/937\/revisions\/946"}],"wp:attachment":[{"href":"http:\/\/www.gopsolesno.pl\/index.php?rest_route=%2Fwp%2Fv2%2Fmedia&parent=937"}],"curies":[{"name":"wp","href":"https:\/\/api.w.org\/{rel}","templated":true}]}}